{"id":200293,"date":"2021-03-23T08:58:13","date_gmt":"2021-03-23T07:58:13","guid":{"rendered":"https:\/\/positiveprints.com\/product\/sternbilder-fur-kinder\/"},"modified":"2026-04-18T09:12:57","modified_gmt":"2026-04-18T08:12:57","slug":"sternbilder-fur-kinder","status":"publish","type":"product","link":"https:\/\/positiveprints.com\/de-at\/produkt\/sternbilder-fur-kinder\/","title":{"rendered":"Der Tag, an dem du geboren wurdest"},"content":{"rendered":"<p>Auf der Suche nach dem perfekten Neugeborenengeschenk? &#8216;Day You Were Born Star Map&#8217; ist perfekt f\u00fcr diesen Anlass! Diese wundersch\u00f6ne Darstellung des Sternenhimmels wird passend zu diesem besonderen Moment nachgebildet.<\/p>\r\n\r\n<h2 class=\"grenB f24 cblue\" style=\"margin-top: 3rem\">Was ist eine &#8220;Tag, an dem du geboren wurdest&#8221;-Sternkarte?<\/h2>\r\n\r\n<p style=\"margin-top: 1rem\">Eine Sternenkarte ist eine sehr detaillierte Darstellung des Nachthimmels an einem bestimmten Datum deiner Wahl. Es ist, als w\u00fcrde man an diesem besonderen Tag in den Nachthimmel blicken, den Himmel genau so sehen, wie er war, und diesen Moment noch einmal erleben.<\/p>\r\n\r\n<p style=\"margin-top: 1rem\">Einige glauben, dass die Positionierung von Sternen und anderen Himmelsk\u00f6rpern das Leben hier auf der Erde beeinflusst. Bei bedeutsamen Anl\u00e4ssen, wie der Geburt eines Kindes, werden die Sterne, Planeten und der Himmel als in perfekter Harmonie angesehen. Es lohnt sich, diesen Moment f\u00fcr immer festzuhalten, denn es sind diese besonderen Ereignisse, die unseren Lebensweg bestimmen.<\/p>\r\n\r\n<p style=\"margin-top: 1rem\">Unabh\u00e4ngig davon, wie du den Einfluss des Himmels auf das Leben auf der Erde empfindest, sind benutzerdefinierte Poster mit Sternenkarten dazu gedacht, deine sch\u00f6nsten Momente des Lebens zu markieren. Sie sind sch\u00f6n und k\u00fcnstlerisch und eignen sich f\u00fcr die Pr\u00e4sentation in deinem Zuhause. Dar\u00fcber hinaus sind sie ausgezeichnete Geschenke f\u00fcr Familienmitglieder, deinen Ehepartner_in, deine Kinder oder andere Lieblingsmenschen.&#8221;<\/p>\r\n\r\n<h2 class=\"grenB f24 cblue\" style=\"margin-top: 3rem\">Ist unsere &#8216;Die Nacht, in der du geboren wurdest, Sternenkarte&#8217; korrekt?<\/h2>\r\n\r\n<p style=\"margin-top: 1rem\">Unser interaktiver Sternenkarten-Editor ist nicht nur zur Show. Es wird tats\u00e4chlich von einer ausgekl\u00fcgelten Technologie angetrieben, die Daten von den Hipparcos f\u00fcr die genaueste Nachbildung des Nachthimmels verwendet. Hipparcos war das erste Satelliten-Weltraumprojekt, das sich auf Astrometrie konzentrierte, die Messung der Position von Himmelsk\u00f6rpern am Himmel. Es hat Daten von mehr als 118.000 Sternen am Himmel gesammelt, was es uns erm\u00f6glicht, f\u00fcr unsere Kunden hochdetaillierte Sternenkarten zu erstellen.<\/p>\r\n\r\n<p style=\"margin-top: 1rem\">Wenn Sie bei Positive Prints ein Poster mit Sternenkarte bestellen, ist es die n\u00e4chstbeste M\u00f6glichkeit, in die Vergangenheit zu reisen, um in der Nacht der Geburt eines Kindes den Nachthimmel zu bestaunen.<\/p>\r\n\r\n<h2 class=\"grenB f24 cblue\" style=\"margin-top: 3rem\">Wie kann ich eine Sternkarte &#8220;Tag, an der du geboren wurdest&#8221; anpassen?<\/h2>\r\n\r\n<p style=\"margin-top: 1rem\">Du musst weder Astronomie noch Astrologie beherrschen, um so eine &#8220;Tag-an du geboren wurdest&#8221;-Sternkarte zu erstellen, noch musst du umfangreiche Recherchen betreiben haben, um herauszufinden, wie der Nachthimmel am Tag der Geburt des Kindes aussah. Bei Positive Prints haben wir alle R\u00e4tselraten aus der Gleichung genommen, damit k\u00fcnstlerische Sch\u00f6nheit gedeihen kann.<\/p>\r\n\r\n<p style=\"margin-top: 1rem\">Unser benutzerfreundlicher, intuitiver Sterneneditor f\u00fchrt dich durch drei einfache Schritte, um eine Sternenkarte zu erstellen. Mit unserem Creator-Tool schl\u00fcpfst du ie in die Rolle des Designers. W\u00e4hle einfach deine Kartenform, Farbkombination, Detailgenauigkeit und benutzerdefinierten Text aus. Bei jeder Auswahl oder \u00c4nderung kannst du zusehen, wie deine Karte zum Leben erweckt wird.<\/p>\r\n\r\n<p style=\"margin-top: 1rem\">W\u00e4hlen , ob du die Konstellationen, Konstellationsnamen, die Milchstra\u00dfe, Planeten und\/oder Planetennamen einschlie\u00dfen m\u00f6chtest. Du kannst den Detailgrad der Karte steuern, um genau das gew\u00fcnschte Bild zu erhalten.<\/p>\r\n\r\n<p style=\"margin-top: 1rem\">W\u00e4hlen Sie den Ort des Moments, den Sie mit einer Himmelskarte erfassen m\u00f6chten, zusammen mit Datum und Uhrzeit f\u00fcr eine m\u00f6glichst genaue Darstellung. F\u00fcgen Sie Textzeilen hinzu, um einem kleinen Menschen eine sentimentale Nachricht zu geben oder Ihren Moment in der Zeit zu beschriften.<\/p>\r\n\r\n<p style=\"margin-top: 1rem\">Sobald Sie die Anpassung der &#8216;Sternenkarte in der Nacht, in der Sie geboren wurden&#8217; abgeschlossen haben, k\u00f6nnen Sie ausw\u00e4hlen, wie Sie sie erhalten m\u00f6chten. Derzeit bietet Positive Prints die M\u00f6glichkeit, Ihr Poster zu drucken und an Sie zu senden, oder Sie k\u00f6nnen eine digitale Downloaddatei ausw\u00e4hlen und an einem Ort Ihrer Wahl drucken lassen (ideal f\u00fcr Last-Minute-Geschenkoptionen). Wir bieten auch Leinwand- und gerahmte Versionen an, die beide hochwertig sind und sich zum Verschenken eignen.<\/p>\r\n\r\n<h2 class=\"grenB f24 cblue\" style=\"margin-top: 3rem\">Am Tag deiner Geburt &#8211; Das sinnvollste Geschenk!<\/h2>\r\n\r\n<p style=\"margin-top: 1rem\">Unsere Kunden lieben die Himmelskarten von Positive Prints aus vielen Gr\u00fcnden, aber unsere h\u00e4ufigste Anfrage ist f\u00fcr Geschenkzwecke. Eine benutzerdefinierte Sternkarte ist ein beliebtes Geschenk. Vor allem f\u00fcr die Geburt eines Babys.<\/p>\r\n\r\n<p style=\"margin-top: 1rem\">Es ist ein pers\u00f6nliches Geschenk, das zeigt, dass Sie die Extrameile gegangen sind, um etwas Sch\u00f6nes f\u00fcr die wichtigsten Menschen aus deinem Leben zu schaffen.<\/p>\r\n\r\n<p style=\"margin-top: 1rem\">Wir laden dich ein, noch heute zu beginnen &#8211; probiere unseren intuitiven Sternen-Keator aus und erstelle in wenigen Minuten deine &#8220;Tag-an du geboren wurdest&#8221;-Sternkarte!<\/p>","protected":false},"excerpt":{"rendered":"<ul class=\"check-list\">\n<li>F\u00fcge Planeten, Sternbilder und die Milchstra\u00dfe hinzu<\/li>\n<li>Passe dein Kunstwerk in 3 einfachen Schritten an<\/li>\n<li>F\u00fcge einen aussagekr\u00e4ftigen personalisierten Text hinzu<\/li>\n<li>Sieh das Ergebnis sofort \u2013 die interaktive Vorschau erm\u00f6glicht dir, jedes Detail direkt anzupassen<\/li>\n<\/ul>\n","protected":false},"featured_media":1225797,"template":"","meta":[],"product_brand":[],"product_cat":[5248,9271,7762,7650,11359,7682,7810,8211,8002,5341,11204,11207,15841,4731,5265],"product_tag":[17453,17604,17584,17575,17559,17542,17527,17512,17497,17639,13305,17467,8445,13432,13316],"class_list":{"0":"post-200293","1":"product","2":"type-product","3":"status-publish","4":"has-post-thumbnail","6":"product_cat-babygeburtsgeschenke-de-at","7":"product_cat-bestsellers-label-de-at","8":"product_cat-geschenke-fur-deine-tochter-de-at","9":"product_cat-geschenke-fur-deinen-sohn-de-at","10":"product_cat-weihnachtsgeschenke-fur-die-kinder-de-at","11":"product_cat-geschenke-fur-wichtige-frauen-in-deinem-leben-de-at","12":"product_cat-geschenke-fur-frisch-gewordene-eltern-de-at","13":"product_cat-fur-ihn-de-at","14":"product_cat-geschenke-fur-manner-de-at","15":"product_cat-geburtstagsgeschenke-de-at","16":"product_cat-geburtstagsgeschenk-fur-frauen","17":"product_cat-geburtstagsgeschenk-fur-manner-de-at","18":"product_cat-shop-bestsellers-de-at","19":"product_cat-star-de-at-2","20":"product_cat-weihnachtsgeschenke-de-at","21":"product_tag-100-jahre-de-at","22":"product_tag-16-jahre-de-at","23":"product_tag-18-jahre","24":"product_tag-20-jahre-de-at","25":"product_tag-30-jahre-de-at","26":"product_tag-40-jahre-de-at","27":"product_tag-50-jahre-de-at","28":"product_tag-60-jahre-de-at","29":"product_tag-70-jahre-de-at","30":"product_tag-80-jahre","31":"product_tag-80-geburtstag","32":"product_tag-90-jahre-de-at","33":"product_tag-new-parents-de-at","34":"product_tag-weihnachtsgeschenk-fur-den-sohn-de-at","35":"product_tag-weihnachtsgeschenk-fur-die-tochter-de-at","37":"first","38":"instock","39":"sale","40":"taxable","41":"shipping-taxable","42":"purchasable","43":"product-type-variable"},"yoast_head":"<!-- This site is optimized with the Yoast SEO Premium plugin v27.2 (Yoast SEO v27.2) - https:\/\/yoast.com\/product\/yoast-seo-premium-wordpress\/ -->\n<title>Der Tag, an dem du geboren wurdest - Positive Prints<\/title>\n<meta name=\"description\" content=\"W\u00e4hle dein Design. W\u00e4hle eines unserer vordefinierten Designs oder spiele mit den Farben, um dein perfektes Kunstwerk zu erstellen.\" \/>\n<meta name=\"robots\" content=\"index, follow, max-snippet:-1, max-image-preview:large, max-video-preview:-1\" \/>\n<link rel=\"canonical\" href=\"https:\/\/positiveprints.com\/de-at\/produkt\/sternbilder-fur-kinder\/\" \/>\n<meta property=\"og:locale\" content=\"de_DE\" \/>\n<meta property=\"og:type\" content=\"article\" \/>\n<meta property=\"og:title\" content=\"Der Tag, an dem du geboren wurdest\" \/>\n<meta property=\"og:description\" content=\"F\u00fcge Planeten, Sternbilder und die Milchstra\u00dfe hinzu  Passe dein Kunstwerk in 3 einfachen Schritten an  F\u00fcge einen aussagekr\u00e4ftigen personalisierten Text hinzu  Sieh das Ergebnis sofort \u2013 die interaktive Vorschau erm\u00f6glicht dir, jedes Detail direkt anzupassen\" \/>\n<meta property=\"og:url\" content=\"https:\/\/positiveprints.com\/de-at\/produkt\/sternbilder-fur-kinder\/\" \/>\n<meta property=\"og:site_name\" content=\"Positive Prints\" \/>\n<meta property=\"article:publisher\" content=\"https:\/\/www.facebook.com\/positiveprintscom\" \/>\n<meta property=\"article:modified_time\" content=\"2026-04-18T08:12:57+00:00\" \/>\n<meta property=\"og:image\" content=\"https:\/\/positiveprints.com\/wp-content\/uploads\/2024\/10\/Packshot_DE_The-Day-You-Were-Born-product-image.webp\" \/>\n\t<meta property=\"og:image:width\" content=\"1450\" \/>\n\t<meta property=\"og:image:height\" content=\"1450\" \/>\n\t<meta property=\"og:image:type\" content=\"image\/webp\" \/>\n<meta name=\"twitter:card\" content=\"summary_large_image\" \/>\n<meta name=\"twitter:label1\" content=\"Gesch\u00e4tzte Lesezeit\" \/>\n\t<meta name=\"twitter:data1\" content=\"4 Minuten\" \/>\n<!-- \/ Yoast SEO Premium plugin. -->","yoast_head_json":{"title":"Der Tag, an dem du geboren wurdest - Positive Prints","description":"W\u00e4hle dein Design. W\u00e4hle eines unserer vordefinierten Designs oder spiele mit den Farben, um dein perfektes Kunstwerk zu erstellen.","robots":{"index":"index","follow":"follow","max-snippet":"max-snippet:-1","max-image-preview":"max-image-preview:large","max-video-preview":"max-video-preview:-1"},"canonical":"https:\/\/positiveprints.com\/de-at\/produkt\/sternbilder-fur-kinder\/","og_locale":"de_DE","og_type":"article","og_title":"Der Tag, an dem du geboren wurdest","og_description":"F\u00fcge Planeten, Sternbilder und die Milchstra\u00dfe hinzu  Passe dein Kunstwerk in 3 einfachen Schritten an  F\u00fcge einen aussagekr\u00e4ftigen personalisierten Text hinzu  Sieh das Ergebnis sofort \u2013 die interaktive Vorschau erm\u00f6glicht dir, jedes Detail direkt anzupassen","og_url":"https:\/\/positiveprints.com\/de-at\/produkt\/sternbilder-fur-kinder\/","og_site_name":"Positive Prints","article_publisher":"https:\/\/www.facebook.com\/positiveprintscom","article_modified_time":"2026-04-18T08:12:57+00:00","og_image":[{"width":1450,"height":1450,"url":"https:\/\/positiveprints.com\/wp-content\/uploads\/2024\/10\/Packshot_DE_The-Day-You-Were-Born-product-image.webp","type":"image\/webp"}],"twitter_card":"summary_large_image","twitter_misc":{"Gesch\u00e4tzte Lesezeit":"4 Minuten"},"schema":{"@context":"https:\/\/schema.org","@graph":[{"@type":["WebPage","ItemPage"],"@id":"https:\/\/positiveprints.com\/de-at\/produkt\/sternbilder-fur-kinder\/","url":"https:\/\/positiveprints.com\/de-at\/produkt\/sternbilder-fur-kinder\/","name":"Der Tag, an dem du geboren wurdest - Positive Prints","isPartOf":{"@id":"https:\/\/positiveprints.com\/de-at\/#website"},"primaryImageOfPage":{"@id":"https:\/\/positiveprints.com\/de-at\/produkt\/sternbilder-fur-kinder\/#primaryimage"},"image":{"@id":"https:\/\/positiveprints.com\/de-at\/produkt\/sternbilder-fur-kinder\/#primaryimage"},"thumbnailUrl":"https:\/\/positiveprints.com\/wp-content\/uploads\/2024\/10\/Packshot_DE_The-Day-You-Were-Born-product-image.webp","datePublished":"2021-03-23T07:58:13+00:00","dateModified":"2026-04-18T08:12:57+00:00","description":"W\u00e4hle dein Design. W\u00e4hle eines unserer vordefinierten Designs oder spiele mit den Farben, um dein perfektes Kunstwerk zu erstellen.","breadcrumb":{"@id":"https:\/\/positiveprints.com\/de-at\/produkt\/sternbilder-fur-kinder\/#breadcrumb"},"inLanguage":"de-AT","potentialAction":[{"@type":"ReadAction","target":["https:\/\/positiveprints.com\/de-at\/produkt\/sternbilder-fur-kinder\/"]}]},{"@type":"ImageObject","inLanguage":"de-AT","@id":"https:\/\/positiveprints.com\/de-at\/produkt\/sternbilder-fur-kinder\/#primaryimage","url":"https:\/\/positiveprints.com\/wp-content\/uploads\/2024\/10\/Packshot_DE_The-Day-You-Were-Born-product-image.webp","contentUrl":"https:\/\/positiveprints.com\/wp-content\/uploads\/2024\/10\/Packshot_DE_The-Day-You-Were-Born-product-image.webp","width":1450,"height":1450,"caption":"Packshot_DE_The Day You Were Born product image"},{"@type":"BreadcrumbList","@id":"https:\/\/positiveprints.com\/de-at\/produkt\/sternbilder-fur-kinder\/#breadcrumb","itemListElement":[{"@type":"ListItem","position":1,"name":"Home","item":"https:\/\/positiveprints.com\/de-at\/"},{"@type":"ListItem","position":2,"name":"Products","item":"https:\/\/positiveprints.com\/de-at\/shop\/"},{"@type":"ListItem","position":3,"name":"Der Tag, an dem du geboren wurdest"}]},{"@type":"WebSite","@id":"https:\/\/positiveprints.com\/de-at\/#website","url":"https:\/\/positiveprints.com\/de-at\/","name":"Positive Prints","description":"Amazing Custom Personalised Prints","publisher":{"@id":"https:\/\/positiveprints.com\/de-at\/#organization"},"potentialAction":[{"@type":"SearchAction","target":{"@type":"EntryPoint","urlTemplate":"https:\/\/positiveprints.com\/de-at\/?s={search_term_string}"},"query-input":{"@type":"PropertyValueSpecification","valueRequired":true,"valueName":"search_term_string"}}],"inLanguage":"de-AT"},{"@type":"Organization","@id":"https:\/\/positiveprints.com\/de-at\/#organization","name":"Positive Prints","alternateName":"Positive Prints","url":"https:\/\/positiveprints.com\/de-at\/","logo":{"@type":"ImageObject","inLanguage":"de-AT","@id":"https:\/\/positiveprints.com\/de-at\/#\/schema\/logo\/image\/","url":"https:\/\/positiveprints.com\/wp-content\/uploads\/2026\/03\/245815646_1337939713319158_5671353136411139666_n.png","contentUrl":"https:\/\/positiveprints.com\/wp-content\/uploads\/2026\/03\/245815646_1337939713319158_5671353136411139666_n.png","width":800,"height":800,"caption":"Positive Prints"},"image":{"@id":"https:\/\/positiveprints.com\/de-at\/#\/schema\/logo\/image\/"},"sameAs":["https:\/\/www.facebook.com\/positiveprintscom","https:\/\/www.instagram.com\/positiveprintscom\/","https:\/\/www.tiktok.com\/@positiveprintscom","https:\/\/www.pinterest.com\/positiveprintscom\/"]}]}},"jetpack_sharing_enabled":true,"_links":{"self":[{"href":"https:\/\/positiveprints.com\/de-at\/wp-json\/wp\/v2\/product\/200293","targetHints":{"allow":["GET"]}}],"collection":[{"href":"https:\/\/positiveprints.com\/de-at\/wp-json\/wp\/v2\/product"}],"about":[{"href":"https:\/\/positiveprints.com\/de-at\/wp-json\/wp\/v2\/types\/product"}],"wp:featuredmedia":[{"embeddable":true,"href":"https:\/\/positiveprints.com\/de-at\/wp-json\/wp\/v2\/media\/1225797"}],"wp:attachment":[{"href":"https:\/\/positiveprints.com\/de-at\/wp-json\/wp\/v2\/media?parent=200293"}],"wp:term":[{"taxonomy":"product_brand","embeddable":true,"href":"https:\/\/positiveprints.com\/de-at\/wp-json\/wp\/v2\/product_brand?post=200293"},{"taxonomy":"product_cat","embeddable":true,"href":"https:\/\/positiveprints.com\/de-at\/wp-json\/wp\/v2\/product_cat?post=200293"},{"taxonomy":"product_tag","embeddable":true,"href":"https:\/\/positiveprints.com\/de-at\/wp-json\/wp\/v2\/product_tag?post=200293"}],"curies":[{"name":"wp","href":"https:\/\/api.w.org\/{rel}","templated":true}]}}