{"id":1665832,"date":"2026-03-06T12:16:57","date_gmt":"2026-03-06T11:16:57","guid":{"rendered":"https:\/\/positiveprints.com\/?post_type=product&#038;p=1665832"},"modified":"2026-04-03T02:12:47","modified_gmt":"2026-04-03T01:12:47","slug":"collage-kunst-bester-boss","status":"publish","type":"product","link":"https:\/\/positiveprints.com\/de-at\/produkt\/collage-kunst-bester-boss\/","title":{"rendered":"Collage-Kunst: Bester Boss"},"content":{"rendered":"","protected":false},"excerpt":{"rendered":"<ul class=\"check-list\">\n<li>Lade eure Lieblingsfotos hoch, um jeden Buchstaben individuell zu gestalten<\/li>\n<li>F\u00fcge einen pers\u00f6nlichen Text hinzu<\/li>\n<li>Personalisiere dein Design in 3 einfachen Schritten<\/li>\n<li>Schau dir dein Design sofort in der interaktiven Vorschau an<\/li>\n<\/ul>\n","protected":false},"featured_media":1675672,"template":"","meta":[],"product_brand":[],"product_cat":[4906,11335,8820],"product_tag":[13220,13217,13226,13213,13222,13218],"class_list":{"0":"post-1665832","1":"product","2":"type-product","3":"status-publish","4":"has-post-thumbnail","6":"product_cat-alle-produkte-de-at","7":"product_cat-weihnachtsgeschenke-fur-die-kollegen-de-at","8":"product_cat-photo-letter-de-at","9":"product_tag-anerkennungsgeschenk-fur-einen-kollegen-de-at","10":"product_tag-dankeschon-geschenk-fur-einen-kollegen-de-at","11":"product_tag-geschenk-fur-einen-kollegen-de-at","12":"product_tag-geschenke-fur-kollegen-de-at","13":"product_tag-kollege-de-at","14":"product_tag-weihnachtsgeschenk-fuer-einen-kollegen","16":"first","17":"instock","18":"sale","19":"taxable","20":"shipping-taxable","21":"purchasable","22":"product-type-variable"},"yoast_head":"<!-- This site is optimized with the Yoast SEO Premium plugin v27.2 (Yoast SEO v27.2) - https:\/\/yoast.com\/product\/yoast-seo-premium-wordpress\/ -->\n<title>Collage-Kunst: Bester Boss - Positive Prints<\/title>\n<meta name=\"description\" content=\"Erstelle eine personalisierte Collage aus Team- und Arbeitserinnerungen, die F\u00fchrungsqualit\u00e4ten w\u00fcrdigt und ein aufmerksames Geschenk f\u00fcr den Chef:in darstellt, an dem er oder sie sich jeden Tag erfreuen kann.\" \/>\n<meta name=\"robots\" content=\"index, follow, max-snippet:-1, max-image-preview:large, max-video-preview:-1\" \/>\n<link rel=\"canonical\" href=\"https:\/\/positiveprints.com\/de-at\/produkt\/collage-kunst-bester-boss\/\" \/>\n<meta property=\"og:locale\" content=\"de_DE\" \/>\n<meta property=\"og:type\" content=\"article\" \/>\n<meta property=\"og:title\" content=\"Collage-Kunst: Bester Boss\" \/>\n<meta property=\"og:description\" content=\"Lade eure Lieblingsfotos hoch, um jeden Buchstaben individuell zu gestalten F\u00fcge einen pers\u00f6nlichen Text hinzu Personalisiere dein Design in 3 einfachen Schritten Schau dir dein Design sofort in der interaktiven Vorschau an\" \/>\n<meta property=\"og:url\" content=\"https:\/\/positiveprints.com\/de-at\/produkt\/collage-kunst-bester-boss\/\" \/>\n<meta property=\"og:site_name\" content=\"Positive Prints\" \/>\n<meta property=\"article:publisher\" content=\"https:\/\/www.facebook.com\/positiveprintscom\" \/>\n<meta property=\"article:modified_time\" content=\"2026-04-03T01:12:47+00:00\" \/>\n<meta property=\"og:image\" content=\"https:\/\/positiveprints.com\/wp-content\/uploads\/2026\/03\/Packshot_DE_XX-Collage-Kunst-Bester-Boss.webp\" \/>\n\t<meta property=\"og:image:width\" content=\"1450\" \/>\n\t<meta property=\"og:image:height\" content=\"1450\" \/>\n\t<meta property=\"og:image:type\" content=\"image\/webp\" \/>\n<meta name=\"twitter:card\" content=\"summary_large_image\" \/>\n<meta name=\"twitter:label1\" content=\"Gesch\u00e4tzte Lesezeit\" \/>\n\t<meta name=\"twitter:data1\" content=\"1 Minute\" \/>\n<!-- \/ Yoast SEO Premium plugin. -->","yoast_head_json":{"title":"Collage-Kunst: Bester Boss - Positive Prints","description":"Erstelle eine personalisierte Collage aus Team- und Arbeitserinnerungen, die F\u00fchrungsqualit\u00e4ten w\u00fcrdigt und ein aufmerksames Geschenk f\u00fcr den Chef:in darstellt, an dem er oder sie sich jeden Tag erfreuen kann.","robots":{"index":"index","follow":"follow","max-snippet":"max-snippet:-1","max-image-preview":"max-image-preview:large","max-video-preview":"max-video-preview:-1"},"canonical":"https:\/\/positiveprints.com\/de-at\/produkt\/collage-kunst-bester-boss\/","og_locale":"de_DE","og_type":"article","og_title":"Collage-Kunst: Bester Boss","og_description":"Lade eure Lieblingsfotos hoch, um jeden Buchstaben individuell zu gestalten F\u00fcge einen pers\u00f6nlichen Text hinzu Personalisiere dein Design in 3 einfachen Schritten Schau dir dein Design sofort in der interaktiven Vorschau an","og_url":"https:\/\/positiveprints.com\/de-at\/produkt\/collage-kunst-bester-boss\/","og_site_name":"Positive Prints","article_publisher":"https:\/\/www.facebook.com\/positiveprintscom","article_modified_time":"2026-04-03T01:12:47+00:00","og_image":[{"width":1450,"height":1450,"url":"https:\/\/positiveprints.com\/wp-content\/uploads\/2026\/03\/Packshot_DE_XX-Collage-Kunst-Bester-Boss.webp","type":"image\/webp"}],"twitter_card":"summary_large_image","twitter_misc":{"Gesch\u00e4tzte Lesezeit":"1 Minute"},"schema":{"@context":"https:\/\/schema.org","@graph":[{"@type":["WebPage","ItemPage"],"@id":"https:\/\/positiveprints.com\/de-at\/produkt\/collage-kunst-bester-boss\/","url":"https:\/\/positiveprints.com\/de-at\/produkt\/collage-kunst-bester-boss\/","name":"Collage-Kunst: Bester Boss - Positive Prints","isPartOf":{"@id":"https:\/\/positiveprints.com\/de-at\/#website"},"primaryImageOfPage":{"@id":"https:\/\/positiveprints.com\/de-at\/produkt\/collage-kunst-bester-boss\/#primaryimage"},"image":{"@id":"https:\/\/positiveprints.com\/de-at\/produkt\/collage-kunst-bester-boss\/#primaryimage"},"thumbnailUrl":"https:\/\/positiveprints.com\/wp-content\/uploads\/2026\/03\/Packshot_DE_XX-Collage-Kunst-Bester-Boss.webp","datePublished":"2026-03-06T11:16:57+00:00","dateModified":"2026-04-03T01:12:47+00:00","description":"Erstelle eine personalisierte Collage aus Team- und Arbeitserinnerungen, die F\u00fchrungsqualit\u00e4ten w\u00fcrdigt und ein aufmerksames Geschenk f\u00fcr den Chef:in darstellt, an dem er oder sie sich jeden Tag erfreuen kann.","breadcrumb":{"@id":"https:\/\/positiveprints.com\/de-at\/produkt\/collage-kunst-bester-boss\/#breadcrumb"},"inLanguage":"de-AT","potentialAction":[{"@type":"ReadAction","target":["https:\/\/positiveprints.com\/de-at\/produkt\/collage-kunst-bester-boss\/"]}]},{"@type":"ImageObject","inLanguage":"de-AT","@id":"https:\/\/positiveprints.com\/de-at\/produkt\/collage-kunst-bester-boss\/#primaryimage","url":"https:\/\/positiveprints.com\/wp-content\/uploads\/2026\/03\/Packshot_DE_XX-Collage-Kunst-Bester-Boss.webp","contentUrl":"https:\/\/positiveprints.com\/wp-content\/uploads\/2026\/03\/Packshot_DE_XX-Collage-Kunst-Bester-Boss.webp","width":1450,"height":1450},{"@type":"BreadcrumbList","@id":"https:\/\/positiveprints.com\/de-at\/produkt\/collage-kunst-bester-boss\/#breadcrumb","itemListElement":[{"@type":"ListItem","position":1,"name":"Home","item":"https:\/\/positiveprints.com\/de-at\/"},{"@type":"ListItem","position":2,"name":"Products","item":"https:\/\/positiveprints.com\/de-at\/shop\/"},{"@type":"ListItem","position":3,"name":"Collage-Kunst: Bester Boss"}]},{"@type":"WebSite","@id":"https:\/\/positiveprints.com\/de-at\/#website","url":"https:\/\/positiveprints.com\/de-at\/","name":"Positive Prints","description":"Amazing Custom Personalised Prints","publisher":{"@id":"https:\/\/positiveprints.com\/de-at\/#organization"},"potentialAction":[{"@type":"SearchAction","target":{"@type":"EntryPoint","urlTemplate":"https:\/\/positiveprints.com\/de-at\/?s={search_term_string}"},"query-input":{"@type":"PropertyValueSpecification","valueRequired":true,"valueName":"search_term_string"}}],"inLanguage":"de-AT"},{"@type":"Organization","@id":"https:\/\/positiveprints.com\/de-at\/#organization","name":"Positive Prints","alternateName":"Positive Prints","url":"https:\/\/positiveprints.com\/de-at\/","logo":{"@type":"ImageObject","inLanguage":"de-AT","@id":"https:\/\/positiveprints.com\/de-at\/#\/schema\/logo\/image\/","url":"https:\/\/positiveprints.com\/wp-content\/uploads\/2026\/03\/245815646_1337939713319158_5671353136411139666_n.png","contentUrl":"https:\/\/positiveprints.com\/wp-content\/uploads\/2026\/03\/245815646_1337939713319158_5671353136411139666_n.png","width":800,"height":800,"caption":"Positive Prints"},"image":{"@id":"https:\/\/positiveprints.com\/de-at\/#\/schema\/logo\/image\/"},"sameAs":["https:\/\/www.facebook.com\/positiveprintscom","https:\/\/www.instagram.com\/positiveprintscom\/","https:\/\/www.tiktok.com\/@positiveprintscom","https:\/\/www.pinterest.com\/positiveprintscom\/"]}]}},"jetpack_sharing_enabled":true,"_links":{"self":[{"href":"https:\/\/positiveprints.com\/de-at\/wp-json\/wp\/v2\/product\/1665832","targetHints":{"allow":["GET"]}}],"collection":[{"href":"https:\/\/positiveprints.com\/de-at\/wp-json\/wp\/v2\/product"}],"about":[{"href":"https:\/\/positiveprints.com\/de-at\/wp-json\/wp\/v2\/types\/product"}],"wp:featuredmedia":[{"embeddable":true,"href":"https:\/\/positiveprints.com\/de-at\/wp-json\/wp\/v2\/media\/1675672"}],"wp:attachment":[{"href":"https:\/\/positiveprints.com\/de-at\/wp-json\/wp\/v2\/media?parent=1665832"}],"wp:term":[{"taxonomy":"product_brand","embeddable":true,"href":"https:\/\/positiveprints.com\/de-at\/wp-json\/wp\/v2\/product_brand?post=1665832"},{"taxonomy":"product_cat","embeddable":true,"href":"https:\/\/positiveprints.com\/de-at\/wp-json\/wp\/v2\/product_cat?post=1665832"},{"taxonomy":"product_tag","embeddable":true,"href":"https:\/\/positiveprints.com\/de-at\/wp-json\/wp\/v2\/product_tag?post=1665832"}],"curies":[{"name":"wp","href":"https:\/\/api.w.org\/{rel}","templated":true}]}}