{"id":1665727,"date":"2026-03-06T11:08:14","date_gmt":"2026-03-06T10:08:14","guid":{"rendered":"https:\/\/positiveprints.com\/?post_type=product&#038;p=1665727"},"modified":"2026-04-28T13:05:37","modified_gmt":"2026-04-28T12:05:37","slug":"fuer-immer-collage-kunst","status":"publish","type":"product","link":"https:\/\/positiveprints.com\/de-at\/produkt\/fuer-immer-collage-kunst\/","title":{"rendered":"F\u00dcR IMMER: Collage-Kunst"},"content":{"rendered":"","protected":false},"excerpt":{"rendered":"<ul class=\"check-list\">\n<li>Lade eure Lieblingsfotos hoch, um jeden Buchstaben individuell zu gestalten<\/li>\n<li>F\u00fcge einen pers\u00f6nlichen Text hinzu<\/li>\n<li>Personalisiere dein Design in 3 einfachen Schritten<\/li>\n<li>Schau dir dein Design sofort in der interaktiven Vorschau an<\/li>\n<\/ul>\n","protected":false},"featured_media":1682213,"template":"","meta":[],"product_brand":[],"product_cat":[8820,4906,5324,11170,11164,11167,5289,5308,11350,11354,11372,11356,7635,7746,5316,11234,11237],"product_tag":[14784,14782,14786,14785,14780,14781,14787,14788,14789,14790,14142,14792,14777,14778,14779,14796,14793,14794,14783],"class_list":{"0":"post-1665727","1":"product","2":"type-product","3":"status-publish","4":"has-post-thumbnail","6":"product_cat-photo-letter-de-at","7":"product_cat-alle-produkte-de-at","8":"product_cat-jubilaumsgeschenke-de-at","9":"product_cat-jahrestag-geschenk-fur-paare-de-at","10":"product_cat-jahrestag-geschenke-fur-sie-de-at","11":"product_cat-jahrestag-geschenk-fur-ihn-de-at","12":"product_cat-verlobungsgeschenke","13":"product_cat-hochzeitsgeschenke-de-at","14":"product_cat-weihnachtsgeschenke-fur-frauen-de-at","15":"product_cat-weihnachtsgeschenke-fur-manner-de-at","16":"product_cat-weihnachtsgeschenke-fur-die-frau-de-at","17":"product_cat-weihnachtsgeschenke-fur-den-ehemann-de-at","18":"product_cat-geschenke-fur-deinen-ehemann-de-at","19":"product_cat-geschenke-fur-deine-ehefrau-de-at","20":"product_cat-geschenke-zum-valentinstag","21":"product_cat-valentinstagsgeschenke-fur-frauen-de-at","22":"product_cat-valentinstagsgeschenke-fur-manner-de-at","23":"product_tag-anniversary-de-at","24":"product_tag-anniversary-gift-de-at","25":"product_tag-anniversary-gifts-de-at","26":"product_tag-anniversary-present-de-at","27":"product_tag-couple-gift-de-at-2","28":"product_tag-gift-for-couple-de-at","29":"product_tag-love-de-at","30":"product_tag-love-gift-de-at","31":"product_tag-personalized-gift-de-at","32":"product_tag-romantic-gifts-de-at","33":"product_tag-romantisches-geschenk-de-at","34":"product_tag-sentimental-gift-de-at","35":"product_tag-special-occasion-de-at","36":"product_tag-thoughtful-gift-de-at","37":"product_tag-unique-gift-de-at","38":"product_tag-valentines-day-gifts-de-at","39":"product_tag-valentines-day-de-at","40":"product_tag-valentines-day-gift-de-at","41":"product_tag-wedding-anniversary-de-at","43":"first","44":"instock","45":"sale","46":"taxable","47":"shipping-taxable","48":"purchasable","49":"product-type-variable"},"yoast_head":"<!-- This site is optimized with the Yoast SEO Premium plugin v27.2 (Yoast SEO v27.2) - https:\/\/yoast.com\/product\/yoast-seo-premium-wordpress\/ -->\n<title>F\u00dcR IMMER: Collage-Kunst - Positive Prints<\/title>\n<meta name=\"description\" content=\"Gestalte eine pers\u00f6nliche Collage aus euren sch\u00f6nsten gemeinsamen Fotos, die eure endlose Liebe feiert und ein romantisches Andenken schafft, das ihr f\u00fcr immer im Herzen halten werdet.\" \/>\n<meta name=\"robots\" content=\"index, follow, max-snippet:-1, max-image-preview:large, max-video-preview:-1\" \/>\n<link rel=\"canonical\" href=\"https:\/\/positiveprints.com\/de-at\/produkt\/fuer-immer-collage-kunst\/\" \/>\n<meta property=\"og:locale\" content=\"de_DE\" \/>\n<meta property=\"og:type\" content=\"article\" \/>\n<meta property=\"og:title\" content=\"F\u00dcR IMMER: Collage-Kunst\" \/>\n<meta property=\"og:description\" content=\"Lade eure Lieblingsfotos hoch, um jeden Buchstaben individuell zu gestalten F\u00fcge einen pers\u00f6nlichen Text hinzu Personalisiere dein Design in 3 einfachen Schritten Schau dir dein Design sofort in der interaktiven Vorschau an\" \/>\n<meta property=\"og:url\" content=\"https:\/\/positiveprints.com\/de-at\/produkt\/fuer-immer-collage-kunst\/\" \/>\n<meta property=\"og:site_name\" content=\"Positive Prints\" \/>\n<meta property=\"article:publisher\" content=\"https:\/\/www.facebook.com\/positiveprintscom\" \/>\n<meta property=\"article:modified_time\" content=\"2026-04-28T12:05:37+00:00\" \/>\n<meta property=\"og:image\" content=\"https:\/\/positiveprints.com\/wp-content\/uploads\/2026\/03\/Packshot_DE_XX-FUR-IMMER-Collage-Kunst.webp\" \/>\n\t<meta property=\"og:image:width\" content=\"1450\" \/>\n\t<meta property=\"og:image:height\" content=\"1450\" \/>\n\t<meta property=\"og:image:type\" content=\"image\/webp\" \/>\n<meta name=\"twitter:card\" content=\"summary_large_image\" \/>\n<!-- \/ Yoast SEO Premium plugin. -->","yoast_head_json":{"title":"F\u00dcR IMMER: Collage-Kunst - Positive Prints","description":"Gestalte eine pers\u00f6nliche Collage aus euren sch\u00f6nsten gemeinsamen Fotos, die eure endlose Liebe feiert und ein romantisches Andenken schafft, das ihr f\u00fcr immer im Herzen halten werdet.","robots":{"index":"index","follow":"follow","max-snippet":"max-snippet:-1","max-image-preview":"max-image-preview:large","max-video-preview":"max-video-preview:-1"},"canonical":"https:\/\/positiveprints.com\/de-at\/produkt\/fuer-immer-collage-kunst\/","og_locale":"de_DE","og_type":"article","og_title":"F\u00dcR IMMER: Collage-Kunst","og_description":"Lade eure Lieblingsfotos hoch, um jeden Buchstaben individuell zu gestalten F\u00fcge einen pers\u00f6nlichen Text hinzu Personalisiere dein Design in 3 einfachen Schritten Schau dir dein Design sofort in der interaktiven Vorschau an","og_url":"https:\/\/positiveprints.com\/de-at\/produkt\/fuer-immer-collage-kunst\/","og_site_name":"Positive Prints","article_publisher":"https:\/\/www.facebook.com\/positiveprintscom","article_modified_time":"2026-04-28T12:05:37+00:00","og_image":[{"width":1450,"height":1450,"url":"https:\/\/positiveprints.com\/wp-content\/uploads\/2026\/03\/Packshot_DE_XX-FUR-IMMER-Collage-Kunst.webp","type":"image\/webp"}],"twitter_card":"summary_large_image","schema":{"@context":"https:\/\/schema.org","@graph":[{"@type":["WebPage","ItemPage"],"@id":"https:\/\/positiveprints.com\/de-at\/produkt\/fuer-immer-collage-kunst\/","url":"https:\/\/positiveprints.com\/de-at\/produkt\/fuer-immer-collage-kunst\/","name":"F\u00dcR IMMER: Collage-Kunst - Positive Prints","isPartOf":{"@id":"https:\/\/positiveprints.com\/de-at\/#website"},"primaryImageOfPage":{"@id":"https:\/\/positiveprints.com\/de-at\/produkt\/fuer-immer-collage-kunst\/#primaryimage"},"image":{"@id":"https:\/\/positiveprints.com\/de-at\/produkt\/fuer-immer-collage-kunst\/#primaryimage"},"thumbnailUrl":"https:\/\/positiveprints.com\/wp-content\/uploads\/2026\/03\/Packshot_DE_XX-FUR-IMMER-Collage-Kunst.webp","datePublished":"2026-03-06T10:08:14+00:00","dateModified":"2026-04-28T12:05:37+00:00","description":"Gestalte eine pers\u00f6nliche Collage aus euren sch\u00f6nsten gemeinsamen Fotos, die eure endlose Liebe feiert und ein romantisches Andenken schafft, das ihr f\u00fcr immer im Herzen halten werdet.","breadcrumb":{"@id":"https:\/\/positiveprints.com\/de-at\/produkt\/fuer-immer-collage-kunst\/#breadcrumb"},"inLanguage":"de-AT","potentialAction":[{"@type":"ReadAction","target":["https:\/\/positiveprints.com\/de-at\/produkt\/fuer-immer-collage-kunst\/"]}]},{"@type":"ImageObject","inLanguage":"de-AT","@id":"https:\/\/positiveprints.com\/de-at\/produkt\/fuer-immer-collage-kunst\/#primaryimage","url":"https:\/\/positiveprints.com\/wp-content\/uploads\/2026\/03\/Packshot_DE_XX-FUR-IMMER-Collage-Kunst.webp","contentUrl":"https:\/\/positiveprints.com\/wp-content\/uploads\/2026\/03\/Packshot_DE_XX-FUR-IMMER-Collage-Kunst.webp","width":1450,"height":1450},{"@type":"BreadcrumbList","@id":"https:\/\/positiveprints.com\/de-at\/produkt\/fuer-immer-collage-kunst\/#breadcrumb","itemListElement":[{"@type":"ListItem","position":1,"name":"Home","item":"https:\/\/positiveprints.com\/de-at\/"},{"@type":"ListItem","position":2,"name":"Products","item":"https:\/\/positiveprints.com\/de-at\/shop\/"},{"@type":"ListItem","position":3,"name":"F\u00dcR IMMER: Collage-Kunst"}]},{"@type":"WebSite","@id":"https:\/\/positiveprints.com\/de-at\/#website","url":"https:\/\/positiveprints.com\/de-at\/","name":"Positive Prints","description":"Amazing Custom Personalised Prints","publisher":{"@id":"https:\/\/positiveprints.com\/de-at\/#organization"},"potentialAction":[{"@type":"SearchAction","target":{"@type":"EntryPoint","urlTemplate":"https:\/\/positiveprints.com\/de-at\/?s={search_term_string}"},"query-input":{"@type":"PropertyValueSpecification","valueRequired":true,"valueName":"search_term_string"}}],"inLanguage":"de-AT"},{"@type":"Organization","@id":"https:\/\/positiveprints.com\/de-at\/#organization","name":"Positive Prints","alternateName":"Positive Prints","url":"https:\/\/positiveprints.com\/de-at\/","logo":{"@type":"ImageObject","inLanguage":"de-AT","@id":"https:\/\/positiveprints.com\/de-at\/#\/schema\/logo\/image\/","url":"https:\/\/positiveprints.com\/wp-content\/uploads\/2026\/03\/245815646_1337939713319158_5671353136411139666_n.png","contentUrl":"https:\/\/positiveprints.com\/wp-content\/uploads\/2026\/03\/245815646_1337939713319158_5671353136411139666_n.png","width":800,"height":800,"caption":"Positive Prints"},"image":{"@id":"https:\/\/positiveprints.com\/de-at\/#\/schema\/logo\/image\/"},"sameAs":["https:\/\/www.facebook.com\/positiveprintscom","https:\/\/www.instagram.com\/positiveprintscom\/","https:\/\/www.tiktok.com\/@positiveprintscom","https:\/\/www.pinterest.com\/positiveprintscom\/"]}]}},"jetpack_sharing_enabled":true,"_links":{"self":[{"href":"https:\/\/positiveprints.com\/de-at\/wp-json\/wp\/v2\/product\/1665727","targetHints":{"allow":["GET"]}}],"collection":[{"href":"https:\/\/positiveprints.com\/de-at\/wp-json\/wp\/v2\/product"}],"about":[{"href":"https:\/\/positiveprints.com\/de-at\/wp-json\/wp\/v2\/types\/product"}],"wp:featuredmedia":[{"embeddable":true,"href":"https:\/\/positiveprints.com\/de-at\/wp-json\/wp\/v2\/media\/1682213"}],"wp:attachment":[{"href":"https:\/\/positiveprints.com\/de-at\/wp-json\/wp\/v2\/media?parent=1665727"}],"wp:term":[{"taxonomy":"product_brand","embeddable":true,"href":"https:\/\/positiveprints.com\/de-at\/wp-json\/wp\/v2\/product_brand?post=1665727"},{"taxonomy":"product_cat","embeddable":true,"href":"https:\/\/positiveprints.com\/de-at\/wp-json\/wp\/v2\/product_cat?post=1665727"},{"taxonomy":"product_tag","embeddable":true,"href":"https:\/\/positiveprints.com\/de-at\/wp-json\/wp\/v2\/product_tag?post=1665727"}],"curies":[{"name":"wp","href":"https:\/\/api.w.org\/{rel}","templated":true}]}}