{"id":165708,"date":"2021-09-06T12:51:19","date_gmt":"2021-09-06T11:51:19","guid":{"rendered":"https:\/\/positiveprints.com\/product\/getroffen-gekusst-verlobt-karte\/"},"modified":"2026-04-18T08:06:15","modified_gmt":"2026-04-18T07:06:15","slug":"getroffen-gekusst-verlobt-karte","status":"publish","type":"product","link":"https:\/\/positiveprints.com\/de-at\/produkt\/getroffen-gekusst-verlobt-karte\/","title":{"rendered":"Getroffen, Gek\u00fcsst, Verlobt Karte"},"content":{"rendered":"<p>Der Moment, in dem du deine ewige Liebe getroffen hast. Als die Begegnung zum zum ersten Kuss f\u00fchrte. Diese dann zu dem Moment f\u00fchrte, indem du dich entschieden hast, die Ewigkeit zusammen zu verbringen. Jede Liebesgeschichte ist es wert, gefeiert zu werden, und du kannst mit einer \u201eGetroffen, gek\u00fcsst, verlobt\u201c-Karte immer wieder diese Momente neu erz\u00e4hlen.<\/p>\n\n\n\n<h2 class=\"grenB f24 cblue\" style=\"margin-top: 3rem\">Was ist eine \u201eGetroffen, gek\u00fcsst, verlobt\u201c-Karte<\/h2>\n\n\n\n<p style=\"margin-top: 1rem\">Unsere \u201eGetroffen, gek\u00fcsst, verlobt\u201c-Karten von Positive Prints sind eigentlich eine Serie von drei kleineren Karten, die als einzelner Posterdruck angezeigt werden. Jede Karte zeigt den Ort eines wichtigen Meilensteins in deiner Liebesgeschichte: den Ort, an dem ihr euch kennengelernt, an dem ihr euren ersten Kuss geteilt und an dem ihr beschlossen habt f\u00fcr immer zusammen zu bleiben.<\/p>\n\n\n\n<p style=\"margin-top: 1rem\">Jede der kleineren Karten enth\u00e4lt benutzerdefinierten Text. Dies k\u00f6nnen Details zum Ort, dem Datum des Ereignisses oder andere Details sein, die f\u00fcr dich von Bedeutung sein k\u00f6nnen. Du kannst auch eine herzf\u00f6rmige Kartenmarkierung hinzuf\u00fcgen, um den genauen Ort zu kennzeichnen, an dem ihr euch zu diesem besonderen Moment befandt.<\/p>\n\n\n\n<h2 class=\"grenB f24 cblue\" style=\"margin-top: 3rem\">Warum ein individuelles Verlobungsgeschenk w\u00e4hlen?<\/h2>\n\n\n\n<p style=\"margin-top: 1rem\">Verlobungsgeschenke sollten von Herzen kommen. Sie handeln von euch beiden als Paar, und was gibt es besseres als ein Geschenk, das zeigt, wie sich eure Liebe seit der ersten Begegnung entwickelt hat?\n\n\n\n<p style=\"margin-top: 1rem\">Deshalb sind individuelle Geschenke f\u00fcr Verlobungsfeiern so beliebt. Egal, ob du als Elternteil des Brautpaares, als Freund, Familienmitglied oder sogar als zuk\u00fcnftiges Brautpaar erstellst, individuelle Geschenke f\u00fcr Verlobungen geben dir die M\u00f6glichkeit, Besonderes auszudr\u00fccken. <\/p>\n\n\n\n<h2 class=\"grenB f24 cblue\" style=\"margin-top: 3rem\">So erstellst du dein \u201eGetroffen, gek\u00fcsst, verlobt\u201c-Kartengeschenk<\/h2>\n\n\n\n<p style=\"margin-top: 1rem\">Positive Prints versetzt dich in die Lage des Designers, wenn du dein individuelles Kartengeschenk erstellst. Unser einfacher 3-Schritte-Prozess macht das R\u00e4tselraten bei der Erstellung einer einzigartigen Karte \u00fcberfl\u00fcssig und spart sogar dein Zeit, denn du kannst alles online abwickeln.<\/p>\n\n\n\n<h3 class=\"grenB f18 cblue\" style=\"margin-top: 3rem\">Schritt 1: W\u00e4hle dein Basisdesign aus<\/h3>\n\n\n\n<p style=\"margin-top: 1rem\">Wir haben darauf geachtet, eine Reihe sch\u00f6ner Kartendesigns zu erstellen, aus denen du ausw\u00e4hlen kannst, einschlie\u00dflich einzigartiger Formen f\u00fcr deine Karten und Farbschemata auf Designerebene. Dein eigenes oder eins, das wir dir vorschlagen. Entscheide einfach du! <\/p>\n\n\n\n<h3 class=\"grenB f18 cblue\" style=\"margin-top: 3rem\">Schritt 2: Gebe die Details ein<\/h3>\n\n\n\n<p style=\"margin-top: 1rem\">Nachdem du dein Design ausgew\u00e4hlt hast, kannst du deine Karte mit all den kleinen Details anpassen, die deine Liebesgeschichte ausmachen. Dazu geh\u00f6rt die Auswahl des Standorts f\u00fcr jede Ihrer Karten, das Hinzuf\u00fcgen von benutzerdefiniertem Text und sogar die Auswahl einer speziellen Kartenmarkierung f\u00fcr jeden Standort. <\/p>\n\n\n\n<p style=\"margin-top: 1rem\">Wir lieben das Konzept der \u201eGetroffen, gek\u00fcsst, verlobt\u201c-Karte, aber du kannst nat\u00fcrlich jeden besonderen Moment einbeziehen, der dir wichtig ist. Wenn du beispielsweise lieber den Tag hinzuf\u00fcgen m\u00f6chtest, an dem ihr euer erstes gemeinsames Haus gekauft habt, kannst du das nat\u00fcrlich gerne tun! Es ist deine Karte, dein Weg.<\/p>\n\n\n\n<h3 class=\"grenB f18 cblue\" style=\"margin-top: 3rem\">Schritt 3: W\u00e4hle die Lieferungsart<\/h3>\n\n\n\n<p style=\"margin-top: 1rem\">Positive Prints bietet weltweiten Versand f\u00fcr alle unsere gedruckten Posterdrucke, Drucke auf Leinwand und gerahmte Poster. W\u00e4hle f\u00fcr eine schnellere Bearbeitung die Option Digitaler Download, um sie lokal drucken zu lassen.<\/p>\n\n\n\n<h2 class=\"grenB f24 cblue\" style=\"margin-top: 3rem\">Der Einstieg in eine benutzerdefinierte Karte ist ganz einfach!<\/h2>\n\n\n\n<p style=\"margin-top: 1rem\">Deine Liebesgeschichte ist einzigartig und dein Verlobungsgeschenk sollte es auch sein. Beginne noch heute deine \u201eGetroffen, gek\u00fcsst, verlobt\u201c-Karte von Positive Prints zu erstellen!<\/p>","protected":false},"excerpt":{"rendered":"<ul class=\"check-list\">\n<li>Feiere 3 Meilensteine \u200b\u200bder Beziehung mit einer personalisierten Karte, einem einzigartigen und sentimentalen Andenken\n<\/li>\n<li>Markiere genaue Adressen mit einem ausgew\u00e4hlten Symbol<\/li>\n<li>Passe dein Kunstwerk in 3 einfachen Schritten an<\/li>\n<li>F\u00fcge einen aussagekr\u00e4ftigen personalisierten Text hinzu<\/li>\n<li>Sieh das Ergebnis sofort \u2013 die interaktive Vorschau erm\u00f6glicht dir, jedes Detail direkt anzupassen<\/li>\n<\/ul>\n","protected":false},"featured_media":1469125,"template":"","meta":[],"product_brand":[],"product_cat":[4906,7682,8002,7224,5289],"product_tag":[8430],"class_list":{"0":"post-165708","1":"product","2":"type-product","3":"status-publish","4":"has-post-thumbnail","6":"product_cat-alle-produkte-de-at","7":"product_cat-geschenke-fur-wichtige-frauen-in-deinem-leben-de-at","8":"product_cat-geschenke-fur-manner-de-at","9":"product_cat-triple-maps-de-at","10":"product_cat-verlobungsgeschenke","11":"product_tag-verlobung-de-at","13":"first","14":"instock","15":"sale","16":"taxable","17":"shipping-taxable","18":"purchasable","19":"product-type-variable"},"yoast_head":"<!-- This site is optimized with the Yoast SEO Premium plugin v27.2 (Yoast SEO v27.2) - https:\/\/yoast.com\/product\/yoast-seo-premium-wordpress\/ -->\n<title>Getroffen, Gek\u00fcsst, Verlobt Karte - Positive Prints<\/title>\n<meta name=\"description\" content=\"Unsere \u201eGetroffen, gek\u00fcsst, verlobt\u201c-Karten von Positive Prints sind eigentlich eine Serie von drei kleineren Karten, die als einzelner Posterdruck angezeigt werden.\" \/>\n<meta name=\"robots\" content=\"index, follow, max-snippet:-1, max-image-preview:large, max-video-preview:-1\" \/>\n<link rel=\"canonical\" href=\"https:\/\/positiveprints.com\/de-at\/produkt\/getroffen-gekusst-verlobt-karte\/\" \/>\n<meta property=\"og:locale\" content=\"de_DE\" \/>\n<meta property=\"og:type\" content=\"article\" \/>\n<meta property=\"og:title\" content=\"Getroffen, Gek\u00fcsst, Verlobt Karte\" \/>\n<meta property=\"og:description\" content=\"Feiere 3 Meilensteine \u200b\u200bder Beziehung mit einer personalisierten Karte, einem einzigartigen und sentimentalen Andenken Markiere genaue Adressen mit einem ausgew\u00e4hlten Symbol Passe dein Kunstwerk in 3 einfachen Schritten an F\u00fcge einen aussagekr\u00e4ftigen personalisierten Text hinzu Sieh das Ergebnis sofort \u2013 die interaktive Vorschau erm\u00f6glicht dir, jedes Detail direkt anzupassen\" \/>\n<meta property=\"og:url\" content=\"https:\/\/positiveprints.com\/de-at\/produkt\/getroffen-gekusst-verlobt-karte\/\" \/>\n<meta property=\"og:site_name\" content=\"Positive Prints\" \/>\n<meta property=\"article:publisher\" content=\"https:\/\/www.facebook.com\/positiveprintscom\" \/>\n<meta property=\"article:modified_time\" content=\"2026-04-18T07:06:15+00:00\" \/>\n<meta property=\"og:image\" content=\"https:\/\/positiveprints.com\/wp-content\/uploads\/2023\/07\/Getroffen-Gekusst-Verlobt-Karte.jpg\" \/>\n\t<meta property=\"og:image:width\" content=\"1080\" \/>\n\t<meta property=\"og:image:height\" content=\"1080\" \/>\n\t<meta property=\"og:image:type\" content=\"image\/jpeg\" \/>\n<meta name=\"twitter:card\" content=\"summary_large_image\" \/>\n<meta name=\"twitter:label1\" content=\"Gesch\u00e4tzte Lesezeit\" \/>\n\t<meta name=\"twitter:data1\" content=\"3 Minuten\" \/>\n<!-- \/ Yoast SEO Premium plugin. -->","yoast_head_json":{"title":"Getroffen, Gek\u00fcsst, Verlobt Karte - Positive Prints","description":"Unsere \u201eGetroffen, gek\u00fcsst, verlobt\u201c-Karten von Positive Prints sind eigentlich eine Serie von drei kleineren Karten, die als einzelner Posterdruck angezeigt werden.","robots":{"index":"index","follow":"follow","max-snippet":"max-snippet:-1","max-image-preview":"max-image-preview:large","max-video-preview":"max-video-preview:-1"},"canonical":"https:\/\/positiveprints.com\/de-at\/produkt\/getroffen-gekusst-verlobt-karte\/","og_locale":"de_DE","og_type":"article","og_title":"Getroffen, Gek\u00fcsst, Verlobt Karte","og_description":"Feiere 3 Meilensteine \u200b\u200bder Beziehung mit einer personalisierten Karte, einem einzigartigen und sentimentalen Andenken Markiere genaue Adressen mit einem ausgew\u00e4hlten Symbol Passe dein Kunstwerk in 3 einfachen Schritten an F\u00fcge einen aussagekr\u00e4ftigen personalisierten Text hinzu Sieh das Ergebnis sofort \u2013 die interaktive Vorschau erm\u00f6glicht dir, jedes Detail direkt anzupassen","og_url":"https:\/\/positiveprints.com\/de-at\/produkt\/getroffen-gekusst-verlobt-karte\/","og_site_name":"Positive Prints","article_publisher":"https:\/\/www.facebook.com\/positiveprintscom","article_modified_time":"2026-04-18T07:06:15+00:00","og_image":[{"width":1080,"height":1080,"url":"https:\/\/positiveprints.com\/wp-content\/uploads\/2023\/07\/Getroffen-Gekusst-Verlobt-Karte.jpg","type":"image\/jpeg"}],"twitter_card":"summary_large_image","twitter_misc":{"Gesch\u00e4tzte Lesezeit":"3 Minuten"},"schema":{"@context":"https:\/\/schema.org","@graph":[{"@type":["WebPage","ItemPage"],"@id":"https:\/\/positiveprints.com\/de-at\/produkt\/getroffen-gekusst-verlobt-karte\/","url":"https:\/\/positiveprints.com\/de-at\/produkt\/getroffen-gekusst-verlobt-karte\/","name":"Getroffen, Gek\u00fcsst, Verlobt Karte - Positive Prints","isPartOf":{"@id":"https:\/\/positiveprints.com\/de-at\/#website"},"primaryImageOfPage":{"@id":"https:\/\/positiveprints.com\/de-at\/produkt\/getroffen-gekusst-verlobt-karte\/#primaryimage"},"image":{"@id":"https:\/\/positiveprints.com\/de-at\/produkt\/getroffen-gekusst-verlobt-karte\/#primaryimage"},"thumbnailUrl":"https:\/\/positiveprints.com\/wp-content\/uploads\/2025\/07\/Packshot_DE_Getroffen-Geku\u0308sst-Verlobt-Karte.webp","datePublished":"2021-09-06T11:51:19+00:00","dateModified":"2026-04-18T07:06:15+00:00","description":"Unsere \u201eGetroffen, gek\u00fcsst, verlobt\u201c-Karten von Positive Prints sind eigentlich eine Serie von drei kleineren Karten, die als einzelner Posterdruck angezeigt werden.","breadcrumb":{"@id":"https:\/\/positiveprints.com\/de-at\/produkt\/getroffen-gekusst-verlobt-karte\/#breadcrumb"},"inLanguage":"de-AT","potentialAction":[{"@type":"ReadAction","target":["https:\/\/positiveprints.com\/de-at\/produkt\/getroffen-gekusst-verlobt-karte\/"]}]},{"@type":"ImageObject","inLanguage":"de-AT","@id":"https:\/\/positiveprints.com\/de-at\/produkt\/getroffen-gekusst-verlobt-karte\/#primaryimage","url":"https:\/\/positiveprints.com\/wp-content\/uploads\/2025\/07\/Packshot_DE_Getroffen-Geku\u0308sst-Verlobt-Karte.webp","contentUrl":"https:\/\/positiveprints.com\/wp-content\/uploads\/2025\/07\/Packshot_DE_Getroffen-Geku\u0308sst-Verlobt-Karte.webp","width":1450,"height":1450},{"@type":"BreadcrumbList","@id":"https:\/\/positiveprints.com\/de-at\/produkt\/getroffen-gekusst-verlobt-karte\/#breadcrumb","itemListElement":[{"@type":"ListItem","position":1,"name":"Home","item":"https:\/\/positiveprints.com\/de-at\/"},{"@type":"ListItem","position":2,"name":"Products","item":"https:\/\/positiveprints.com\/de-at\/shop\/"},{"@type":"ListItem","position":3,"name":"Getroffen, Gek\u00fcsst, Verlobt Karte"}]},{"@type":"WebSite","@id":"https:\/\/positiveprints.com\/de-at\/#website","url":"https:\/\/positiveprints.com\/de-at\/","name":"Positive Prints","description":"Amazing Custom Personalised Prints","publisher":{"@id":"https:\/\/positiveprints.com\/de-at\/#organization"},"potentialAction":[{"@type":"SearchAction","target":{"@type":"EntryPoint","urlTemplate":"https:\/\/positiveprints.com\/de-at\/?s={search_term_string}"},"query-input":{"@type":"PropertyValueSpecification","valueRequired":true,"valueName":"search_term_string"}}],"inLanguage":"de-AT"},{"@type":"Organization","@id":"https:\/\/positiveprints.com\/de-at\/#organization","name":"Positive Prints","alternateName":"Positive Prints","url":"https:\/\/positiveprints.com\/de-at\/","logo":{"@type":"ImageObject","inLanguage":"de-AT","@id":"https:\/\/positiveprints.com\/de-at\/#\/schema\/logo\/image\/","url":"https:\/\/positiveprints.com\/wp-content\/uploads\/2026\/03\/245815646_1337939713319158_5671353136411139666_n.png","contentUrl":"https:\/\/positiveprints.com\/wp-content\/uploads\/2026\/03\/245815646_1337939713319158_5671353136411139666_n.png","width":800,"height":800,"caption":"Positive Prints"},"image":{"@id":"https:\/\/positiveprints.com\/de-at\/#\/schema\/logo\/image\/"},"sameAs":["https:\/\/www.facebook.com\/positiveprintscom","https:\/\/www.instagram.com\/positiveprintscom\/","https:\/\/www.tiktok.com\/@positiveprintscom","https:\/\/www.pinterest.com\/positiveprintscom\/"]}]}},"jetpack_sharing_enabled":true,"_links":{"self":[{"href":"https:\/\/positiveprints.com\/de-at\/wp-json\/wp\/v2\/product\/165708","targetHints":{"allow":["GET"]}}],"collection":[{"href":"https:\/\/positiveprints.com\/de-at\/wp-json\/wp\/v2\/product"}],"about":[{"href":"https:\/\/positiveprints.com\/de-at\/wp-json\/wp\/v2\/types\/product"}],"wp:featuredmedia":[{"embeddable":true,"href":"https:\/\/positiveprints.com\/de-at\/wp-json\/wp\/v2\/media\/1469125"}],"wp:attachment":[{"href":"https:\/\/positiveprints.com\/de-at\/wp-json\/wp\/v2\/media?parent=165708"}],"wp:term":[{"taxonomy":"product_brand","embeddable":true,"href":"https:\/\/positiveprints.com\/de-at\/wp-json\/wp\/v2\/product_brand?post=165708"},{"taxonomy":"product_cat","embeddable":true,"href":"https:\/\/positiveprints.com\/de-at\/wp-json\/wp\/v2\/product_cat?post=165708"},{"taxonomy":"product_tag","embeddable":true,"href":"https:\/\/positiveprints.com\/de-at\/wp-json\/wp\/v2\/product_tag?post=165708"}],"curies":[{"name":"wp","href":"https:\/\/api.w.org\/{rel}","templated":true}]}}