{"id":165471,"date":"2021-03-23T11:22:30","date_gmt":"2021-03-23T10:22:30","guid":{"rendered":"https:\/\/positiveprints.com\/product\/jubilaumssternenkarte\/"},"modified":"2026-04-18T09:11:02","modified_gmt":"2026-04-18T08:11:02","slug":"jubilaumssternenkarte","status":"publish","type":"product","link":"https:\/\/positiveprints.com\/de-at\/produkt\/jubilaumssternenkarte\/","title":{"rendered":"Jubil\u00e4umssternenkarte"},"content":{"rendered":"<p>Egal wie alt du bist oder wie lange du bereits verliebt bist, ein Hochzeitstag ist immer etwas, das es wert ist, gefeiert zu werden. \u00dcberrasche Liebsten mit einem Sternkarten-Jubil\u00e4umsgeschenk!<\/p>\r\n\r\n<h2 class=\"grenB f24 cblue\" style=\"margin-top: 3rem\">Bald steht euer Jubil\u00e4um an?<\/h2>\r\n\r\n<p style=\"margin-top: 1rem\">Wenn euer Jubil\u00e4um ansteht, was wirst du tun, um eine Liebe zu feiern, die so einzigartig ist wie ihr beide? Vielleicht hast du schon einmal Blumen, S\u00fc\u00dfigkeiten und Fotos verschenkt. Vielleicht hast du Ausfl\u00fcge zu exotischen Orten unternommen oder ein sch\u00f6nes Abendessen bei Kerzenschein genossen. Aber ein Geschenk, das noch lange nach deinem besonderen Tag anh\u00e4lt, ist eine Jubil\u00e4ums-Sternenkarte.<\/p>\r\n\r\n<p style=\"margin-top: 1rem\">Jede Liebe hat eine Geschichte zu erz\u00e4hlen. Das Datum eures Jubil\u00e4ums ist ein Detail eurer einzigartigen Reise. Stelle dir also eine Jubil\u00e4ums-Sternenkarte als Illustration vor, die deine Geschichte zum Leben erweckt. Es ist eine Nachbildung dessen, wie der Nachthimmel an dem Tag aussah, an dem du \u201eJa\u201c gesagt hast. W\u00e4hrend du mit deinem Lieblingsmenschen besch\u00e4ftigt warst, blickten die Sterne, Planeten und andere Himmelsk\u00f6rper auf euch herab. <\/p>\r\n\r\n<p style=\"margin-top: 1rem\">Jetzt ist dies deine Chance, den gleichen Nachthimmel in dein Zuhause zur\u00fcckzubringen und diesen Moment f\u00fcr immer festzuhalten.<\/p>\r\n\r\n<h2 class=\"grenB f24 cblue\" style=\"margin-top: 3rem\">Was macht eine Jubil\u00e4ums-Sternenkarte so besonders?<\/h2>\r\n\r\n<p style=\"margin-top: 1rem\">Personalisierte Jubil\u00e4umssternkarten sind einzigartig. Keine zwei gleicht der anderen, obwohl du das gleiche grundlegende Design, die gleichen Farben und das gleiche Layout verwendest. Denn der genaue Zeitpunkt deiner Hochzeit wird nie wirklich der andere sein. Vom Datum \u00fcber die Uhrzeit bis zum genauen Standort auf der Erde erz\u00e4hlt deine benutzerdefinierte Sternenkarte eure Geschichte.<\/p>\r\n\r\n<p style=\"margin-top: 1rem\">Wenn du ein Geschenk zum Jahrestag der Sternenkarte erstellst, hast du die Kontrolle dar\u00fcber, wie es aussieht und was es sagt. Positive Prints hat mehrere sch\u00f6ne Farbschemata und Designoptionen ausgew\u00e4hlt, um dir zu helfen, diese perfekte \u00c4sthetik zu schaffen. Du kannst benutzerdefinierte Textzeilen hinzuf\u00fcgen, um dein Kunstwerk zu beschriften, sowie Gr\u00f6\u00dfe, Ausrichtung und Druckart ausw\u00e4hlen (z. B. Poster, Leinwand, gerahmte Kunst).<\/p>\r\n\r\n<p style=\"margin-top: 1rem\">Aber vielleicht das Besondere daran ist, wie es den Empf\u00e4ngern das Gef\u00fchl gibt. Dies ist kein Geschenk, das jeder in seinem \u00f6rtlichen Gesch\u00e4ft aus dem Regal nehmen kann. Es ist ein individuelles Geschenk, das f\u00fcr die Liebe deines Lebens gemacht wurde und zeigt, dass du zus\u00e4tzliche Zeit und Gedanken in ihr Geschenk investierst. Es ist ein Geschenk, dass man nicht kommen sieht! <\/p>\r\n\r\n<h2 class=\"grenB f24 cblue\" style=\"margin-top: 3rem\">So erstellst du eine Jubil\u00e4ums-Sternenkarte<\/h2>\r\n\r\n<p style=\"margin-top: 1rem\">W\u00e4hrend die Worte \u201ebenutzerdefinierte Jubil\u00e4ums-Sternenkarte\u201c kompliziert klingen m\u00f6gen, ist der Vorgang eigentlich ganz einfach. Das Beste daran ist, dass du kein erfahrener K\u00fcnstler oder Designer sein musst, um dein ganz eigenes Geschenk zum Sternenkarten-Jubil\u00e4um zu kreieren.<\/p>\r\n\r\n<p style=\"margin-top: 1rem\">Unser dreistufiger Prozess macht es dir einfach in nur wenigen Minuten eine Karte zu erstellen. Beginne mit der Auswahl deiner Kartenform und des Farbschemas und w\u00e4hle dann aus, wie die Himmelskartendetails auf deinem Ausdruck angezeigt werden sollen. Du kannst w\u00e4hlen, ob Sterne oder Planeten und ihre Namen, Konstellationen und sogar die <a href=\"https:\/\/de.wikipedia.org\/wiki\/Milchstra%C3%9Fe\">Milchstra\u00dfe<\/a> zu sehen sein werden. Wir empfehlen mit verschiedenen Kombinationen zu experimentieren, um dein ideales Design zu erstellen. Jede Auswahl, die du triffst, wird in Echtzeit aktualisiert, sodass dugenau sehen kannst, wie deine Karte aussehen wird, bevor du diese bestellst.<\/p>\r\n\r\n<p style=\"margin-top: 1rem\">Wir f\u00fcgen jeder Sternkarte auch mehrere Textzeilen hinzu. Du kannst deinem Liebsten eine besondere Nachricht oder ein Zitat hinterlassen, das auf das Poster gedruckt wird. Oder du kannst das Poster mit Datum, Uhrzeit und Ort eurer Hochzeit beschriften. Es liegt ganz bei dir!<\/p>\r\n\r\n<p style=\"margin-top: 1rem\">Nicht zuletzt hast du viele M\u00f6glichkeiten, das Endprodukt zu erhalten. F\u00fcr Last-Minute-Geschenkideen empfehlen wir die digitale Download-Datei, die du sofort erh\u00e4ltst. Du kannst diese Datei zu deiner lokalen Druckerei bringen und sie bei Bedarf drucken lassen und bereit zum Verschenken an deine Lieben. Oder du kannst dejien Druck direkt nach Hause liefern lassen. Wir k\u00f6nnen deine individuelle Sternenkarte auf Leinwand drucken, was eine attraktive Geschenkoption zum Jubil\u00e4um darstellt. Oder wir drucken es auf professionellem Postermaterial und lassen es sogar einrahmen. Der Versand ist immer egal wo du auf der Welt lebst!<\/p>\r\n\r\n<h2 class=\"grenB f24 cblue\" style=\"margin-top: 3rem\">\u00dcberraschen deine Liebsten mit einem Sternkarten-Jubil\u00e4umsgeschenk!<\/h2>\r\n\r\n<p style=\"margin-top: 1rem\">Egal wie alt du bist oder wie lange ihr schon verliebt seid, ein Hochzeitstag ist immer etwas, das es wert ist, gefeiert zu werden. Dies ist der Moment, in dem du und deine Liebe beschlossen habt, euer Leben f\u00fcr immer miteinander zu teilen, und alle Sterne und Planeten am Himmel durften das Ereignis miterleben. Jetzt bist du an der Reihe, den Nachthimmel in dein Zuhause zu holen, damit du diesen magischen Moment f\u00fcr immer erleben kannst.<\/p>\r\n\r\n<p style=\"margin-top: 1rem\">Bist du bereit, ein Wow-artiges Geschenk zu kreieren, das deine einzigartige Liebesgeschichte erz\u00e4hlt? Beginne noch heute mit der Erstellung deines Sternenkarten-Jubil\u00e4umsgeschenks!<\/p>","protected":false},"excerpt":{"rendered":"<ul class=\"check-list\">\n<li>F\u00fcge Planeten, Sternbilder und die Milchstra\u00dfe hinzu<\/li>\n<li>Passe dein Kunstwerk in 3 einfachen Schritten an<\/li>\n<li>F\u00fcge einen aussagekr\u00e4ftigen personalisierten Text hinzu<\/li>\n<li>Sieh das Ergebnis sofort \u2013 die interaktive Vorschau erm\u00f6glicht dir, jedes Detail direkt anzupassen<\/li>\n<\/ul>\n","protected":false},"featured_media":1218855,"template":"","meta":[],"product_brand":[],"product_cat":[9271,11167,11170,11164,4731],"product_tag":[14782,14786,14785,14145,14780,14138,14146,14147,14137,14139,13557,14781,14148,14136,14135,13082,14140,14787,14788,14141,14789,14790,14143,14142,14792,14144,14777,14778,14779,14796,14793,14794,12659,12679,13527,14783],"class_list":{"0":"post-165471","1":"product","2":"type-product","3":"status-publish","4":"has-post-thumbnail","6":"product_cat-bestsellers-label-de-at","7":"product_cat-jahrestag-geschenk-fur-ihn-de-at","8":"product_cat-jahrestag-geschenk-fur-paare-de-at","9":"product_cat-jahrestag-geschenke-fur-sie-de-at","10":"product_cat-star-de-at-2","11":"product_tag-anniversary-gift-de-at","12":"product_tag-anniversary-gifts-de-at","13":"product_tag-anniversary-present-de-at","14":"product_tag-besonderer-anlass-de-at","15":"product_tag-couple-gift-de-at-2","16":"product_tag-couple-gift-anniversary-de-at","17":"product_tag-durchdachtes-geschenk-de-at","18":"product_tag-einzigartiges-geschenk-de-at","19":"product_tag-couple-gift-de-at","20":"product_tag-geschenk-fur-paare-de-at","21":"product_tag-geschenk-zum-jahrestag-de-at","22":"product_tag-gift-for-couple-de-at","23":"product_tag-hochzeitstag-de-at","24":"product_tag-jubilaumsgeschenk-de-at","25":"product_tag-jubilaumsgeschenke-de-at","26":"product_tag-liebe-de-at","27":"product_tag-liebesgeschenk-de-at","28":"product_tag-love-de-at","29":"product_tag-love-gift-de-at","30":"product_tag-personalisiertes-geschenk-de-at","31":"product_tag-personalized-gift-de-at","32":"product_tag-romantic-gifts-de-at","33":"product_tag-romantische-geschenke-de-at","34":"product_tag-romantisches-geschenk-de-at","35":"product_tag-sentimental-gift-de-at","36":"product_tag-sentimentales-geschenk-de-at","37":"product_tag-special-occasion-de-at","38":"product_tag-thoughtful-gift-de-at","39":"product_tag-unique-gift-de-at","40":"product_tag-valentines-day-gifts-de-at","41":"product_tag-valentines-day-de-at","42":"product_tag-valentines-day-gift-de-at","43":"product_tag-valentinstag-de-at","44":"product_tag-valentinstagsgeschenk-de-at","45":"product_tag-valentinstagsgeschenke-de-at","46":"product_tag-wedding-anniversary-de-at","48":"first","49":"instock","50":"sale","51":"taxable","52":"shipping-taxable","53":"purchasable","54":"product-type-variable","55":"has-default-attributes"},"yoast_head":"<!-- This site is optimized with the Yoast SEO Premium plugin v27.2 (Yoast SEO v27.2) - https:\/\/yoast.com\/product\/yoast-seo-premium-wordpress\/ -->\n<title>Jubil\u00e4umssternenkarte - Sternkarten-Jubil\u00e4umsgeschenk - Positive Prints<\/title>\n<meta name=\"description\" content=\"Ein Hochzeitstag ist immer etwas, das es wert ist, gefeiert zu werden. \u00dcberrasche Liebsten mit einem Sternkarten-Jubil\u00e4umsgeschenk!\" \/>\n<meta name=\"robots\" content=\"index, follow, max-snippet:-1, max-image-preview:large, max-video-preview:-1\" \/>\n<link rel=\"canonical\" href=\"https:\/\/positiveprints.com\/de-at\/produkt\/jubilaumssternenkarte\/\" \/>\n<meta property=\"og:locale\" content=\"de_DE\" \/>\n<meta property=\"og:type\" content=\"article\" \/>\n<meta property=\"og:title\" content=\"Jubil\u00e4umssternenkarte\" \/>\n<meta property=\"og:description\" content=\"F\u00fcge Planeten, Sternbilder und die Milchstra\u00dfe hinzu Passe dein Kunstwerk in 3 einfachen Schritten an F\u00fcge einen aussagekr\u00e4ftigen personalisierten Text hinzu Sieh das Ergebnis sofort \u2013 die interaktive Vorschau erm\u00f6glicht dir, jedes Detail direkt anzupassen\" \/>\n<meta property=\"og:url\" content=\"https:\/\/positiveprints.com\/de-at\/produkt\/jubilaumssternenkarte\/\" \/>\n<meta property=\"og:site_name\" content=\"Positive Prints\" \/>\n<meta property=\"article:publisher\" content=\"https:\/\/www.facebook.com\/positiveprintscom\" \/>\n<meta property=\"article:modified_time\" content=\"2026-04-18T08:11:02+00:00\" \/>\n<meta property=\"og:image\" content=\"https:\/\/positiveprints.com\/wp-content\/uploads\/2024\/10\/Packshot_DE_anniversary-star-map-product-image.webp\" \/>\n\t<meta property=\"og:image:width\" content=\"1450\" \/>\n\t<meta property=\"og:image:height\" content=\"1450\" \/>\n\t<meta property=\"og:image:type\" content=\"image\/webp\" \/>\n<meta name=\"twitter:card\" content=\"summary_large_image\" \/>\n<meta name=\"twitter:label1\" content=\"Gesch\u00e4tzte Lesezeit\" \/>\n\t<meta name=\"twitter:data1\" content=\"4 Minuten\" \/>\n<!-- \/ Yoast SEO Premium plugin. -->","yoast_head_json":{"title":"Jubil\u00e4umssternenkarte - Sternkarten-Jubil\u00e4umsgeschenk - Positive Prints","description":"Ein Hochzeitstag ist immer etwas, das es wert ist, gefeiert zu werden. \u00dcberrasche Liebsten mit einem Sternkarten-Jubil\u00e4umsgeschenk!","robots":{"index":"index","follow":"follow","max-snippet":"max-snippet:-1","max-image-preview":"max-image-preview:large","max-video-preview":"max-video-preview:-1"},"canonical":"https:\/\/positiveprints.com\/de-at\/produkt\/jubilaumssternenkarte\/","og_locale":"de_DE","og_type":"article","og_title":"Jubil\u00e4umssternenkarte","og_description":"F\u00fcge Planeten, Sternbilder und die Milchstra\u00dfe hinzu Passe dein Kunstwerk in 3 einfachen Schritten an F\u00fcge einen aussagekr\u00e4ftigen personalisierten Text hinzu Sieh das Ergebnis sofort \u2013 die interaktive Vorschau erm\u00f6glicht dir, jedes Detail direkt anzupassen","og_url":"https:\/\/positiveprints.com\/de-at\/produkt\/jubilaumssternenkarte\/","og_site_name":"Positive Prints","article_publisher":"https:\/\/www.facebook.com\/positiveprintscom","article_modified_time":"2026-04-18T08:11:02+00:00","og_image":[{"width":1450,"height":1450,"url":"https:\/\/positiveprints.com\/wp-content\/uploads\/2024\/10\/Packshot_DE_anniversary-star-map-product-image.webp","type":"image\/webp"}],"twitter_card":"summary_large_image","twitter_misc":{"Gesch\u00e4tzte Lesezeit":"4 Minuten"},"schema":{"@context":"https:\/\/schema.org","@graph":[{"@type":["WebPage","ItemPage"],"@id":"https:\/\/positiveprints.com\/de-at\/produkt\/jubilaumssternenkarte\/","url":"https:\/\/positiveprints.com\/de-at\/produkt\/jubilaumssternenkarte\/","name":"Jubil\u00e4umssternenkarte - Sternkarten-Jubil\u00e4umsgeschenk - Positive Prints","isPartOf":{"@id":"https:\/\/positiveprints.com\/de-at\/#website"},"primaryImageOfPage":{"@id":"https:\/\/positiveprints.com\/de-at\/produkt\/jubilaumssternenkarte\/#primaryimage"},"image":{"@id":"https:\/\/positiveprints.com\/de-at\/produkt\/jubilaumssternenkarte\/#primaryimage"},"thumbnailUrl":"https:\/\/positiveprints.com\/wp-content\/uploads\/2024\/10\/Packshot_DE_anniversary-star-map-product-image.webp","datePublished":"2021-03-23T10:22:30+00:00","dateModified":"2026-04-18T08:11:02+00:00","description":"Ein Hochzeitstag ist immer etwas, das es wert ist, gefeiert zu werden. \u00dcberrasche Liebsten mit einem Sternkarten-Jubil\u00e4umsgeschenk!","breadcrumb":{"@id":"https:\/\/positiveprints.com\/de-at\/produkt\/jubilaumssternenkarte\/#breadcrumb"},"inLanguage":"de-AT","potentialAction":[{"@type":"ReadAction","target":["https:\/\/positiveprints.com\/de-at\/produkt\/jubilaumssternenkarte\/"]}]},{"@type":"ImageObject","inLanguage":"de-AT","@id":"https:\/\/positiveprints.com\/de-at\/produkt\/jubilaumssternenkarte\/#primaryimage","url":"https:\/\/positiveprints.com\/wp-content\/uploads\/2024\/10\/Packshot_DE_anniversary-star-map-product-image.webp","contentUrl":"https:\/\/positiveprints.com\/wp-content\/uploads\/2024\/10\/Packshot_DE_anniversary-star-map-product-image.webp","width":1450,"height":1450},{"@type":"BreadcrumbList","@id":"https:\/\/positiveprints.com\/de-at\/produkt\/jubilaumssternenkarte\/#breadcrumb","itemListElement":[{"@type":"ListItem","position":1,"name":"Home","item":"https:\/\/positiveprints.com\/de-at\/"},{"@type":"ListItem","position":2,"name":"Products","item":"https:\/\/positiveprints.com\/de-at\/shop\/"},{"@type":"ListItem","position":3,"name":"Jubil\u00e4umssternenkarte"}]},{"@type":"WebSite","@id":"https:\/\/positiveprints.com\/de-at\/#website","url":"https:\/\/positiveprints.com\/de-at\/","name":"Positive Prints","description":"Amazing Custom Personalised Prints","publisher":{"@id":"https:\/\/positiveprints.com\/de-at\/#organization"},"potentialAction":[{"@type":"SearchAction","target":{"@type":"EntryPoint","urlTemplate":"https:\/\/positiveprints.com\/de-at\/?s={search_term_string}"},"query-input":{"@type":"PropertyValueSpecification","valueRequired":true,"valueName":"search_term_string"}}],"inLanguage":"de-AT"},{"@type":"Organization","@id":"https:\/\/positiveprints.com\/de-at\/#organization","name":"Positive Prints","alternateName":"Positive Prints","url":"https:\/\/positiveprints.com\/de-at\/","logo":{"@type":"ImageObject","inLanguage":"de-AT","@id":"https:\/\/positiveprints.com\/de-at\/#\/schema\/logo\/image\/","url":"https:\/\/positiveprints.com\/wp-content\/uploads\/2026\/03\/245815646_1337939713319158_5671353136411139666_n.png","contentUrl":"https:\/\/positiveprints.com\/wp-content\/uploads\/2026\/03\/245815646_1337939713319158_5671353136411139666_n.png","width":800,"height":800,"caption":"Positive Prints"},"image":{"@id":"https:\/\/positiveprints.com\/de-at\/#\/schema\/logo\/image\/"},"sameAs":["https:\/\/www.facebook.com\/positiveprintscom","https:\/\/www.instagram.com\/positiveprintscom\/","https:\/\/www.tiktok.com\/@positiveprintscom","https:\/\/www.pinterest.com\/positiveprintscom\/"]}]}},"jetpack_sharing_enabled":true,"_links":{"self":[{"href":"https:\/\/positiveprints.com\/de-at\/wp-json\/wp\/v2\/product\/165471","targetHints":{"allow":["GET"]}}],"collection":[{"href":"https:\/\/positiveprints.com\/de-at\/wp-json\/wp\/v2\/product"}],"about":[{"href":"https:\/\/positiveprints.com\/de-at\/wp-json\/wp\/v2\/types\/product"}],"wp:featuredmedia":[{"embeddable":true,"href":"https:\/\/positiveprints.com\/de-at\/wp-json\/wp\/v2\/media\/1218855"}],"wp:attachment":[{"href":"https:\/\/positiveprints.com\/de-at\/wp-json\/wp\/v2\/media?parent=165471"}],"wp:term":[{"taxonomy":"product_brand","embeddable":true,"href":"https:\/\/positiveprints.com\/de-at\/wp-json\/wp\/v2\/product_brand?post=165471"},{"taxonomy":"product_cat","embeddable":true,"href":"https:\/\/positiveprints.com\/de-at\/wp-json\/wp\/v2\/product_cat?post=165471"},{"taxonomy":"product_tag","embeddable":true,"href":"https:\/\/positiveprints.com\/de-at\/wp-json\/wp\/v2\/product_tag?post=165471"}],"curies":[{"name":"wp","href":"https:\/\/api.w.org\/{rel}","templated":true}]}}