{"id":1651470,"date":"2026-02-19T09:56:30","date_gmt":"2026-02-19T08:56:30","guid":{"rendered":"https:\/\/positiveprints.com\/?post_type=product&#038;p=1651470"},"modified":"2026-04-03T02:16:07","modified_gmt":"2026-04-03T01:16:07","slug":"strava-kartenposter","status":"publish","type":"product","link":"https:\/\/positiveprints.com\/de-at\/produkt\/strava-kartenposter\/","title":{"rendered":"Strava-Kartenposter"},"content":{"rendered":"","protected":false},"excerpt":{"rendered":"<ul class=\"check-list\">\n<li>Lade deine GPX-Datei hoch oder verbinde dich mit Strava<\/li>\n<li>Gestalte dein Design in nur 3 einfachen Schritten<\/li>\n<li>W\u00e4hle aus verschiedenen Kartenfarbthemen das passende f\u00fcr deinen Stil<\/li>\n<li>F\u00fcge einen aussagekr\u00e4ftigen, pers\u00f6nlichen Text hinzu<\/li>\n<li>Sieh dir die Design-Aktualisierung sofort in unserer interaktiven Vorschau an<\/li>\n<\/ul>\n","protected":false},"featured_media":1650567,"template":"","meta":[],"product_brand":[],"product_cat":[15916,4906,11480,7874],"product_tag":[14798,15928],"class_list":{"0":"post-1651470","1":"product","2":"type-product","3":"status-publish","4":"has-post-thumbnail","6":"product_cat-gpx-maps-de-at","7":"product_cat-alle-produkte-de-at","8":"product_cat-hobbys-de-at","9":"product_cat-geschenke-fur-sportfans-de-at","10":"product_tag-creators-de-at-2","11":"product_tag-gpx-de-at","13":"first","14":"instock","15":"sale","16":"taxable","17":"shipping-taxable","18":"purchasable","19":"product-type-variable"},"yoast_head":"<!-- This site is optimized with the Yoast SEO Premium plugin v27.2 (Yoast SEO v27.2) - https:\/\/yoast.com\/product\/yoast-seo-premium-wordpress\/ -->\n<title>Strava-Kartenposter - Positive Prints<\/title>\n<meta name=\"description\" content=\"Erstelle ein personalisiertes Strava-Kartenposter mit deiner Aktivit\u00e4tsstrecke. Passe Farben, Text und Layout individuell an. Das perfekte Geschenk f\u00fcr L\u00e4ufer:innen, Radfahrer:innen und Outdoor-Fans, die ihre Lieblingsstrecke verewigen m\u00f6chten.\" \/>\n<meta name=\"robots\" content=\"index, follow, max-snippet:-1, max-image-preview:large, max-video-preview:-1\" \/>\n<link rel=\"canonical\" href=\"https:\/\/positiveprints.com\/de-at\/produkt\/strava-kartenposter\/\" \/>\n<meta property=\"og:locale\" content=\"de_DE\" \/>\n<meta property=\"og:type\" content=\"article\" \/>\n<meta property=\"og:title\" content=\"Strava-Kartenposter\" \/>\n<meta property=\"og:description\" content=\"Lade deine GPX-Datei hoch oder verbinde dich mit Strava Gestalte dein Design in nur 3 einfachen Schritten W\u00e4hle aus verschiedenen Kartenfarbthemen das passende f\u00fcr deinen Stil F\u00fcge einen aussagekr\u00e4ftigen, pers\u00f6nlichen Text hinzu Sieh dir die Design-Aktualisierung sofort in unserer interaktiven Vorschau an\" \/>\n<meta property=\"og:url\" content=\"https:\/\/positiveprints.com\/de-at\/produkt\/strava-kartenposter\/\" \/>\n<meta property=\"og:site_name\" content=\"Positive Prints\" \/>\n<meta property=\"article:publisher\" content=\"https:\/\/www.facebook.com\/positiveprintscom\" \/>\n<meta property=\"article:modified_time\" content=\"2026-04-03T01:16:07+00:00\" \/>\n<meta property=\"og:image\" content=\"https:\/\/positiveprints.com\/wp-content\/uploads\/2026\/02\/Packshot_DE_Strava-Kartenposter.webp\" \/>\n\t<meta property=\"og:image:width\" content=\"1450\" \/>\n\t<meta property=\"og:image:height\" content=\"1450\" \/>\n\t<meta property=\"og:image:type\" content=\"image\/webp\" \/>\n<meta name=\"twitter:card\" content=\"summary_large_image\" \/>\n<meta name=\"twitter:label1\" content=\"Gesch\u00e4tzte Lesezeit\" \/>\n\t<meta name=\"twitter:data1\" content=\"1 Minute\" \/>\n<!-- \/ Yoast SEO Premium plugin. -->","yoast_head_json":{"title":"Strava-Kartenposter - Positive Prints","description":"Erstelle ein personalisiertes Strava-Kartenposter mit deiner Aktivit\u00e4tsstrecke. Passe Farben, Text und Layout individuell an. Das perfekte Geschenk f\u00fcr L\u00e4ufer:innen, Radfahrer:innen und Outdoor-Fans, die ihre Lieblingsstrecke verewigen m\u00f6chten.","robots":{"index":"index","follow":"follow","max-snippet":"max-snippet:-1","max-image-preview":"max-image-preview:large","max-video-preview":"max-video-preview:-1"},"canonical":"https:\/\/positiveprints.com\/de-at\/produkt\/strava-kartenposter\/","og_locale":"de_DE","og_type":"article","og_title":"Strava-Kartenposter","og_description":"Lade deine GPX-Datei hoch oder verbinde dich mit Strava Gestalte dein Design in nur 3 einfachen Schritten W\u00e4hle aus verschiedenen Kartenfarbthemen das passende f\u00fcr deinen Stil F\u00fcge einen aussagekr\u00e4ftigen, pers\u00f6nlichen Text hinzu Sieh dir die Design-Aktualisierung sofort in unserer interaktiven Vorschau an","og_url":"https:\/\/positiveprints.com\/de-at\/produkt\/strava-kartenposter\/","og_site_name":"Positive Prints","article_publisher":"https:\/\/www.facebook.com\/positiveprintscom","article_modified_time":"2026-04-03T01:16:07+00:00","og_image":[{"width":1450,"height":1450,"url":"https:\/\/positiveprints.com\/wp-content\/uploads\/2026\/02\/Packshot_DE_Strava-Kartenposter.webp","type":"image\/webp"}],"twitter_card":"summary_large_image","twitter_misc":{"Gesch\u00e4tzte Lesezeit":"1 Minute"},"schema":{"@context":"https:\/\/schema.org","@graph":[{"@type":["WebPage","ItemPage"],"@id":"https:\/\/positiveprints.com\/de-at\/produkt\/strava-kartenposter\/","url":"https:\/\/positiveprints.com\/de-at\/produkt\/strava-kartenposter\/","name":"Strava-Kartenposter - Positive Prints","isPartOf":{"@id":"https:\/\/positiveprints.com\/de-at\/#website"},"primaryImageOfPage":{"@id":"https:\/\/positiveprints.com\/de-at\/produkt\/strava-kartenposter\/#primaryimage"},"image":{"@id":"https:\/\/positiveprints.com\/de-at\/produkt\/strava-kartenposter\/#primaryimage"},"thumbnailUrl":"https:\/\/positiveprints.com\/wp-content\/uploads\/2026\/02\/Packshot_DE_Strava-Kartenposter.webp","datePublished":"2026-02-19T08:56:30+00:00","dateModified":"2026-04-03T01:16:07+00:00","description":"Erstelle ein personalisiertes Strava-Kartenposter mit deiner Aktivit\u00e4tsstrecke. Passe Farben, Text und Layout individuell an. Das perfekte Geschenk f\u00fcr L\u00e4ufer:innen, Radfahrer:innen und Outdoor-Fans, die ihre Lieblingsstrecke verewigen m\u00f6chten.","breadcrumb":{"@id":"https:\/\/positiveprints.com\/de-at\/produkt\/strava-kartenposter\/#breadcrumb"},"inLanguage":"de-AT","potentialAction":[{"@type":"ReadAction","target":["https:\/\/positiveprints.com\/de-at\/produkt\/strava-kartenposter\/"]}]},{"@type":"ImageObject","inLanguage":"de-AT","@id":"https:\/\/positiveprints.com\/de-at\/produkt\/strava-kartenposter\/#primaryimage","url":"https:\/\/positiveprints.com\/wp-content\/uploads\/2026\/02\/Packshot_DE_Strava-Kartenposter.webp","contentUrl":"https:\/\/positiveprints.com\/wp-content\/uploads\/2026\/02\/Packshot_DE_Strava-Kartenposter.webp","width":1450,"height":1450},{"@type":"BreadcrumbList","@id":"https:\/\/positiveprints.com\/de-at\/produkt\/strava-kartenposter\/#breadcrumb","itemListElement":[{"@type":"ListItem","position":1,"name":"Home","item":"https:\/\/positiveprints.com\/de-at\/"},{"@type":"ListItem","position":2,"name":"Products","item":"https:\/\/positiveprints.com\/de-at\/shop\/"},{"@type":"ListItem","position":3,"name":"Strava-Kartenposter"}]},{"@type":"WebSite","@id":"https:\/\/positiveprints.com\/de-at\/#website","url":"https:\/\/positiveprints.com\/de-at\/","name":"Positive Prints","description":"Amazing Custom Personalised Prints","publisher":{"@id":"https:\/\/positiveprints.com\/de-at\/#organization"},"potentialAction":[{"@type":"SearchAction","target":{"@type":"EntryPoint","urlTemplate":"https:\/\/positiveprints.com\/de-at\/?s={search_term_string}"},"query-input":{"@type":"PropertyValueSpecification","valueRequired":true,"valueName":"search_term_string"}}],"inLanguage":"de-AT"},{"@type":"Organization","@id":"https:\/\/positiveprints.com\/de-at\/#organization","name":"Positive Prints","alternateName":"Positive Prints","url":"https:\/\/positiveprints.com\/de-at\/","logo":{"@type":"ImageObject","inLanguage":"de-AT","@id":"https:\/\/positiveprints.com\/de-at\/#\/schema\/logo\/image\/","url":"https:\/\/positiveprints.com\/wp-content\/uploads\/2026\/03\/245815646_1337939713319158_5671353136411139666_n.png","contentUrl":"https:\/\/positiveprints.com\/wp-content\/uploads\/2026\/03\/245815646_1337939713319158_5671353136411139666_n.png","width":800,"height":800,"caption":"Positive Prints"},"image":{"@id":"https:\/\/positiveprints.com\/de-at\/#\/schema\/logo\/image\/"},"sameAs":["https:\/\/www.facebook.com\/positiveprintscom","https:\/\/www.instagram.com\/positiveprintscom\/","https:\/\/www.tiktok.com\/@positiveprintscom","https:\/\/www.pinterest.com\/positiveprintscom\/"]}]}},"jetpack_sharing_enabled":true,"_links":{"self":[{"href":"https:\/\/positiveprints.com\/de-at\/wp-json\/wp\/v2\/product\/1651470","targetHints":{"allow":["GET"]}}],"collection":[{"href":"https:\/\/positiveprints.com\/de-at\/wp-json\/wp\/v2\/product"}],"about":[{"href":"https:\/\/positiveprints.com\/de-at\/wp-json\/wp\/v2\/types\/product"}],"wp:featuredmedia":[{"embeddable":true,"href":"https:\/\/positiveprints.com\/de-at\/wp-json\/wp\/v2\/media\/1650567"}],"wp:attachment":[{"href":"https:\/\/positiveprints.com\/de-at\/wp-json\/wp\/v2\/media?parent=1651470"}],"wp:term":[{"taxonomy":"product_brand","embeddable":true,"href":"https:\/\/positiveprints.com\/de-at\/wp-json\/wp\/v2\/product_brand?post=1651470"},{"taxonomy":"product_cat","embeddable":true,"href":"https:\/\/positiveprints.com\/de-at\/wp-json\/wp\/v2\/product_cat?post=1651470"},{"taxonomy":"product_tag","embeddable":true,"href":"https:\/\/positiveprints.com\/de-at\/wp-json\/wp\/v2\/product_tag?post=1651470"}],"curies":[{"name":"wp","href":"https:\/\/api.w.org\/{rel}","templated":true}]}}