{"id":1649446,"date":"2026-02-18T11:01:35","date_gmt":"2026-02-18T10:01:35","guid":{"rendered":"https:\/\/positiveprints.com\/?post_type=product&#038;p=1649446"},"modified":"2026-04-28T13:10:06","modified_gmt":"2026-04-28T12:10:06","slug":"individueller-marathon-kartendruck","status":"publish","type":"product","link":"https:\/\/positiveprints.com\/de-at\/produkt\/individueller-marathon-kartendruck\/","title":{"rendered":"Individueller Marathon-Kartendruck"},"content":{"rendered":"","protected":false},"excerpt":{"rendered":"<ul class=\"check-list\">\n<li>Lade deine GPX-Datei hoch oder verbinde dich mit Strava<\/li>\n<li>Automatisch generierte Routendetails, einschlie\u00dflich Entfernung, Zeit, H\u00f6henmeter, Datum und mehr<\/li>\n<li>W\u00e4hle aus verschiedenen Kartenfarbthemen das passende f\u00fcr deinen Stil<\/li>\n<li>F\u00fcge eine pers\u00f6nliche Nachricht hinzu oder bearbeite deine automatisch ausgef\u00fcllten Statistiken<\/li>\n<li>Sieh dir die Design-Aktualisierung sofort in unserer interaktiven Vorschau an<\/li>\n<\/ul>\n","protected":false},"featured_media":1647883,"template":"","meta":[],"product_brand":[],"product_cat":[4906,7618,11332,8211,11354,7874,11207,15916,11480,8979],"product_tag":[14798,15928],"class_list":{"0":"post-1649446","1":"product","2":"type-product","3":"status-publish","4":"has-post-thumbnail","6":"product_cat-alle-produkte-de-at","7":"product_cat-geschenke-fur-bruder-de-at","8":"product_cat-weihnachtsgeschenke-fur-den-bruder-de-at","9":"product_cat-fur-ihn-de-at","10":"product_cat-weihnachtsgeschenke-fur-manner-de-at","11":"product_cat-geschenke-fur-sportfans-de-at","12":"product_cat-geburtstagsgeschenk-fur-manner-de-at","13":"product_cat-gpx-maps-de-at","14":"product_cat-hobbys-de-at","15":"product_cat-neu-in-de-at","16":"product_tag-creators-de-at-2","17":"product_tag-gpx-de-at","19":"first","20":"instock","21":"sale","22":"taxable","23":"shipping-taxable","24":"purchasable","25":"product-type-variable"},"yoast_head":"<!-- This site is optimized with the Yoast SEO Premium plugin v27.2 (Yoast SEO v27.2) - https:\/\/yoast.com\/product\/yoast-seo-premium-wordpress\/ -->\n<title>Individueller Marathon-Kartendruck - Positive Prints<\/title>\n<meta name=\"description\" content=\"Gestalte einen individuellen Marathon-Kartendruck mit Namen, Zeit und Farben. Das perfekte Geschenk f\u00fcr Marathonl\u00e4ufer:innen, die ihren hart erarbeiteten Erfolg feiern m\u00f6chten.\" \/>\n<meta name=\"robots\" content=\"index, follow, max-snippet:-1, max-image-preview:large, max-video-preview:-1\" \/>\n<link rel=\"canonical\" href=\"https:\/\/positiveprints.com\/de-at\/produkt\/individueller-marathon-kartendruck\/\" \/>\n<meta property=\"og:locale\" content=\"de_DE\" \/>\n<meta property=\"og:type\" content=\"article\" \/>\n<meta property=\"og:title\" content=\"Individueller Marathon-Kartendruck\" \/>\n<meta property=\"og:description\" content=\"Lade deine GPX-Datei hoch oder verbinde dich mit Strava Automatisch generierte Routendetails, einschlie\u00dflich Entfernung, Zeit, H\u00f6henmeter, Datum und mehr W\u00e4hle aus verschiedenen Kartenfarbthemen das passende f\u00fcr deinen Stil F\u00fcge eine pers\u00f6nliche Nachricht hinzu oder bearbeite deine automatisch ausgef\u00fcllten Statistiken Sieh dir die Design-Aktualisierung sofort in unserer interaktiven Vorschau an\" \/>\n<meta property=\"og:url\" content=\"https:\/\/positiveprints.com\/de-at\/produkt\/individueller-marathon-kartendruck\/\" \/>\n<meta property=\"og:site_name\" content=\"Positive Prints\" \/>\n<meta property=\"article:publisher\" content=\"https:\/\/www.facebook.com\/positiveprintscom\" \/>\n<meta property=\"article:modified_time\" content=\"2026-04-28T12:10:06+00:00\" \/>\n<meta property=\"og:image\" content=\"https:\/\/positiveprints.com\/wp-content\/uploads\/2026\/02\/Packshot_DE_Individueller-Marathon-Kartendruck.webp\" \/>\n\t<meta property=\"og:image:width\" content=\"1450\" \/>\n\t<meta property=\"og:image:height\" content=\"1450\" \/>\n\t<meta property=\"og:image:type\" content=\"image\/webp\" \/>\n<meta name=\"twitter:card\" content=\"summary_large_image\" \/>\n<!-- \/ Yoast SEO Premium plugin. -->","yoast_head_json":{"title":"Individueller Marathon-Kartendruck - Positive Prints","description":"Gestalte einen individuellen Marathon-Kartendruck mit Namen, Zeit und Farben. Das perfekte Geschenk f\u00fcr Marathonl\u00e4ufer:innen, die ihren hart erarbeiteten Erfolg feiern m\u00f6chten.","robots":{"index":"index","follow":"follow","max-snippet":"max-snippet:-1","max-image-preview":"max-image-preview:large","max-video-preview":"max-video-preview:-1"},"canonical":"https:\/\/positiveprints.com\/de-at\/produkt\/individueller-marathon-kartendruck\/","og_locale":"de_DE","og_type":"article","og_title":"Individueller Marathon-Kartendruck","og_description":"Lade deine GPX-Datei hoch oder verbinde dich mit Strava Automatisch generierte Routendetails, einschlie\u00dflich Entfernung, Zeit, H\u00f6henmeter, Datum und mehr W\u00e4hle aus verschiedenen Kartenfarbthemen das passende f\u00fcr deinen Stil F\u00fcge eine pers\u00f6nliche Nachricht hinzu oder bearbeite deine automatisch ausgef\u00fcllten Statistiken Sieh dir die Design-Aktualisierung sofort in unserer interaktiven Vorschau an","og_url":"https:\/\/positiveprints.com\/de-at\/produkt\/individueller-marathon-kartendruck\/","og_site_name":"Positive Prints","article_publisher":"https:\/\/www.facebook.com\/positiveprintscom","article_modified_time":"2026-04-28T12:10:06+00:00","og_image":[{"width":1450,"height":1450,"url":"https:\/\/positiveprints.com\/wp-content\/uploads\/2026\/02\/Packshot_DE_Individueller-Marathon-Kartendruck.webp","type":"image\/webp"}],"twitter_card":"summary_large_image","schema":{"@context":"https:\/\/schema.org","@graph":[{"@type":["WebPage","ItemPage"],"@id":"https:\/\/positiveprints.com\/de-at\/produkt\/individueller-marathon-kartendruck\/","url":"https:\/\/positiveprints.com\/de-at\/produkt\/individueller-marathon-kartendruck\/","name":"Individueller Marathon-Kartendruck - Positive Prints","isPartOf":{"@id":"https:\/\/positiveprints.com\/de-at\/#website"},"primaryImageOfPage":{"@id":"https:\/\/positiveprints.com\/de-at\/produkt\/individueller-marathon-kartendruck\/#primaryimage"},"image":{"@id":"https:\/\/positiveprints.com\/de-at\/produkt\/individueller-marathon-kartendruck\/#primaryimage"},"thumbnailUrl":"https:\/\/positiveprints.com\/wp-content\/uploads\/2026\/02\/Packshot_DE_Individueller-Marathon-Kartendruck.webp","datePublished":"2026-02-18T10:01:35+00:00","dateModified":"2026-04-28T12:10:06+00:00","description":"Gestalte einen individuellen Marathon-Kartendruck mit Namen, Zeit und Farben. Das perfekte Geschenk f\u00fcr Marathonl\u00e4ufer:innen, die ihren hart erarbeiteten Erfolg feiern m\u00f6chten.","breadcrumb":{"@id":"https:\/\/positiveprints.com\/de-at\/produkt\/individueller-marathon-kartendruck\/#breadcrumb"},"inLanguage":"de-AT","potentialAction":[{"@type":"ReadAction","target":["https:\/\/positiveprints.com\/de-at\/produkt\/individueller-marathon-kartendruck\/"]}]},{"@type":"ImageObject","inLanguage":"de-AT","@id":"https:\/\/positiveprints.com\/de-at\/produkt\/individueller-marathon-kartendruck\/#primaryimage","url":"https:\/\/positiveprints.com\/wp-content\/uploads\/2026\/02\/Packshot_DE_Individueller-Marathon-Kartendruck.webp","contentUrl":"https:\/\/positiveprints.com\/wp-content\/uploads\/2026\/02\/Packshot_DE_Individueller-Marathon-Kartendruck.webp","width":1450,"height":1450},{"@type":"BreadcrumbList","@id":"https:\/\/positiveprints.com\/de-at\/produkt\/individueller-marathon-kartendruck\/#breadcrumb","itemListElement":[{"@type":"ListItem","position":1,"name":"Home","item":"https:\/\/positiveprints.com\/de-at\/"},{"@type":"ListItem","position":2,"name":"Products","item":"https:\/\/positiveprints.com\/de-at\/shop\/"},{"@type":"ListItem","position":3,"name":"Individueller Marathon-Kartendruck"}]},{"@type":"WebSite","@id":"https:\/\/positiveprints.com\/de-at\/#website","url":"https:\/\/positiveprints.com\/de-at\/","name":"Positive Prints","description":"Amazing Custom Personalised Prints","publisher":{"@id":"https:\/\/positiveprints.com\/de-at\/#organization"},"potentialAction":[{"@type":"SearchAction","target":{"@type":"EntryPoint","urlTemplate":"https:\/\/positiveprints.com\/de-at\/?s={search_term_string}"},"query-input":{"@type":"PropertyValueSpecification","valueRequired":true,"valueName":"search_term_string"}}],"inLanguage":"de-AT"},{"@type":"Organization","@id":"https:\/\/positiveprints.com\/de-at\/#organization","name":"Positive Prints","alternateName":"Positive Prints","url":"https:\/\/positiveprints.com\/de-at\/","logo":{"@type":"ImageObject","inLanguage":"de-AT","@id":"https:\/\/positiveprints.com\/de-at\/#\/schema\/logo\/image\/","url":"https:\/\/positiveprints.com\/wp-content\/uploads\/2026\/03\/245815646_1337939713319158_5671353136411139666_n.png","contentUrl":"https:\/\/positiveprints.com\/wp-content\/uploads\/2026\/03\/245815646_1337939713319158_5671353136411139666_n.png","width":800,"height":800,"caption":"Positive Prints"},"image":{"@id":"https:\/\/positiveprints.com\/de-at\/#\/schema\/logo\/image\/"},"sameAs":["https:\/\/www.facebook.com\/positiveprintscom","https:\/\/www.instagram.com\/positiveprintscom\/","https:\/\/www.tiktok.com\/@positiveprintscom","https:\/\/www.pinterest.com\/positiveprintscom\/"]}]}},"jetpack_sharing_enabled":true,"_links":{"self":[{"href":"https:\/\/positiveprints.com\/de-at\/wp-json\/wp\/v2\/product\/1649446","targetHints":{"allow":["GET"]}}],"collection":[{"href":"https:\/\/positiveprints.com\/de-at\/wp-json\/wp\/v2\/product"}],"about":[{"href":"https:\/\/positiveprints.com\/de-at\/wp-json\/wp\/v2\/types\/product"}],"wp:featuredmedia":[{"embeddable":true,"href":"https:\/\/positiveprints.com\/de-at\/wp-json\/wp\/v2\/media\/1647883"}],"wp:attachment":[{"href":"https:\/\/positiveprints.com\/de-at\/wp-json\/wp\/v2\/media?parent=1649446"}],"wp:term":[{"taxonomy":"product_brand","embeddable":true,"href":"https:\/\/positiveprints.com\/de-at\/wp-json\/wp\/v2\/product_brand?post=1649446"},{"taxonomy":"product_cat","embeddable":true,"href":"https:\/\/positiveprints.com\/de-at\/wp-json\/wp\/v2\/product_cat?post=1649446"},{"taxonomy":"product_tag","embeddable":true,"href":"https:\/\/positiveprints.com\/de-at\/wp-json\/wp\/v2\/product_tag?post=1649446"}],"curies":[{"name":"wp","href":"https:\/\/api.w.org\/{rel}","templated":true}]}}