{"id":1630239,"date":"2026-02-04T12:53:58","date_gmt":"2026-02-04T11:53:58","guid":{"rendered":"https:\/\/positiveprints.com\/?post_type=product&#038;p=1630239"},"modified":"2026-04-03T02:17:00","modified_gmt":"2026-04-03T01:17:00","slug":"personalisierte-sternenkarte-zur-geburt","status":"publish","type":"product","link":"https:\/\/positiveprints.com\/de-at\/produkt\/personalisierte-sternenkarte-zur-geburt\/","title":{"rendered":"Personalisierte Sternenkarte zur Geburt"},"content":{"rendered":"","protected":false},"excerpt":{"rendered":"<ul class=\"check-list\">\n<li>F\u00fcge Planeten, Sternbilder und die Milchstra\u00dfe hinzu<\/li>\n<li>Passe dein Kunstwerk in 3 einfachen Schritten an<\/li>\n<li>F\u00fcge einen aussagekr\u00e4ftigen personalisierten Text hinzu<\/li>\n<li>Sieh das Ergebnis sofort \u2013 die interaktive Vorschau erm\u00f6glicht dir, jedes Detail direkt anzupassen<\/li>\n<\/ul>\n","protected":false},"featured_media":1631677,"template":"","meta":[],"product_brand":[],"product_cat":[8201,5341,11204,11207,5265,15039,11369,11332,8002,7618,7682,7731,7826,4731],"product_tag":[8460,15269,13423,13472],"class_list":{"0":"post-1630239","1":"product","2":"type-product","3":"status-publish","4":"has-post-thumbnail","6":"product_cat-fur-sie-de-at","7":"product_cat-geburtstagsgeschenke-de-at","8":"product_cat-geburtstagsgeschenk-fur-frauen","9":"product_cat-geburtstagsgeschenk-fur-manner-de-at","10":"product_cat-weihnachtsgeschenke-de-at","11":"product_cat-weihnachtsgeschenke-fur-freunde-de-at","12":"product_cat-weihnachtsgeschenke-fur-die-schwester-de-at","13":"product_cat-weihnachtsgeschenke-fur-den-bruder-de-at","14":"product_cat-geschenke-fur-manner-de-at","15":"product_cat-geschenke-fur-bruder-de-at","16":"product_cat-geschenke-fur-wichtige-frauen-in-deinem-leben-de-at","17":"product_cat-geschenke-fur-schwester-de-at","18":"product_cat-geschenke-fur-freunde-de-at","19":"product_cat-star-de-at-2","20":"product_tag-birthday-de-at","21":"product_tag-prezenty-swiateczne-dla-brata-de-at","22":"product_tag-weihnachtsgeschenk-fur-die-schwester-de-at","23":"product_tag-weihnachtsgeschenke-fur-freunde-de-at","25":"first","26":"instock","27":"sale","28":"taxable","29":"shipping-taxable","30":"purchasable","31":"product-type-variable","32":"has-default-attributes"},"yoast_head":"<!-- This site is optimized with the Yoast SEO Premium plugin v27.2 (Yoast SEO v27.2) - https:\/\/yoast.com\/product\/yoast-seo-premium-wordpress\/ -->\n<title>Personalisierte Sternenkarte zur Geburt - Positive Prints<\/title>\n<meta name=\"description\" content=\"Personalisierte Sternenkarte zur Geburt zeigt die Sterne eines besonderen Tages und ist ein einzigartiges Erinnerungsst\u00fcck oder Geschenk zur Geburt und zum Geburtstag.\" \/>\n<meta name=\"robots\" content=\"index, follow, max-snippet:-1, max-image-preview:large, max-video-preview:-1\" \/>\n<link rel=\"canonical\" href=\"https:\/\/positiveprints.com\/de-at\/produkt\/personalisierte-sternenkarte-zur-geburt\/\" \/>\n<meta property=\"og:locale\" content=\"de_DE\" \/>\n<meta property=\"og:type\" content=\"article\" \/>\n<meta property=\"og:title\" content=\"Personalisierte Sternenkarte zur Geburt\" \/>\n<meta property=\"og:description\" content=\"F\u00fcge Planeten, Sternbilder und die Milchstra\u00dfe hinzu  Passe dein Kunstwerk in 3 einfachen Schritten an  F\u00fcge einen aussagekr\u00e4ftigen personalisierten Text hinzu  Sieh das Ergebnis sofort \u2013 die interaktive Vorschau erm\u00f6glicht dir, jedes Detail direkt anzupassen\" \/>\n<meta property=\"og:url\" content=\"https:\/\/positiveprints.com\/de-at\/produkt\/personalisierte-sternenkarte-zur-geburt\/\" \/>\n<meta property=\"og:site_name\" content=\"Positive Prints\" \/>\n<meta property=\"article:publisher\" content=\"https:\/\/www.facebook.com\/positiveprintscom\" \/>\n<meta property=\"article:modified_time\" content=\"2026-04-03T01:17:00+00:00\" \/>\n<meta property=\"og:image\" content=\"https:\/\/positiveprints.com\/wp-content\/uploads\/2026\/02\/Packshot_DE_XX-2.webp\" \/>\n\t<meta property=\"og:image:width\" content=\"1450\" \/>\n\t<meta property=\"og:image:height\" content=\"1450\" \/>\n\t<meta property=\"og:image:type\" content=\"image\/webp\" \/>\n<meta name=\"twitter:card\" content=\"summary_large_image\" \/>\n<meta name=\"twitter:label1\" content=\"Gesch\u00e4tzte Lesezeit\" \/>\n\t<meta name=\"twitter:data1\" content=\"4 Minuten\" \/>\n<!-- \/ Yoast SEO Premium plugin. -->","yoast_head_json":{"title":"Personalisierte Sternenkarte zur Geburt - Positive Prints","description":"Personalisierte Sternenkarte zur Geburt zeigt die Sterne eines besonderen Tages und ist ein einzigartiges Erinnerungsst\u00fcck oder Geschenk zur Geburt und zum Geburtstag.","robots":{"index":"index","follow":"follow","max-snippet":"max-snippet:-1","max-image-preview":"max-image-preview:large","max-video-preview":"max-video-preview:-1"},"canonical":"https:\/\/positiveprints.com\/de-at\/produkt\/personalisierte-sternenkarte-zur-geburt\/","og_locale":"de_DE","og_type":"article","og_title":"Personalisierte Sternenkarte zur Geburt","og_description":"F\u00fcge Planeten, Sternbilder und die Milchstra\u00dfe hinzu  Passe dein Kunstwerk in 3 einfachen Schritten an  F\u00fcge einen aussagekr\u00e4ftigen personalisierten Text hinzu  Sieh das Ergebnis sofort \u2013 die interaktive Vorschau erm\u00f6glicht dir, jedes Detail direkt anzupassen","og_url":"https:\/\/positiveprints.com\/de-at\/produkt\/personalisierte-sternenkarte-zur-geburt\/","og_site_name":"Positive Prints","article_publisher":"https:\/\/www.facebook.com\/positiveprintscom","article_modified_time":"2026-04-03T01:17:00+00:00","og_image":[{"width":1450,"height":1450,"url":"https:\/\/positiveprints.com\/wp-content\/uploads\/2026\/02\/Packshot_DE_XX-2.webp","type":"image\/webp"}],"twitter_card":"summary_large_image","twitter_misc":{"Gesch\u00e4tzte Lesezeit":"4 Minuten"},"schema":{"@context":"https:\/\/schema.org","@graph":[{"@type":["WebPage","ItemPage"],"@id":"https:\/\/positiveprints.com\/de-at\/produkt\/personalisierte-sternenkarte-zur-geburt\/","url":"https:\/\/positiveprints.com\/de-at\/produkt\/personalisierte-sternenkarte-zur-geburt\/","name":"Personalisierte Sternenkarte zur Geburt - Positive Prints","isPartOf":{"@id":"https:\/\/positiveprints.com\/de-at\/#website"},"primaryImageOfPage":{"@id":"https:\/\/positiveprints.com\/de-at\/produkt\/personalisierte-sternenkarte-zur-geburt\/#primaryimage"},"image":{"@id":"https:\/\/positiveprints.com\/de-at\/produkt\/personalisierte-sternenkarte-zur-geburt\/#primaryimage"},"thumbnailUrl":"https:\/\/positiveprints.com\/wp-content\/uploads\/2026\/02\/Packshot_DE_XX-2.webp","datePublished":"2026-02-04T11:53:58+00:00","dateModified":"2026-04-03T01:17:00+00:00","description":"Personalisierte Sternenkarte zur Geburt zeigt die Sterne eines besonderen Tages und ist ein einzigartiges Erinnerungsst\u00fcck oder Geschenk zur Geburt und zum Geburtstag.","breadcrumb":{"@id":"https:\/\/positiveprints.com\/de-at\/produkt\/personalisierte-sternenkarte-zur-geburt\/#breadcrumb"},"inLanguage":"de-AT","potentialAction":[{"@type":"ReadAction","target":["https:\/\/positiveprints.com\/de-at\/produkt\/personalisierte-sternenkarte-zur-geburt\/"]}]},{"@type":"ImageObject","inLanguage":"de-AT","@id":"https:\/\/positiveprints.com\/de-at\/produkt\/personalisierte-sternenkarte-zur-geburt\/#primaryimage","url":"https:\/\/positiveprints.com\/wp-content\/uploads\/2026\/02\/Packshot_DE_XX-2.webp","contentUrl":"https:\/\/positiveprints.com\/wp-content\/uploads\/2026\/02\/Packshot_DE_XX-2.webp","width":1450,"height":1450},{"@type":"BreadcrumbList","@id":"https:\/\/positiveprints.com\/de-at\/produkt\/personalisierte-sternenkarte-zur-geburt\/#breadcrumb","itemListElement":[{"@type":"ListItem","position":1,"name":"Home","item":"https:\/\/positiveprints.com\/de-at\/"},{"@type":"ListItem","position":2,"name":"Products","item":"https:\/\/positiveprints.com\/de-at\/shop\/"},{"@type":"ListItem","position":3,"name":"Personalisierte Sternenkarte zur Geburt"}]},{"@type":"WebSite","@id":"https:\/\/positiveprints.com\/de-at\/#website","url":"https:\/\/positiveprints.com\/de-at\/","name":"Positive Prints","description":"Amazing Custom Personalised Prints","publisher":{"@id":"https:\/\/positiveprints.com\/de-at\/#organization"},"potentialAction":[{"@type":"SearchAction","target":{"@type":"EntryPoint","urlTemplate":"https:\/\/positiveprints.com\/de-at\/?s={search_term_string}"},"query-input":{"@type":"PropertyValueSpecification","valueRequired":true,"valueName":"search_term_string"}}],"inLanguage":"de-AT"},{"@type":"Organization","@id":"https:\/\/positiveprints.com\/de-at\/#organization","name":"Positive Prints","alternateName":"Positive Prints","url":"https:\/\/positiveprints.com\/de-at\/","logo":{"@type":"ImageObject","inLanguage":"de-AT","@id":"https:\/\/positiveprints.com\/de-at\/#\/schema\/logo\/image\/","url":"https:\/\/positiveprints.com\/wp-content\/uploads\/2026\/03\/245815646_1337939713319158_5671353136411139666_n.png","contentUrl":"https:\/\/positiveprints.com\/wp-content\/uploads\/2026\/03\/245815646_1337939713319158_5671353136411139666_n.png","width":800,"height":800,"caption":"Positive Prints"},"image":{"@id":"https:\/\/positiveprints.com\/de-at\/#\/schema\/logo\/image\/"},"sameAs":["https:\/\/www.facebook.com\/positiveprintscom","https:\/\/www.instagram.com\/positiveprintscom\/","https:\/\/www.tiktok.com\/@positiveprintscom","https:\/\/www.pinterest.com\/positiveprintscom\/"]}]}},"jetpack_sharing_enabled":true,"_links":{"self":[{"href":"https:\/\/positiveprints.com\/de-at\/wp-json\/wp\/v2\/product\/1630239","targetHints":{"allow":["GET"]}}],"collection":[{"href":"https:\/\/positiveprints.com\/de-at\/wp-json\/wp\/v2\/product"}],"about":[{"href":"https:\/\/positiveprints.com\/de-at\/wp-json\/wp\/v2\/types\/product"}],"wp:featuredmedia":[{"embeddable":true,"href":"https:\/\/positiveprints.com\/de-at\/wp-json\/wp\/v2\/media\/1631677"}],"wp:attachment":[{"href":"https:\/\/positiveprints.com\/de-at\/wp-json\/wp\/v2\/media?parent=1630239"}],"wp:term":[{"taxonomy":"product_brand","embeddable":true,"href":"https:\/\/positiveprints.com\/de-at\/wp-json\/wp\/v2\/product_brand?post=1630239"},{"taxonomy":"product_cat","embeddable":true,"href":"https:\/\/positiveprints.com\/de-at\/wp-json\/wp\/v2\/product_cat?post=1630239"},{"taxonomy":"product_tag","embeddable":true,"href":"https:\/\/positiveprints.com\/de-at\/wp-json\/wp\/v2\/product_tag?post=1630239"}],"curies":[{"name":"wp","href":"https:\/\/api.w.org\/{rel}","templated":true}]}}