{"id":1614637,"date":"2026-01-13T14:04:16","date_gmt":"2026-01-13T13:04:16","guid":{"rendered":"https:\/\/positiveprints.com\/?post_type=product&#038;p=1614637"},"modified":"2026-04-03T02:17:58","modified_gmt":"2026-04-03T01:17:58","slug":"wo-alles-begann-geschenk","status":"publish","type":"product","link":"https:\/\/positiveprints.com\/de-at\/produkt\/wo-alles-begann-geschenk\/","title":{"rendered":"Wo alles begann Geschenk"},"content":{"rendered":"","protected":false},"excerpt":{"rendered":"<ul class=\"check-list\">\n<li>Markiere eine besondere Stelle mit einem ausgew\u00e4hlten Symbol<\/li>\n<li>Passe dein Kunstwerk in 3 einfachen Schritten an<\/li>\n<li>F\u00fcge einen aussagekr\u00e4ftigen personalisierten Text hinzu<\/li>\n<li>Sieh das Ergebnis sofort \u2013 die interaktive Vorschau erm\u00f6glicht dir, jedes Detail direkt anzupassen<\/li>\n<\/ul>\n","protected":false},"featured_media":1694858,"template":"","meta":[],"product_brand":[],"product_cat":[7196],"product_tag":[14784,15720,15748,15743,15741,15747,15745,15752,15750,15751],"class_list":{"0":"post-1614637","1":"product","2":"type-product","3":"status-publish","4":"has-post-thumbnail","6":"product_cat-map-de-at","7":"product_tag-anniversary-de-at","8":"product_tag-christmas-present-de-at","9":"product_tag-regali-di-natale-per-donne-de-at","10":"product_tag-regali-di-natale-per-il-fidanzato-de-at","11":"product_tag-regali-di-natale-per-il-marito-de-at","12":"product_tag-regali-di-natale-per-la-fidanzata-de-at","13":"product_tag-regali-di-natale-per-la-moglie-de-at","14":"product_tag-regali-di-natale-per-lei-de-at","15":"product_tag-regali-di-natale-per-lui-de-at","16":"product_tag-regali-di-natale-per-uomini-de-at","18":"first","19":"instock","20":"sale","21":"taxable","22":"shipping-taxable","23":"purchasable","24":"product-type-variable"},"yoast_head":"<!-- This site is optimized with the Yoast SEO Premium plugin v27.2 (Yoast SEO v27.2) - https:\/\/yoast.com\/product\/yoast-seo-premium-wordpress\/ -->\n<title>Wo alles begann Geschenk - Positive Prints<\/title>\n<meta name=\"description\" content=\"Wo alles begann Geschenk als personalisiertes Poster. Eine besondere Erinnerung an den Anfang eurer Liebe \u2013 ideal f\u00fcr Jahrestag, Hochzeit oder Valentinstag.\" \/>\n<meta name=\"robots\" content=\"index, follow, max-snippet:-1, max-image-preview:large, max-video-preview:-1\" \/>\n<link rel=\"canonical\" href=\"https:\/\/positiveprints.com\/de-at\/produkt\/wo-alles-begann-geschenk\/\" \/>\n<meta property=\"og:locale\" content=\"de_DE\" \/>\n<meta property=\"og:type\" content=\"article\" \/>\n<meta property=\"og:title\" content=\"Wo alles begann Geschenk\" \/>\n<meta property=\"og:description\" content=\"Markiere eine besondere Stelle mit einem ausgew\u00e4hlten Symbol Passe dein Kunstwerk in 3 einfachen Schritten an F\u00fcge einen aussagekr\u00e4ftigen personalisierten Text hinzu Sieh das Ergebnis sofort \u2013 die interaktive Vorschau erm\u00f6glicht dir, jedes Detail direkt anzupassen\" \/>\n<meta property=\"og:url\" content=\"https:\/\/positiveprints.com\/de-at\/produkt\/wo-alles-begann-geschenk\/\" \/>\n<meta property=\"og:site_name\" content=\"Positive Prints\" \/>\n<meta property=\"article:publisher\" content=\"https:\/\/www.facebook.com\/positiveprintscom\" \/>\n<meta property=\"article:modified_time\" content=\"2026-04-03T01:17:58+00:00\" \/>\n<meta property=\"og:image\" content=\"https:\/\/positiveprints.com\/wp-content\/uploads\/2026\/01\/Packshot_DE_XX-3.webp\" \/>\n\t<meta property=\"og:image:width\" content=\"1450\" \/>\n\t<meta property=\"og:image:height\" content=\"1450\" \/>\n\t<meta property=\"og:image:type\" content=\"image\/webp\" \/>\n<meta name=\"twitter:card\" content=\"summary_large_image\" \/>\n<meta name=\"twitter:label1\" content=\"Gesch\u00e4tzte Lesezeit\" \/>\n\t<meta name=\"twitter:data1\" content=\"1 Minute\" \/>\n<!-- \/ Yoast SEO Premium plugin. -->","yoast_head_json":{"title":"Wo alles begann Geschenk - Positive Prints","description":"Wo alles begann Geschenk als personalisiertes Poster. Eine besondere Erinnerung an den Anfang eurer Liebe \u2013 ideal f\u00fcr Jahrestag, Hochzeit oder Valentinstag.","robots":{"index":"index","follow":"follow","max-snippet":"max-snippet:-1","max-image-preview":"max-image-preview:large","max-video-preview":"max-video-preview:-1"},"canonical":"https:\/\/positiveprints.com\/de-at\/produkt\/wo-alles-begann-geschenk\/","og_locale":"de_DE","og_type":"article","og_title":"Wo alles begann Geschenk","og_description":"Markiere eine besondere Stelle mit einem ausgew\u00e4hlten Symbol Passe dein Kunstwerk in 3 einfachen Schritten an F\u00fcge einen aussagekr\u00e4ftigen personalisierten Text hinzu Sieh das Ergebnis sofort \u2013 die interaktive Vorschau erm\u00f6glicht dir, jedes Detail direkt anzupassen","og_url":"https:\/\/positiveprints.com\/de-at\/produkt\/wo-alles-begann-geschenk\/","og_site_name":"Positive Prints","article_publisher":"https:\/\/www.facebook.com\/positiveprintscom","article_modified_time":"2026-04-03T01:17:58+00:00","og_image":[{"width":1450,"height":1450,"url":"https:\/\/positiveprints.com\/wp-content\/uploads\/2026\/01\/Packshot_DE_XX-3.webp","type":"image\/webp"}],"twitter_card":"summary_large_image","twitter_misc":{"Gesch\u00e4tzte Lesezeit":"1 Minute"},"schema":{"@context":"https:\/\/schema.org","@graph":[{"@type":["WebPage","ItemPage"],"@id":"https:\/\/positiveprints.com\/de-at\/produkt\/wo-alles-begann-geschenk\/","url":"https:\/\/positiveprints.com\/de-at\/produkt\/wo-alles-begann-geschenk\/","name":"Wo alles begann Geschenk - Positive Prints","isPartOf":{"@id":"https:\/\/positiveprints.com\/de-at\/#website"},"primaryImageOfPage":{"@id":"https:\/\/positiveprints.com\/de-at\/produkt\/wo-alles-begann-geschenk\/#primaryimage"},"image":{"@id":"https:\/\/positiveprints.com\/de-at\/produkt\/wo-alles-begann-geschenk\/#primaryimage"},"thumbnailUrl":"https:\/\/positiveprints.com\/wp-content\/uploads\/2026\/04\/Packshot_DE_XX-Wo-unsere-Geschichte-begann.webp","datePublished":"2026-01-13T13:04:16+00:00","dateModified":"2026-04-03T01:17:58+00:00","description":"Wo alles begann Geschenk als personalisiertes Poster. Eine besondere Erinnerung an den Anfang eurer Liebe \u2013 ideal f\u00fcr Jahrestag, Hochzeit oder Valentinstag.","breadcrumb":{"@id":"https:\/\/positiveprints.com\/de-at\/produkt\/wo-alles-begann-geschenk\/#breadcrumb"},"inLanguage":"de-AT","potentialAction":[{"@type":"ReadAction","target":["https:\/\/positiveprints.com\/de-at\/produkt\/wo-alles-begann-geschenk\/"]}]},{"@type":"ImageObject","inLanguage":"de-AT","@id":"https:\/\/positiveprints.com\/de-at\/produkt\/wo-alles-begann-geschenk\/#primaryimage","url":"https:\/\/positiveprints.com\/wp-content\/uploads\/2026\/04\/Packshot_DE_XX-Wo-unsere-Geschichte-begann.webp","contentUrl":"https:\/\/positiveprints.com\/wp-content\/uploads\/2026\/04\/Packshot_DE_XX-Wo-unsere-Geschichte-begann.webp","width":1450,"height":1450,"caption":"Packshot_DE_XX Wo unsere Geschichte begann"},{"@type":"BreadcrumbList","@id":"https:\/\/positiveprints.com\/de-at\/produkt\/wo-alles-begann-geschenk\/#breadcrumb","itemListElement":[{"@type":"ListItem","position":1,"name":"Home","item":"https:\/\/positiveprints.com\/de-at\/"},{"@type":"ListItem","position":2,"name":"Products","item":"https:\/\/positiveprints.com\/de-at\/shop\/"},{"@type":"ListItem","position":3,"name":"Wo alles begann Geschenk"}]},{"@type":"WebSite","@id":"https:\/\/positiveprints.com\/de-at\/#website","url":"https:\/\/positiveprints.com\/de-at\/","name":"Positive Prints","description":"Amazing Custom Personalised Prints","publisher":{"@id":"https:\/\/positiveprints.com\/de-at\/#organization"},"potentialAction":[{"@type":"SearchAction","target":{"@type":"EntryPoint","urlTemplate":"https:\/\/positiveprints.com\/de-at\/?s={search_term_string}"},"query-input":{"@type":"PropertyValueSpecification","valueRequired":true,"valueName":"search_term_string"}}],"inLanguage":"de-AT"},{"@type":"Organization","@id":"https:\/\/positiveprints.com\/de-at\/#organization","name":"Positive Prints","alternateName":"Positive Prints","url":"https:\/\/positiveprints.com\/de-at\/","logo":{"@type":"ImageObject","inLanguage":"de-AT","@id":"https:\/\/positiveprints.com\/de-at\/#\/schema\/logo\/image\/","url":"https:\/\/positiveprints.com\/wp-content\/uploads\/2026\/03\/245815646_1337939713319158_5671353136411139666_n.png","contentUrl":"https:\/\/positiveprints.com\/wp-content\/uploads\/2026\/03\/245815646_1337939713319158_5671353136411139666_n.png","width":800,"height":800,"caption":"Positive Prints"},"image":{"@id":"https:\/\/positiveprints.com\/de-at\/#\/schema\/logo\/image\/"},"sameAs":["https:\/\/www.facebook.com\/positiveprintscom","https:\/\/www.instagram.com\/positiveprintscom\/","https:\/\/www.tiktok.com\/@positiveprintscom","https:\/\/www.pinterest.com\/positiveprintscom\/"]}]}},"jetpack_sharing_enabled":true,"_links":{"self":[{"href":"https:\/\/positiveprints.com\/de-at\/wp-json\/wp\/v2\/product\/1614637","targetHints":{"allow":["GET"]}}],"collection":[{"href":"https:\/\/positiveprints.com\/de-at\/wp-json\/wp\/v2\/product"}],"about":[{"href":"https:\/\/positiveprints.com\/de-at\/wp-json\/wp\/v2\/types\/product"}],"wp:featuredmedia":[{"embeddable":true,"href":"https:\/\/positiveprints.com\/de-at\/wp-json\/wp\/v2\/media\/1694858"}],"wp:attachment":[{"href":"https:\/\/positiveprints.com\/de-at\/wp-json\/wp\/v2\/media?parent=1614637"}],"wp:term":[{"taxonomy":"product_brand","embeddable":true,"href":"https:\/\/positiveprints.com\/de-at\/wp-json\/wp\/v2\/product_brand?post=1614637"},{"taxonomy":"product_cat","embeddable":true,"href":"https:\/\/positiveprints.com\/de-at\/wp-json\/wp\/v2\/product_cat?post=1614637"},{"taxonomy":"product_tag","embeddable":true,"href":"https:\/\/positiveprints.com\/de-at\/wp-json\/wp\/v2\/product_tag?post=1614637"}],"curies":[{"name":"wp","href":"https:\/\/api.w.org\/{rel}","templated":true}]}}