{"id":1558934,"date":"2023-11-23T10:54:34","date_gmt":"2023-11-23T09:54:34","guid":{"rendered":"https:\/\/positiveprints.com\/?post_type=product&#038;p=1558934"},"modified":"2026-04-18T04:46:27","modified_gmt":"2026-04-18T03:46:27","slug":"haus-strichzeichnung","status":"publish","type":"product","link":"https:\/\/positiveprints.com\/de-at\/produkt\/haus-strichzeichnung\/","title":{"rendered":"Haus-Strichzeichnung"},"content":{"rendered":"","protected":false},"excerpt":{"rendered":"<ul class=\"check-list\">\n<li>Lade ein Foto deines Zuhauses hoch<\/li>\n<li>F\u00fcge einen Familiennamen, das Einzugsdatum und\/oder eine pers\u00f6nliche Nachricht hinzu<\/li>\n<li>Du erh\u00e4ltst einen Korrekturabzug innerhalb von 2\u20133 Werktagen<\/li>\n<li>2 \u00dcberarbeitungen auf Anfrage m\u00f6glich<\/li>\n<li>Mehrere Druckgr\u00f6\u00dfen zur Auswah<\/li>\n<\/ul>\n","protected":false},"featured_media":1558427,"template":"","meta":[],"product_brand":[],"product_cat":[9174,9757,4906,5295,8002,7682,7842],"product_tag":[9079],"class_list":{"0":"post-1558934","1":"product","2":"type-product","3":"status-publish","4":"has-post-thumbnail","6":"product_cat-line-art-de-at","7":"product_cat-trending-label-de-at","8":"product_cat-alle-produkte-de-at","9":"product_cat-einzugsgeschenke-de-at","10":"product_cat-geschenke-fur-manner-de-at","11":"product_cat-geschenke-fur-wichtige-frauen-in-deinem-leben-de-at","12":"product_cat-geschenke-fur-deine-familie-de-at","13":"product_tag-housewarming-de-at-2","15":"first","16":"instock","17":"sale","18":"taxable","19":"shipping-taxable","20":"purchasable","21":"product-type-variable"},"yoast_head":"<!-- This site is optimized with the Yoast SEO Premium plugin v27.2 (Yoast SEO v27.2) - https:\/\/yoast.com\/product\/yoast-seo-premium-wordpress\/ -->\n<title>Haus-Strichzeichnung - Positive Prints<\/title>\n<meta name=\"description\" content=\"Bestelle jetzt eine Haus-Strichzeichnung und w\u00fcrdige den Ort, an dem unz\u00e4hlige Erinnerungen entstehen, mit einem personalisierten Meisterwerk, das die Essenz deines Zuhauses einf\u00e4ngt.\" \/>\n<meta name=\"robots\" content=\"index, follow, max-snippet:-1, max-image-preview:large, max-video-preview:-1\" \/>\n<link rel=\"canonical\" href=\"https:\/\/positiveprints.com\/de-at\/produkt\/haus-strichzeichnung\/\" \/>\n<meta property=\"og:locale\" content=\"de_DE\" \/>\n<meta property=\"og:type\" content=\"article\" \/>\n<meta property=\"og:title\" content=\"Haus-Strichzeichnung\" \/>\n<meta property=\"og:description\" content=\"Lade ein Foto deines Zuhauses hoch F\u00fcge einen Familiennamen, das Einzugsdatum und\/oder eine pers\u00f6nliche Nachricht hinzu Du erh\u00e4ltst einen Korrekturabzug innerhalb von 2\u20133 Werktagen 2 \u00dcberarbeitungen auf Anfrage m\u00f6glich Mehrere Druckgr\u00f6\u00dfen zur Auswah\" \/>\n<meta property=\"og:url\" content=\"https:\/\/positiveprints.com\/de-at\/produkt\/haus-strichzeichnung\/\" \/>\n<meta property=\"og:site_name\" content=\"Positive Prints\" \/>\n<meta property=\"article:publisher\" content=\"https:\/\/www.facebook.com\/positiveprintscom\" \/>\n<meta property=\"article:modified_time\" content=\"2026-04-18T03:46:27+00:00\" \/>\n<meta property=\"og:image\" content=\"https:\/\/positiveprints.com\/wp-content\/uploads\/2025\/10\/Haus-Strichzeichnung-6-1.webp\" \/>\n\t<meta property=\"og:image:width\" content=\"1450\" \/>\n\t<meta property=\"og:image:height\" content=\"1450\" \/>\n\t<meta property=\"og:image:type\" content=\"image\/webp\" \/>\n<meta name=\"twitter:card\" content=\"summary_large_image\" \/>\n<meta name=\"twitter:label1\" content=\"Gesch\u00e4tzte Lesezeit\" \/>\n\t<meta name=\"twitter:data1\" content=\"1 Minute\" \/>\n<!-- \/ Yoast SEO Premium plugin. -->","yoast_head_json":{"title":"Haus-Strichzeichnung - Positive Prints","description":"Bestelle jetzt eine Haus-Strichzeichnung und w\u00fcrdige den Ort, an dem unz\u00e4hlige Erinnerungen entstehen, mit einem personalisierten Meisterwerk, das die Essenz deines Zuhauses einf\u00e4ngt.","robots":{"index":"index","follow":"follow","max-snippet":"max-snippet:-1","max-image-preview":"max-image-preview:large","max-video-preview":"max-video-preview:-1"},"canonical":"https:\/\/positiveprints.com\/de-at\/produkt\/haus-strichzeichnung\/","og_locale":"de_DE","og_type":"article","og_title":"Haus-Strichzeichnung","og_description":"Lade ein Foto deines Zuhauses hoch F\u00fcge einen Familiennamen, das Einzugsdatum und\/oder eine pers\u00f6nliche Nachricht hinzu Du erh\u00e4ltst einen Korrekturabzug innerhalb von 2\u20133 Werktagen 2 \u00dcberarbeitungen auf Anfrage m\u00f6glich Mehrere Druckgr\u00f6\u00dfen zur Auswah","og_url":"https:\/\/positiveprints.com\/de-at\/produkt\/haus-strichzeichnung\/","og_site_name":"Positive Prints","article_publisher":"https:\/\/www.facebook.com\/positiveprintscom","article_modified_time":"2026-04-18T03:46:27+00:00","og_image":[{"width":1450,"height":1450,"url":"https:\/\/positiveprints.com\/wp-content\/uploads\/2025\/10\/Haus-Strichzeichnung-6-1.webp","type":"image\/webp"}],"twitter_card":"summary_large_image","twitter_misc":{"Gesch\u00e4tzte Lesezeit":"1 Minute"},"schema":{"@context":"https:\/\/schema.org","@graph":[{"@type":["WebPage","ItemPage"],"@id":"https:\/\/positiveprints.com\/de-at\/produkt\/haus-strichzeichnung\/","url":"https:\/\/positiveprints.com\/de-at\/produkt\/haus-strichzeichnung\/","name":"Haus-Strichzeichnung - Positive Prints","isPartOf":{"@id":"https:\/\/positiveprints.com\/de-at\/#website"},"primaryImageOfPage":{"@id":"https:\/\/positiveprints.com\/de-at\/produkt\/haus-strichzeichnung\/#primaryimage"},"image":{"@id":"https:\/\/positiveprints.com\/de-at\/produkt\/haus-strichzeichnung\/#primaryimage"},"thumbnailUrl":"https:\/\/positiveprints.com\/wp-content\/uploads\/2025\/10\/Haus-Strichzeichnung-6-1.webp","datePublished":"2023-11-23T09:54:34+00:00","dateModified":"2026-04-18T03:46:27+00:00","description":"Bestelle jetzt eine Haus-Strichzeichnung und w\u00fcrdige den Ort, an dem unz\u00e4hlige Erinnerungen entstehen, mit einem personalisierten Meisterwerk, das die Essenz deines Zuhauses einf\u00e4ngt.","breadcrumb":{"@id":"https:\/\/positiveprints.com\/de-at\/produkt\/haus-strichzeichnung\/#breadcrumb"},"inLanguage":"de-AT","potentialAction":[{"@type":"ReadAction","target":["https:\/\/positiveprints.com\/de-at\/produkt\/haus-strichzeichnung\/"]}]},{"@type":"ImageObject","inLanguage":"de-AT","@id":"https:\/\/positiveprints.com\/de-at\/produkt\/haus-strichzeichnung\/#primaryimage","url":"https:\/\/positiveprints.com\/wp-content\/uploads\/2025\/10\/Haus-Strichzeichnung-6-1.webp","contentUrl":"https:\/\/positiveprints.com\/wp-content\/uploads\/2025\/10\/Haus-Strichzeichnung-6-1.webp","width":1450,"height":1450},{"@type":"BreadcrumbList","@id":"https:\/\/positiveprints.com\/de-at\/produkt\/haus-strichzeichnung\/#breadcrumb","itemListElement":[{"@type":"ListItem","position":1,"name":"Home","item":"https:\/\/positiveprints.com\/de-at\/"},{"@type":"ListItem","position":2,"name":"Products","item":"https:\/\/positiveprints.com\/de-at\/shop\/"},{"@type":"ListItem","position":3,"name":"Haus-Strichzeichnung"}]},{"@type":"WebSite","@id":"https:\/\/positiveprints.com\/de-at\/#website","url":"https:\/\/positiveprints.com\/de-at\/","name":"Positive Prints","description":"Amazing Custom Personalised Prints","publisher":{"@id":"https:\/\/positiveprints.com\/de-at\/#organization"},"potentialAction":[{"@type":"SearchAction","target":{"@type":"EntryPoint","urlTemplate":"https:\/\/positiveprints.com\/de-at\/?s={search_term_string}"},"query-input":{"@type":"PropertyValueSpecification","valueRequired":true,"valueName":"search_term_string"}}],"inLanguage":"de-AT"},{"@type":"Organization","@id":"https:\/\/positiveprints.com\/de-at\/#organization","name":"Positive Prints","alternateName":"Positive Prints","url":"https:\/\/positiveprints.com\/de-at\/","logo":{"@type":"ImageObject","inLanguage":"de-AT","@id":"https:\/\/positiveprints.com\/de-at\/#\/schema\/logo\/image\/","url":"https:\/\/positiveprints.com\/wp-content\/uploads\/2026\/03\/245815646_1337939713319158_5671353136411139666_n.png","contentUrl":"https:\/\/positiveprints.com\/wp-content\/uploads\/2026\/03\/245815646_1337939713319158_5671353136411139666_n.png","width":800,"height":800,"caption":"Positive Prints"},"image":{"@id":"https:\/\/positiveprints.com\/de-at\/#\/schema\/logo\/image\/"},"sameAs":["https:\/\/www.facebook.com\/positiveprintscom","https:\/\/www.instagram.com\/positiveprintscom\/","https:\/\/www.tiktok.com\/@positiveprintscom","https:\/\/www.pinterest.com\/positiveprintscom\/"]}]}},"jetpack_sharing_enabled":true,"_links":{"self":[{"href":"https:\/\/positiveprints.com\/de-at\/wp-json\/wp\/v2\/product\/1558934","targetHints":{"allow":["GET"]}}],"collection":[{"href":"https:\/\/positiveprints.com\/de-at\/wp-json\/wp\/v2\/product"}],"about":[{"href":"https:\/\/positiveprints.com\/de-at\/wp-json\/wp\/v2\/types\/product"}],"wp:featuredmedia":[{"embeddable":true,"href":"https:\/\/positiveprints.com\/de-at\/wp-json\/wp\/v2\/media\/1558427"}],"wp:attachment":[{"href":"https:\/\/positiveprints.com\/de-at\/wp-json\/wp\/v2\/media?parent=1558934"}],"wp:term":[{"taxonomy":"product_brand","embeddable":true,"href":"https:\/\/positiveprints.com\/de-at\/wp-json\/wp\/v2\/product_brand?post=1558934"},{"taxonomy":"product_cat","embeddable":true,"href":"https:\/\/positiveprints.com\/de-at\/wp-json\/wp\/v2\/product_cat?post=1558934"},{"taxonomy":"product_tag","embeddable":true,"href":"https:\/\/positiveprints.com\/de-at\/wp-json\/wp\/v2\/product_tag?post=1558934"}],"curies":[{"name":"wp","href":"https:\/\/api.w.org\/{rel}","templated":true}]}}