{"id":1522712,"date":"2025-09-19T08:58:28","date_gmt":"2025-09-19T06:58:28","guid":{"rendered":"https:\/\/positiveprints.com\/?post_type=product&#038;p=1522712"},"modified":"2026-04-03T02:21:56","modified_gmt":"2026-04-03T01:21:56","slug":"personalisierte-aquarellzeichnung-der-schule","status":"publish","type":"product","link":"https:\/\/positiveprints.com\/de-at\/produkt\/personalisierte-aquarellzeichnung-der-schule\/","title":{"rendered":"Personalisierte Aquarellzeichnung der Schule"},"content":{"rendered":"","protected":false},"excerpt":{"rendered":"<ul class=\"check-list\">\n<li>Lade ein Foto deines Schulgeb\u00e4udes hoch<\/li>\n<li>2 Revisionen auf deinen Wunsch verf\u00fcgbar<\/li>\n<li>Entspanne dich, w\u00e4hrend unsere K\u00fcnstler dein pers\u00f6nliches Kunstwerk gestalten<\/li>\n<li>Erhalten einen Korrekturabzug innerhalb von 2\u20133 Werktagen<\/li>\n<li>Mehrere Druckgr\u00f6\u00dfen zur Auswahl<\/li>\n<\/ul>\n","protected":false},"featured_media":1523093,"template":"","meta":[],"product_brand":[],"product_cat":[7906,4906,13585,7858,9757],"product_tag":[16692,16693,16423,16322,16966,16884,16418,8490,16422],"class_list":{"0":"post-1522712","1":"product","2":"type-product","3":"status-publish","4":"has-post-thumbnail","6":"product_cat-geschenk-zum-abschluss-de-at","7":"product_cat-alle-produkte-de-at","8":"product_cat-aquarell-de-at","9":"product_cat-geschenke-fur-lehrer-de-at","10":"product_cat-trending-label-de-at","11":"product_tag-abschlussgeschenk-de-at","12":"product_tag-abschlussgeschenke-de-at","13":"product_tag-dankeschon-geschenk-fur-lehrer-de-at-2","14":"product_tag-dankeschon-geschenk-fur-lehrer-de-at","15":"product_tag-geschenk-fur-lehrer-de-at","16":"product_tag-geschenke-fur-lehrer","17":"product_tag-geschenkideen-fur-lehrer-de-at","18":"product_tag-graduation-de-at","19":"product_tag-lehrer-de-at","21":"first","22":"instock","23":"sale","24":"taxable","25":"shipping-taxable","26":"purchasable","27":"product-type-variable"},"yoast_head":"<!-- This site is optimized with the Yoast SEO Premium plugin v27.2 (Yoast SEO v27.2) - https:\/\/yoast.com\/product\/yoast-seo-premium-wordpress\/ -->\n<title>Personalisierte Aquarellzeichnung der Schule - Positive Prints<\/title>\n<meta name=\"description\" content=\"Gedenke mit individueller Aquarellkunst an einen besonderen Ort des Lernens. Ein herzliches Geschenk f\u00fcr Lehrer, Sch\u00fcler oder stolze Eltern, um Schulerinnerungen zu w\u00fcrdigen.\" \/>\n<meta name=\"robots\" content=\"index, follow, max-snippet:-1, max-image-preview:large, max-video-preview:-1\" \/>\n<link rel=\"canonical\" href=\"https:\/\/positiveprints.com\/de-at\/produkt\/personalisierte-aquarellzeichnung-der-schule\/\" \/>\n<meta property=\"og:locale\" content=\"de_DE\" \/>\n<meta property=\"og:type\" content=\"article\" \/>\n<meta property=\"og:title\" content=\"Personalisierte Aquarellzeichnung der Schule\" \/>\n<meta property=\"og:description\" content=\"Lade ein Foto deines Schulgeb\u00e4udes hoch 2 Revisionen auf deinen Wunsch verf\u00fcgbar Entspanne dich, w\u00e4hrend unsere K\u00fcnstler dein pers\u00f6nliches Kunstwerk gestalten Erhalten einen Korrekturabzug innerhalb von 2\u20133 Werktagen Mehrere Druckgr\u00f6\u00dfen zur Auswahl\" \/>\n<meta property=\"og:url\" content=\"https:\/\/positiveprints.com\/de-at\/produkt\/personalisierte-aquarellzeichnung-der-schule\/\" \/>\n<meta property=\"og:site_name\" content=\"Positive Prints\" \/>\n<meta property=\"article:publisher\" content=\"https:\/\/www.facebook.com\/positiveprintscom\" \/>\n<meta property=\"article:modified_time\" content=\"2026-04-03T01:21:56+00:00\" \/>\n<meta property=\"og:image\" content=\"https:\/\/positiveprints.com\/wp-content\/uploads\/2025\/09\/Personalisierte-Aquarellzeichnung-der-Schule-Packshot_DE_XX.webp\" \/>\n\t<meta property=\"og:image:width\" content=\"1450\" \/>\n\t<meta property=\"og:image:height\" content=\"1450\" \/>\n\t<meta property=\"og:image:type\" content=\"image\/webp\" \/>\n<meta name=\"twitter:card\" content=\"summary_large_image\" \/>\n<meta name=\"twitter:label1\" content=\"Gesch\u00e4tzte Lesezeit\" \/>\n\t<meta name=\"twitter:data1\" content=\"1 Minute\" \/>\n<!-- \/ Yoast SEO Premium plugin. -->","yoast_head_json":{"title":"Personalisierte Aquarellzeichnung der Schule - Positive Prints","description":"Gedenke mit individueller Aquarellkunst an einen besonderen Ort des Lernens. Ein herzliches Geschenk f\u00fcr Lehrer, Sch\u00fcler oder stolze Eltern, um Schulerinnerungen zu w\u00fcrdigen.","robots":{"index":"index","follow":"follow","max-snippet":"max-snippet:-1","max-image-preview":"max-image-preview:large","max-video-preview":"max-video-preview:-1"},"canonical":"https:\/\/positiveprints.com\/de-at\/produkt\/personalisierte-aquarellzeichnung-der-schule\/","og_locale":"de_DE","og_type":"article","og_title":"Personalisierte Aquarellzeichnung der Schule","og_description":"Lade ein Foto deines Schulgeb\u00e4udes hoch 2 Revisionen auf deinen Wunsch verf\u00fcgbar Entspanne dich, w\u00e4hrend unsere K\u00fcnstler dein pers\u00f6nliches Kunstwerk gestalten Erhalten einen Korrekturabzug innerhalb von 2\u20133 Werktagen Mehrere Druckgr\u00f6\u00dfen zur Auswahl","og_url":"https:\/\/positiveprints.com\/de-at\/produkt\/personalisierte-aquarellzeichnung-der-schule\/","og_site_name":"Positive Prints","article_publisher":"https:\/\/www.facebook.com\/positiveprintscom","article_modified_time":"2026-04-03T01:21:56+00:00","og_image":[{"width":1450,"height":1450,"url":"https:\/\/positiveprints.com\/wp-content\/uploads\/2025\/09\/Personalisierte-Aquarellzeichnung-der-Schule-Packshot_DE_XX.webp","type":"image\/webp"}],"twitter_card":"summary_large_image","twitter_misc":{"Gesch\u00e4tzte Lesezeit":"1 Minute"},"schema":{"@context":"https:\/\/schema.org","@graph":[{"@type":["WebPage","ItemPage"],"@id":"https:\/\/positiveprints.com\/de-at\/produkt\/personalisierte-aquarellzeichnung-der-schule\/","url":"https:\/\/positiveprints.com\/de-at\/produkt\/personalisierte-aquarellzeichnung-der-schule\/","name":"Personalisierte Aquarellzeichnung der Schule - Positive Prints","isPartOf":{"@id":"https:\/\/positiveprints.com\/de-at\/#website"},"primaryImageOfPage":{"@id":"https:\/\/positiveprints.com\/de-at\/produkt\/personalisierte-aquarellzeichnung-der-schule\/#primaryimage"},"image":{"@id":"https:\/\/positiveprints.com\/de-at\/produkt\/personalisierte-aquarellzeichnung-der-schule\/#primaryimage"},"thumbnailUrl":"https:\/\/positiveprints.com\/wp-content\/uploads\/2025\/09\/Personalisierte-Aquarellzeichnung-der-Schule-Packshot_DE_XX.webp","datePublished":"2025-09-19T06:58:28+00:00","dateModified":"2026-04-03T01:21:56+00:00","description":"Gedenke mit individueller Aquarellkunst an einen besonderen Ort des Lernens. Ein herzliches Geschenk f\u00fcr Lehrer, Sch\u00fcler oder stolze Eltern, um Schulerinnerungen zu w\u00fcrdigen.","breadcrumb":{"@id":"https:\/\/positiveprints.com\/de-at\/produkt\/personalisierte-aquarellzeichnung-der-schule\/#breadcrumb"},"inLanguage":"de-AT","potentialAction":[{"@type":"ReadAction","target":["https:\/\/positiveprints.com\/de-at\/produkt\/personalisierte-aquarellzeichnung-der-schule\/"]}]},{"@type":"ImageObject","inLanguage":"de-AT","@id":"https:\/\/positiveprints.com\/de-at\/produkt\/personalisierte-aquarellzeichnung-der-schule\/#primaryimage","url":"https:\/\/positiveprints.com\/wp-content\/uploads\/2025\/09\/Personalisierte-Aquarellzeichnung-der-Schule-Packshot_DE_XX.webp","contentUrl":"https:\/\/positiveprints.com\/wp-content\/uploads\/2025\/09\/Personalisierte-Aquarellzeichnung-der-Schule-Packshot_DE_XX.webp","width":1450,"height":1450,"caption":"Personligt skolportra\u0308tt i vattenfa\u0308rg"},{"@type":"BreadcrumbList","@id":"https:\/\/positiveprints.com\/de-at\/produkt\/personalisierte-aquarellzeichnung-der-schule\/#breadcrumb","itemListElement":[{"@type":"ListItem","position":1,"name":"Home","item":"https:\/\/positiveprints.com\/de-at\/"},{"@type":"ListItem","position":2,"name":"Products","item":"https:\/\/positiveprints.com\/de-at\/shop\/"},{"@type":"ListItem","position":3,"name":"Personalisierte Aquarellzeichnung der Schule"}]},{"@type":"WebSite","@id":"https:\/\/positiveprints.com\/de-at\/#website","url":"https:\/\/positiveprints.com\/de-at\/","name":"Positive Prints","description":"Amazing Custom Personalised Prints","publisher":{"@id":"https:\/\/positiveprints.com\/de-at\/#organization"},"potentialAction":[{"@type":"SearchAction","target":{"@type":"EntryPoint","urlTemplate":"https:\/\/positiveprints.com\/de-at\/?s={search_term_string}"},"query-input":{"@type":"PropertyValueSpecification","valueRequired":true,"valueName":"search_term_string"}}],"inLanguage":"de-AT"},{"@type":"Organization","@id":"https:\/\/positiveprints.com\/de-at\/#organization","name":"Positive Prints","alternateName":"Positive Prints","url":"https:\/\/positiveprints.com\/de-at\/","logo":{"@type":"ImageObject","inLanguage":"de-AT","@id":"https:\/\/positiveprints.com\/de-at\/#\/schema\/logo\/image\/","url":"https:\/\/positiveprints.com\/wp-content\/uploads\/2026\/03\/245815646_1337939713319158_5671353136411139666_n.png","contentUrl":"https:\/\/positiveprints.com\/wp-content\/uploads\/2026\/03\/245815646_1337939713319158_5671353136411139666_n.png","width":800,"height":800,"caption":"Positive Prints"},"image":{"@id":"https:\/\/positiveprints.com\/de-at\/#\/schema\/logo\/image\/"},"sameAs":["https:\/\/www.facebook.com\/positiveprintscom","https:\/\/www.instagram.com\/positiveprintscom\/","https:\/\/www.tiktok.com\/@positiveprintscom","https:\/\/www.pinterest.com\/positiveprintscom\/"]}]}},"jetpack_sharing_enabled":true,"_links":{"self":[{"href":"https:\/\/positiveprints.com\/de-at\/wp-json\/wp\/v2\/product\/1522712","targetHints":{"allow":["GET"]}}],"collection":[{"href":"https:\/\/positiveprints.com\/de-at\/wp-json\/wp\/v2\/product"}],"about":[{"href":"https:\/\/positiveprints.com\/de-at\/wp-json\/wp\/v2\/types\/product"}],"wp:featuredmedia":[{"embeddable":true,"href":"https:\/\/positiveprints.com\/de-at\/wp-json\/wp\/v2\/media\/1523093"}],"wp:attachment":[{"href":"https:\/\/positiveprints.com\/de-at\/wp-json\/wp\/v2\/media?parent=1522712"}],"wp:term":[{"taxonomy":"product_brand","embeddable":true,"href":"https:\/\/positiveprints.com\/de-at\/wp-json\/wp\/v2\/product_brand?post=1522712"},{"taxonomy":"product_cat","embeddable":true,"href":"https:\/\/positiveprints.com\/de-at\/wp-json\/wp\/v2\/product_cat?post=1522712"},{"taxonomy":"product_tag","embeddable":true,"href":"https:\/\/positiveprints.com\/de-at\/wp-json\/wp\/v2\/product_tag?post=1522712"}],"curies":[{"name":"wp","href":"https:\/\/api.w.org\/{rel}","templated":true}]}}