{"id":1516903,"date":"2025-09-15T16:39:11","date_gmt":"2025-09-15T14:39:11","guid":{"rendered":"https:\/\/positiveprints.com\/?post_type=product&#038;p=1516903"},"modified":"2026-04-03T02:22:22","modified_gmt":"2026-04-03T01:22:22","slug":"wo-alles-begann-personalisierte-aquarellzeichnung-eines-ortes","status":"publish","type":"product","link":"https:\/\/positiveprints.com\/de-at\/produkt\/wo-alles-begann-personalisierte-aquarellzeichnung-eines-ortes\/","title":{"rendered":"Wo alles begann \u2013 Personalisierte Aquarellzeichnung eines Ortes"},"content":{"rendered":"","protected":false},"excerpt":{"rendered":"<ul class=\"check-list\">\n<li>Lade ein Lieblingsfoto hoch<\/li>\n<li>2 Revisionen auf deinen Wunsch verf\u00fcgbar<\/li>\n<li>Entspanne dich, w\u00e4hrend unsere K\u00fcnstler dein pers\u00f6nliches Kunstwerk gestalten<\/li>\n<li>Erhalten einen Korrekturabzug innerhalb von 2\u20133 Werktagen<\/li>\n<li>Mehrere Druckgr\u00f6\u00dfen zur Auswahl<\/li>\n<\/ul>\n","protected":false},"featured_media":1559599,"template":"","meta":[],"product_brand":[],"product_cat":[4906,13585,7922,7746,7778,7635,7667,11356,11329,11372,11347,7682,11350,8002,11354,7794,11167,11170,11164,5324,9757,5316,11234,11237,5265],"product_tag":[14784,14782,14786,14785,14780,17419,16982,16624,14781,15979,14787,14788,14789,15743,15741,15747,15745,15752,15750,14790,14142,16458,14792,14777,14778,14779,14795,14796,14793,14794,14783],"class_list":{"0":"post-1516903","1":"product","2":"type-product","3":"status-publish","4":"has-post-thumbnail","6":"product_cat-alle-produkte-de-at","7":"product_cat-aquarell-de-at","8":"product_cat-brautduschen-geschenke-de-at","9":"product_cat-geschenke-fur-deine-ehefrau-de-at","10":"product_cat-geschenke-fur-deine-freundin-de-at","11":"product_cat-geschenke-fur-deinen-ehemann-de-at","12":"product_cat-geschenke-fur-deinen-freund-de-at","13":"product_cat-weihnachtsgeschenke-fur-den-ehemann-de-at","14":"product_cat-weihnachtsgeschenke-fur-den-freund-de-at","15":"product_cat-weihnachtsgeschenke-fur-die-frau-de-at","16":"product_cat-weihnachtsgeschenke-fur-die-freundin-de-at","17":"product_cat-geschenke-fur-wichtige-frauen-in-deinem-leben-de-at","18":"product_cat-weihnachtsgeschenke-fur-frauen-de-at","19":"product_cat-geschenke-fur-manner-de-at","20":"product_cat-weihnachtsgeschenke-fur-manner-de-at","21":"product_cat-geschenke-fur-paare-de-at","22":"product_cat-jahrestag-geschenk-fur-ihn-de-at","23":"product_cat-jahrestag-geschenk-fur-paare-de-at","24":"product_cat-jahrestag-geschenke-fur-sie-de-at","25":"product_cat-jubilaumsgeschenke-de-at","26":"product_cat-trending-label-de-at","27":"product_cat-geschenke-zum-valentinstag","28":"product_cat-valentinstagsgeschenke-fur-frauen-de-at","29":"product_cat-valentinstagsgeschenke-fur-manner-de-at","30":"product_cat-weihnachtsgeschenke-de-at","31":"product_tag-anniversary-de-at","32":"product_tag-anniversary-gift-de-at","33":"product_tag-anniversary-gifts-de-at","34":"product_tag-anniversary-present-de-at","35":"product_tag-couple-gift-de-at-2","36":"product_tag-geburtstagsgeschenk-fur-ehefrau","37":"product_tag-geschenk-fuer-ehefrau-de-at","38":"product_tag-geschenke-fuer-ehefrau-de-at","39":"product_tag-gift-for-couple-de-at","40":"product_tag-jubilaumsgeschenk-fur-ehefrau-de-at","41":"product_tag-love-de-at","42":"product_tag-love-gift-de-at","43":"product_tag-personalized-gift-de-at","44":"product_tag-regali-di-natale-per-il-fidanzato-de-at","45":"product_tag-regali-di-natale-per-il-marito-de-at","46":"product_tag-regali-di-natale-per-la-fidanzata-de-at","47":"product_tag-regali-di-natale-per-la-moglie-de-at","48":"product_tag-regali-di-natale-per-lei-de-at","49":"product_tag-regali-di-natale-per-lui-de-at","50":"product_tag-romantic-gifts-de-at","51":"product_tag-romantisches-geschenk-de-at","52":"product_tag-romantisches-geschenk-fuer-ehefrau","53":"product_tag-sentimental-gift-de-at","54":"product_tag-special-occasion-de-at","55":"product_tag-thoughtful-gift-de-at","56":"product_tag-unique-gift-de-at","57":"product_tag-valentines-day-gift-for-wife-de-at","58":"product_tag-valentines-day-gifts-de-at","59":"product_tag-valentines-day-de-at","60":"product_tag-valentines-day-gift-de-at","61":"product_tag-wedding-anniversary-de-at","63":"first","64":"instock","65":"sale","66":"taxable","67":"shipping-taxable","68":"purchasable","69":"product-type-variable"},"yoast_head":"<!-- This site is optimized with the Yoast SEO Premium plugin v27.2 (Yoast SEO v27.2) - https:\/\/yoast.com\/product\/yoast-seo-premium-wordpress\/ -->\n<title>Wo alles begann \u2013 Personalisierte Aquarellzeichnung eines Ortes - Positive Prints<\/title>\n<meta name=\"description\" content=\"Feiere den Beginn eurer Liebesgeschichte mit einem individuellen Aquarell eines besonderen Ortes. Ein romantisches Geschenk zum Jahrestag oder Valentinstag, das du f\u00fcr immer in Erinnerung behalten wirst.\" \/>\n<meta name=\"robots\" content=\"index, follow, max-snippet:-1, max-image-preview:large, max-video-preview:-1\" \/>\n<link rel=\"canonical\" href=\"https:\/\/positiveprints.com\/de-at\/produkt\/wo-alles-begann-personalisierte-aquarellzeichnung-eines-ortes\/\" \/>\n<meta property=\"og:locale\" content=\"de_DE\" \/>\n<meta property=\"og:type\" content=\"article\" \/>\n<meta property=\"og:title\" content=\"Wo alles begann \u2013 Personalisierte Aquarellzeichnung eines Ortes\" \/>\n<meta property=\"og:description\" content=\"Lade ein Lieblingsfoto hoch 2 Revisionen auf deinen Wunsch verf\u00fcgbar Entspanne dich, w\u00e4hrend unsere K\u00fcnstler dein pers\u00f6nliches Kunstwerk gestalten Erhalten einen Korrekturabzug innerhalb von 2\u20133 Werktagen Mehrere Druckgr\u00f6\u00dfen zur Auswahl\" \/>\n<meta property=\"og:url\" content=\"https:\/\/positiveprints.com\/de-at\/produkt\/wo-alles-begann-personalisierte-aquarellzeichnung-eines-ortes\/\" \/>\n<meta property=\"og:site_name\" content=\"Positive Prints\" \/>\n<meta property=\"article:publisher\" content=\"https:\/\/www.facebook.com\/positiveprintscom\" \/>\n<meta property=\"article:modified_time\" content=\"2026-04-03T01:22:22+00:00\" \/>\n<meta property=\"og:image\" content=\"https:\/\/positiveprints.com\/wp-content\/uploads\/2025\/09\/Wo-alles-begann-Personalisierte-Aquarellzeichnung-eines-Ortes-Packshot_DE_XX.webp\" \/>\n\t<meta property=\"og:image:width\" content=\"1450\" \/>\n\t<meta property=\"og:image:height\" content=\"1450\" \/>\n\t<meta property=\"og:image:type\" content=\"image\/webp\" \/>\n<meta name=\"twitter:card\" content=\"summary_large_image\" \/>\n<meta name=\"twitter:label1\" content=\"Gesch\u00e4tzte Lesezeit\" \/>\n\t<meta name=\"twitter:data1\" content=\"1 Minute\" \/>\n<!-- \/ Yoast SEO Premium plugin. -->","yoast_head_json":{"title":"Wo alles begann \u2013 Personalisierte Aquarellzeichnung eines Ortes - Positive Prints","description":"Feiere den Beginn eurer Liebesgeschichte mit einem individuellen Aquarell eines besonderen Ortes. Ein romantisches Geschenk zum Jahrestag oder Valentinstag, das du f\u00fcr immer in Erinnerung behalten wirst.","robots":{"index":"index","follow":"follow","max-snippet":"max-snippet:-1","max-image-preview":"max-image-preview:large","max-video-preview":"max-video-preview:-1"},"canonical":"https:\/\/positiveprints.com\/de-at\/produkt\/wo-alles-begann-personalisierte-aquarellzeichnung-eines-ortes\/","og_locale":"de_DE","og_type":"article","og_title":"Wo alles begann \u2013 Personalisierte Aquarellzeichnung eines Ortes","og_description":"Lade ein Lieblingsfoto hoch 2 Revisionen auf deinen Wunsch verf\u00fcgbar Entspanne dich, w\u00e4hrend unsere K\u00fcnstler dein pers\u00f6nliches Kunstwerk gestalten Erhalten einen Korrekturabzug innerhalb von 2\u20133 Werktagen Mehrere Druckgr\u00f6\u00dfen zur Auswahl","og_url":"https:\/\/positiveprints.com\/de-at\/produkt\/wo-alles-begann-personalisierte-aquarellzeichnung-eines-ortes\/","og_site_name":"Positive Prints","article_publisher":"https:\/\/www.facebook.com\/positiveprintscom","article_modified_time":"2026-04-03T01:22:22+00:00","og_image":[{"width":1450,"height":1450,"url":"https:\/\/positiveprints.com\/wp-content\/uploads\/2025\/09\/Wo-alles-begann-Personalisierte-Aquarellzeichnung-eines-Ortes-Packshot_DE_XX.webp","type":"image\/webp"}],"twitter_card":"summary_large_image","twitter_misc":{"Gesch\u00e4tzte Lesezeit":"1 Minute"},"schema":{"@context":"https:\/\/schema.org","@graph":[{"@type":["WebPage","ItemPage"],"@id":"https:\/\/positiveprints.com\/de-at\/produkt\/wo-alles-begann-personalisierte-aquarellzeichnung-eines-ortes\/","url":"https:\/\/positiveprints.com\/de-at\/produkt\/wo-alles-begann-personalisierte-aquarellzeichnung-eines-ortes\/","name":"Wo alles begann \u2013 Personalisierte Aquarellzeichnung eines Ortes - Positive Prints","isPartOf":{"@id":"https:\/\/positiveprints.com\/de-at\/#website"},"primaryImageOfPage":{"@id":"https:\/\/positiveprints.com\/de-at\/produkt\/wo-alles-begann-personalisierte-aquarellzeichnung-eines-ortes\/#primaryimage"},"image":{"@id":"https:\/\/positiveprints.com\/de-at\/produkt\/wo-alles-begann-personalisierte-aquarellzeichnung-eines-ortes\/#primaryimage"},"thumbnailUrl":"https:\/\/positiveprints.com\/wp-content\/uploads\/2025\/10\/Wo-alles-begann-\u2013-Personalisierte-Aquarellzeichnung-eines-Ortes-1.webp","datePublished":"2025-09-15T14:39:11+00:00","dateModified":"2026-04-03T01:22:22+00:00","description":"Feiere den Beginn eurer Liebesgeschichte mit einem individuellen Aquarell eines besonderen Ortes. Ein romantisches Geschenk zum Jahrestag oder Valentinstag, das du f\u00fcr immer in Erinnerung behalten wirst.","breadcrumb":{"@id":"https:\/\/positiveprints.com\/de-at\/produkt\/wo-alles-begann-personalisierte-aquarellzeichnung-eines-ortes\/#breadcrumb"},"inLanguage":"de-AT","potentialAction":[{"@type":"ReadAction","target":["https:\/\/positiveprints.com\/de-at\/produkt\/wo-alles-begann-personalisierte-aquarellzeichnung-eines-ortes\/"]}]},{"@type":"ImageObject","inLanguage":"de-AT","@id":"https:\/\/positiveprints.com\/de-at\/produkt\/wo-alles-begann-personalisierte-aquarellzeichnung-eines-ortes\/#primaryimage","url":"https:\/\/positiveprints.com\/wp-content\/uploads\/2025\/10\/Wo-alles-begann-\u2013-Personalisierte-Aquarellzeichnung-eines-Ortes-1.webp","contentUrl":"https:\/\/positiveprints.com\/wp-content\/uploads\/2025\/10\/Wo-alles-begann-\u2013-Personalisierte-Aquarellzeichnung-eines-Ortes-1.webp","width":1450,"height":1450},{"@type":"BreadcrumbList","@id":"https:\/\/positiveprints.com\/de-at\/produkt\/wo-alles-begann-personalisierte-aquarellzeichnung-eines-ortes\/#breadcrumb","itemListElement":[{"@type":"ListItem","position":1,"name":"Home","item":"https:\/\/positiveprints.com\/de-at\/"},{"@type":"ListItem","position":2,"name":"Products","item":"https:\/\/positiveprints.com\/de-at\/shop\/"},{"@type":"ListItem","position":3,"name":"Wo alles begann \u2013 Personalisierte Aquarellzeichnung eines Ortes"}]},{"@type":"WebSite","@id":"https:\/\/positiveprints.com\/de-at\/#website","url":"https:\/\/positiveprints.com\/de-at\/","name":"Positive Prints","description":"Amazing Custom Personalised Prints","publisher":{"@id":"https:\/\/positiveprints.com\/de-at\/#organization"},"potentialAction":[{"@type":"SearchAction","target":{"@type":"EntryPoint","urlTemplate":"https:\/\/positiveprints.com\/de-at\/?s={search_term_string}"},"query-input":{"@type":"PropertyValueSpecification","valueRequired":true,"valueName":"search_term_string"}}],"inLanguage":"de-AT"},{"@type":"Organization","@id":"https:\/\/positiveprints.com\/de-at\/#organization","name":"Positive Prints","alternateName":"Positive Prints","url":"https:\/\/positiveprints.com\/de-at\/","logo":{"@type":"ImageObject","inLanguage":"de-AT","@id":"https:\/\/positiveprints.com\/de-at\/#\/schema\/logo\/image\/","url":"https:\/\/positiveprints.com\/wp-content\/uploads\/2026\/03\/245815646_1337939713319158_5671353136411139666_n.png","contentUrl":"https:\/\/positiveprints.com\/wp-content\/uploads\/2026\/03\/245815646_1337939713319158_5671353136411139666_n.png","width":800,"height":800,"caption":"Positive Prints"},"image":{"@id":"https:\/\/positiveprints.com\/de-at\/#\/schema\/logo\/image\/"},"sameAs":["https:\/\/www.facebook.com\/positiveprintscom","https:\/\/www.instagram.com\/positiveprintscom\/","https:\/\/www.tiktok.com\/@positiveprintscom","https:\/\/www.pinterest.com\/positiveprintscom\/"]}]}},"jetpack_sharing_enabled":true,"_links":{"self":[{"href":"https:\/\/positiveprints.com\/de-at\/wp-json\/wp\/v2\/product\/1516903","targetHints":{"allow":["GET"]}}],"collection":[{"href":"https:\/\/positiveprints.com\/de-at\/wp-json\/wp\/v2\/product"}],"about":[{"href":"https:\/\/positiveprints.com\/de-at\/wp-json\/wp\/v2\/types\/product"}],"wp:featuredmedia":[{"embeddable":true,"href":"https:\/\/positiveprints.com\/de-at\/wp-json\/wp\/v2\/media\/1559599"}],"wp:attachment":[{"href":"https:\/\/positiveprints.com\/de-at\/wp-json\/wp\/v2\/media?parent=1516903"}],"wp:term":[{"taxonomy":"product_brand","embeddable":true,"href":"https:\/\/positiveprints.com\/de-at\/wp-json\/wp\/v2\/product_brand?post=1516903"},{"taxonomy":"product_cat","embeddable":true,"href":"https:\/\/positiveprints.com\/de-at\/wp-json\/wp\/v2\/product_cat?post=1516903"},{"taxonomy":"product_tag","embeddable":true,"href":"https:\/\/positiveprints.com\/de-at\/wp-json\/wp\/v2\/product_tag?post=1516903"}],"curies":[{"name":"wp","href":"https:\/\/api.w.org\/{rel}","templated":true}]}}