{"id":1502357,"date":"2025-08-20T15:57:13","date_gmt":"2025-08-20T13:57:13","guid":{"rendered":"https:\/\/positiveprints.com\/product\/koenigliches-katzenportraet\/"},"modified":"2026-04-03T02:23:19","modified_gmt":"2026-04-03T01:23:19","slug":"koenigliches-katzenportraet","status":"publish","type":"product","link":"https:\/\/positiveprints.com\/de-at\/produkt\/koenigliches-katzenportraet\/","title":{"rendered":"K\u00f6nigliches Katzenportr\u00e4t"},"content":{"rendered":"","protected":false},"excerpt":{"rendered":"<ul class=\"check-list\">\n<li>Lade dein Lieblingsfoto hoch<\/li>\n<li>2 Revisionen auf deinen Wunsch verf\u00fcgbar<\/li>\n<li>Entspanne dich, w\u00e4hrend unsere K\u00fcnstler das Meisterwerk deines Haustiers gestalten<\/li>\n<li>Erhalten einen Korrekturabzug innerhalb von 2\u20133 Werktagen<\/li>\n<li>Mehrere Druckgr\u00f6\u00dfen zur Auswahl<\/li>\n<\/ul>\n","protected":false},"featured_media":1502341,"template":"","meta":[],"product_brand":[],"product_cat":[4906,13585,11332,11356,11329,11341,11338,11365,11372,11347,11359,11335,11362,11344,11369,15053,11350,15039,14078,11354,5341,11204,11207,9757,5265],"product_tag":[15622,14802,14800,14801,14803,15618,14804,14799],"class_list":{"0":"post-1502357","1":"product","2":"type-product","3":"status-publish","4":"has-post-thumbnail","6":"product_cat-alle-produkte-de-at","7":"product_cat-aquarell-de-at","8":"product_cat-weihnachtsgeschenke-fur-den-bruder-de-at","9":"product_cat-weihnachtsgeschenke-fur-den-ehemann-de-at","10":"product_cat-weihnachtsgeschenke-fur-den-freund-de-at","11":"product_cat-weihnachtsgeschenke-fur-den-opa-de-at","12":"product_cat-weihnachtsgeschenke-fur-den-papa-de-at","13":"product_cat-weihnachtsgeschenke-fur-die-eltern-de-at","14":"product_cat-weihnachtsgeschenke-fur-die-frau-de-at","15":"product_cat-weihnachtsgeschenke-fur-die-freundin-de-at","16":"product_cat-weihnachtsgeschenke-fur-die-kinder-de-at","17":"product_cat-weihnachtsgeschenke-fur-die-kollegen-de-at","18":"product_cat-weihnachtsgeschenke-fur-die-mama-de-at","19":"product_cat-weihnachtsgeschenke-fur-die-oma-de-at","20":"product_cat-weihnachtsgeschenke-fur-die-schwester-de-at","21":"product_cat-weihnachtsgeschenke-fuer-familie-de-at","22":"product_cat-weihnachtsgeschenke-fur-frauen-de-at","23":"product_cat-weihnachtsgeschenke-fur-freunde-de-at","24":"product_cat-geschenke-fur-katzenliebhaber-de-at","25":"product_cat-weihnachtsgeschenke-fur-manner-de-at","26":"product_cat-geburtstagsgeschenke-de-at","27":"product_cat-geburtstagsgeschenk-fur-frauen","28":"product_cat-geburtstagsgeschenk-fur-manner-de-at","29":"product_cat-trending-label-de-at","30":"product_cat-weihnachtsgeschenke-de-at","31":"product_tag-animals-de-at","32":"product_tag-cat-dad-gifts-de-at","33":"product_tag-cat-lovers-gifts-de-at","34":"product_tag-cat-mom-gifts-de-at","35":"product_tag-cat-owner-de-at","36":"product_tag-cat-print-de-at","37":"product_tag-custom-cat-gifts-de-at","38":"product_tag-gifts-for-cat-owners-de-at","40":"first","41":"instock","42":"sale","43":"taxable","44":"shipping-taxable","45":"purchasable","46":"product-type-variable"},"yoast_head":"<!-- This site is optimized with the Yoast SEO Premium plugin v27.2 (Yoast SEO v27.2) - https:\/\/yoast.com\/product\/yoast-seo-premium-wordpress\/ -->\n<title>K\u00f6nigliches Katzenportr\u00e4t - Positive Prints<\/title>\n<meta name=\"description\" content=\"Verwandele deine Katze mit einem lustigen und majest\u00e4tischen Kost\u00fcmportr\u00e4t in eine:n edle:n K\u00f6nig:in. Ein perfektes Geschenk f\u00fcr Katzenliebhaber, die wissen, dass ihre Katze das Haus regiert.\" \/>\n<meta name=\"robots\" content=\"index, follow, max-snippet:-1, max-image-preview:large, max-video-preview:-1\" \/>\n<link rel=\"canonical\" href=\"https:\/\/positiveprints.com\/de-at\/produkt\/koenigliches-katzenportraet\/\" \/>\n<meta property=\"og:locale\" content=\"de_DE\" \/>\n<meta property=\"og:type\" content=\"article\" \/>\n<meta property=\"og:title\" content=\"K\u00f6nigliches Katzenportr\u00e4t\" \/>\n<meta property=\"og:description\" content=\"Lade dein Lieblingsfoto hoch 2 Revisionen auf deinen Wunsch verf\u00fcgbar Entspanne dich, w\u00e4hrend unsere K\u00fcnstler das Meisterwerk deines Haustiers gestalten Erhalten einen Korrekturabzug innerhalb von 2\u20133 Werktagen Mehrere Druckgr\u00f6\u00dfen zur Auswahl\" \/>\n<meta property=\"og:url\" content=\"https:\/\/positiveprints.com\/de-at\/produkt\/koenigliches-katzenportraet\/\" \/>\n<meta property=\"og:site_name\" content=\"Positive Prints\" \/>\n<meta property=\"article:publisher\" content=\"https:\/\/www.facebook.com\/positiveprintscom\" \/>\n<meta property=\"article:modified_time\" content=\"2026-04-03T01:23:19+00:00\" \/>\n<meta property=\"og:image\" content=\"https:\/\/positiveprints.com\/wp-content\/uploads\/2025\/08\/Packshot_DE_Ko\u0308nigliches-Katzenportra\u0308t.webp\" \/>\n\t<meta property=\"og:image:width\" content=\"1450\" \/>\n\t<meta property=\"og:image:height\" content=\"1450\" \/>\n\t<meta property=\"og:image:type\" content=\"image\/webp\" \/>\n<meta name=\"twitter:card\" content=\"summary_large_image\" \/>\n<meta name=\"twitter:label1\" content=\"Gesch\u00e4tzte Lesezeit\" \/>\n\t<meta name=\"twitter:data1\" content=\"1 Minute\" \/>\n<!-- \/ Yoast SEO Premium plugin. -->","yoast_head_json":{"title":"K\u00f6nigliches Katzenportr\u00e4t - Positive Prints","description":"Verwandele deine Katze mit einem lustigen und majest\u00e4tischen Kost\u00fcmportr\u00e4t in eine:n edle:n K\u00f6nig:in. Ein perfektes Geschenk f\u00fcr Katzenliebhaber, die wissen, dass ihre Katze das Haus regiert.","robots":{"index":"index","follow":"follow","max-snippet":"max-snippet:-1","max-image-preview":"max-image-preview:large","max-video-preview":"max-video-preview:-1"},"canonical":"https:\/\/positiveprints.com\/de-at\/produkt\/koenigliches-katzenportraet\/","og_locale":"de_DE","og_type":"article","og_title":"K\u00f6nigliches Katzenportr\u00e4t","og_description":"Lade dein Lieblingsfoto hoch 2 Revisionen auf deinen Wunsch verf\u00fcgbar Entspanne dich, w\u00e4hrend unsere K\u00fcnstler das Meisterwerk deines Haustiers gestalten Erhalten einen Korrekturabzug innerhalb von 2\u20133 Werktagen Mehrere Druckgr\u00f6\u00dfen zur Auswahl","og_url":"https:\/\/positiveprints.com\/de-at\/produkt\/koenigliches-katzenportraet\/","og_site_name":"Positive Prints","article_publisher":"https:\/\/www.facebook.com\/positiveprintscom","article_modified_time":"2026-04-03T01:23:19+00:00","og_image":[{"width":1450,"height":1450,"url":"https:\/\/positiveprints.com\/wp-content\/uploads\/2025\/08\/Packshot_DE_Ko\u0308nigliches-Katzenportra\u0308t.webp","type":"image\/webp"}],"twitter_card":"summary_large_image","twitter_misc":{"Gesch\u00e4tzte Lesezeit":"1 Minute"},"schema":{"@context":"https:\/\/schema.org","@graph":[{"@type":["WebPage","ItemPage"],"@id":"https:\/\/positiveprints.com\/de-at\/produkt\/koenigliches-katzenportraet\/","url":"https:\/\/positiveprints.com\/de-at\/produkt\/koenigliches-katzenportraet\/","name":"K\u00f6nigliches Katzenportr\u00e4t - Positive Prints","isPartOf":{"@id":"https:\/\/positiveprints.com\/de-at\/#website"},"primaryImageOfPage":{"@id":"https:\/\/positiveprints.com\/de-at\/produkt\/koenigliches-katzenportraet\/#primaryimage"},"image":{"@id":"https:\/\/positiveprints.com\/de-at\/produkt\/koenigliches-katzenportraet\/#primaryimage"},"thumbnailUrl":"https:\/\/positiveprints.com\/wp-content\/uploads\/2025\/08\/Packshot_DE_Ko\u0308nigliches-Katzenportra\u0308t.webp","datePublished":"2025-08-20T13:57:13+00:00","dateModified":"2026-04-03T01:23:19+00:00","description":"Verwandele deine Katze mit einem lustigen und majest\u00e4tischen Kost\u00fcmportr\u00e4t in eine:n edle:n K\u00f6nig:in. Ein perfektes Geschenk f\u00fcr Katzenliebhaber, die wissen, dass ihre Katze das Haus regiert.","breadcrumb":{"@id":"https:\/\/positiveprints.com\/de-at\/produkt\/koenigliches-katzenportraet\/#breadcrumb"},"inLanguage":"de-AT","potentialAction":[{"@type":"ReadAction","target":["https:\/\/positiveprints.com\/de-at\/produkt\/koenigliches-katzenportraet\/"]}]},{"@type":"ImageObject","inLanguage":"de-AT","@id":"https:\/\/positiveprints.com\/de-at\/produkt\/koenigliches-katzenportraet\/#primaryimage","url":"https:\/\/positiveprints.com\/wp-content\/uploads\/2025\/08\/Packshot_DE_Ko\u0308nigliches-Katzenportra\u0308t.webp","contentUrl":"https:\/\/positiveprints.com\/wp-content\/uploads\/2025\/08\/Packshot_DE_Ko\u0308nigliches-Katzenportra\u0308t.webp","width":1450,"height":1450,"caption":"K\u00f6nigliches Katzenportr\u00e4t"},{"@type":"BreadcrumbList","@id":"https:\/\/positiveprints.com\/de-at\/produkt\/koenigliches-katzenportraet\/#breadcrumb","itemListElement":[{"@type":"ListItem","position":1,"name":"Home","item":"https:\/\/positiveprints.com\/de-at\/"},{"@type":"ListItem","position":2,"name":"Products","item":"https:\/\/positiveprints.com\/de-at\/shop\/"},{"@type":"ListItem","position":3,"name":"K\u00f6nigliches Katzenportr\u00e4t"}]},{"@type":"WebSite","@id":"https:\/\/positiveprints.com\/de-at\/#website","url":"https:\/\/positiveprints.com\/de-at\/","name":"Positive Prints","description":"Amazing Custom Personalised Prints","publisher":{"@id":"https:\/\/positiveprints.com\/de-at\/#organization"},"potentialAction":[{"@type":"SearchAction","target":{"@type":"EntryPoint","urlTemplate":"https:\/\/positiveprints.com\/de-at\/?s={search_term_string}"},"query-input":{"@type":"PropertyValueSpecification","valueRequired":true,"valueName":"search_term_string"}}],"inLanguage":"de-AT"},{"@type":"Organization","@id":"https:\/\/positiveprints.com\/de-at\/#organization","name":"Positive Prints","alternateName":"Positive Prints","url":"https:\/\/positiveprints.com\/de-at\/","logo":{"@type":"ImageObject","inLanguage":"de-AT","@id":"https:\/\/positiveprints.com\/de-at\/#\/schema\/logo\/image\/","url":"https:\/\/positiveprints.com\/wp-content\/uploads\/2026\/03\/245815646_1337939713319158_5671353136411139666_n.png","contentUrl":"https:\/\/positiveprints.com\/wp-content\/uploads\/2026\/03\/245815646_1337939713319158_5671353136411139666_n.png","width":800,"height":800,"caption":"Positive Prints"},"image":{"@id":"https:\/\/positiveprints.com\/de-at\/#\/schema\/logo\/image\/"},"sameAs":["https:\/\/www.facebook.com\/positiveprintscom","https:\/\/www.instagram.com\/positiveprintscom\/","https:\/\/www.tiktok.com\/@positiveprintscom","https:\/\/www.pinterest.com\/positiveprintscom\/"]}]}},"jetpack_sharing_enabled":true,"_links":{"self":[{"href":"https:\/\/positiveprints.com\/de-at\/wp-json\/wp\/v2\/product\/1502357","targetHints":{"allow":["GET"]}}],"collection":[{"href":"https:\/\/positiveprints.com\/de-at\/wp-json\/wp\/v2\/product"}],"about":[{"href":"https:\/\/positiveprints.com\/de-at\/wp-json\/wp\/v2\/types\/product"}],"wp:featuredmedia":[{"embeddable":true,"href":"https:\/\/positiveprints.com\/de-at\/wp-json\/wp\/v2\/media\/1502341"}],"wp:attachment":[{"href":"https:\/\/positiveprints.com\/de-at\/wp-json\/wp\/v2\/media?parent=1502357"}],"wp:term":[{"taxonomy":"product_brand","embeddable":true,"href":"https:\/\/positiveprints.com\/de-at\/wp-json\/wp\/v2\/product_brand?post=1502357"},{"taxonomy":"product_cat","embeddable":true,"href":"https:\/\/positiveprints.com\/de-at\/wp-json\/wp\/v2\/product_cat?post=1502357"},{"taxonomy":"product_tag","embeddable":true,"href":"https:\/\/positiveprints.com\/de-at\/wp-json\/wp\/v2\/product_tag?post=1502357"}],"curies":[{"name":"wp","href":"https:\/\/api.w.org\/{rel}","templated":true}]}}