{"id":1499173,"date":"2024-07-08T07:39:49","date_gmt":"2024-07-08T06:39:49","guid":{"rendered":"https:\/\/positiveprints.com\/product\/mondkunst-abnehmender-dreiviertelmond\/"},"modified":"2026-04-03T02:46:52","modified_gmt":"2026-04-03T01:46:52","slug":"mondkunst-abnehmender-dreiviertelmond","status":"publish","type":"product","link":"https:\/\/positiveprints.com\/de-at\/produkt\/mondkunst-abnehmender-dreiviertelmond\/","title":{"rendered":"Mondkunst: Abnehmender Dreiviertelmond"},"content":{"rendered":"","protected":false},"excerpt":{"rendered":"<ul class=\"check-list\">\n<li>Gestalte die Mondphase eines besonderen Moments nach<\/li>\n<li>In 3 einfachen Schritten personalisieren<\/li>\n<li>W\u00e4hle aus einer Vielzahl atemberaubender Designs<\/li>\n<li>F\u00fcge einen aussagekr\u00e4ftigen, pers\u00f6nlichen Text hinzu<\/li>\n<li>Sieh dir den Effekt sofort an \u2013 die interaktive Vorschau erm\u00f6glicht es dir, jedes Detail zu verfeinern<\/li>\n<\/ul>\n","protected":false},"featured_media":1498623,"template":"","meta":[],"product_brand":[],"product_cat":[4906,7202],"product_tag":[13636,13829],"class_list":{"0":"post-1499173","1":"product","2":"type-product","3":"status-publish","4":"has-post-thumbnail","6":"product_cat-alle-produkte-de-at","7":"product_cat-moon-de-at","8":"product_tag-moon-phase-de-at","9":"product_tag-waning-gibbous-moon-de-at","11":"first","12":"instock","13":"sale","14":"taxable","15":"shipping-taxable","16":"purchasable","17":"product-type-variable"},"yoast_head":"<!-- This site is optimized with the Yoast SEO Premium plugin v27.2 (Yoast SEO v27.2) - https:\/\/yoast.com\/product\/yoast-seo-premium-wordpress\/ -->\n<title>Mondkunst: Abnehmender Dreiviertelmond - Positive Prints<\/title>\n<meta name=\"description\" content=\"Feiere die subtile Sch\u00f6nheit des Mondes mit unserer Kunst des abnehmenden Dreiviertelmondes. Dieses personalisierte St\u00fcck ist perfekt, um jedem Raum einen Hauch von Mondzauber zu verleihen.\" \/>\n<meta name=\"robots\" content=\"index, follow, max-snippet:-1, max-image-preview:large, max-video-preview:-1\" \/>\n<link rel=\"canonical\" href=\"https:\/\/positiveprints.com\/de-at\/produkt\/mondkunst-abnehmender-dreiviertelmond\/\" \/>\n<meta property=\"og:locale\" content=\"de_DE\" \/>\n<meta property=\"og:type\" content=\"article\" \/>\n<meta property=\"og:title\" content=\"Mondkunst: Abnehmender Dreiviertelmond\" \/>\n<meta property=\"og:description\" content=\"Gestalte die Mondphase eines besonderen Moments nach In 3 einfachen Schritten personalisieren W\u00e4hle aus einer Vielzahl atemberaubender Designs F\u00fcge einen aussagekr\u00e4ftigen, pers\u00f6nlichen Text hinzu Sieh dir den Effekt sofort an \u2013 die interaktive Vorschau erm\u00f6glicht es dir, jedes Detail zu verfeinern\" \/>\n<meta property=\"og:url\" content=\"https:\/\/positiveprints.com\/de-at\/produkt\/mondkunst-abnehmender-dreiviertelmond\/\" \/>\n<meta property=\"og:site_name\" content=\"Positive Prints\" \/>\n<meta property=\"article:publisher\" content=\"https:\/\/www.facebook.com\/positiveprintscom\" \/>\n<meta property=\"article:modified_time\" content=\"2026-04-03T01:46:52+00:00\" \/>\n<meta property=\"og:image\" content=\"https:\/\/positiveprints.com\/wp-content\/uploads\/2024\/07\/Waning-Gibbous-Moon-Art.jpg\" \/>\n\t<meta property=\"og:image:width\" content=\"1080\" \/>\n\t<meta property=\"og:image:height\" content=\"1080\" \/>\n\t<meta property=\"og:image:type\" content=\"image\/jpeg\" \/>\n<meta name=\"twitter:card\" content=\"summary_large_image\" \/>\n<meta name=\"twitter:label1\" content=\"Gesch\u00e4tzte Lesezeit\" \/>\n\t<meta name=\"twitter:data1\" content=\"1 Minute\" \/>\n<!-- \/ Yoast SEO Premium plugin. -->","yoast_head_json":{"title":"Mondkunst: Abnehmender Dreiviertelmond - Positive Prints","description":"Feiere die subtile Sch\u00f6nheit des Mondes mit unserer Kunst des abnehmenden Dreiviertelmondes. Dieses personalisierte St\u00fcck ist perfekt, um jedem Raum einen Hauch von Mondzauber zu verleihen.","robots":{"index":"index","follow":"follow","max-snippet":"max-snippet:-1","max-image-preview":"max-image-preview:large","max-video-preview":"max-video-preview:-1"},"canonical":"https:\/\/positiveprints.com\/de-at\/produkt\/mondkunst-abnehmender-dreiviertelmond\/","og_locale":"de_DE","og_type":"article","og_title":"Mondkunst: Abnehmender Dreiviertelmond","og_description":"Gestalte die Mondphase eines besonderen Moments nach In 3 einfachen Schritten personalisieren W\u00e4hle aus einer Vielzahl atemberaubender Designs F\u00fcge einen aussagekr\u00e4ftigen, pers\u00f6nlichen Text hinzu Sieh dir den Effekt sofort an \u2013 die interaktive Vorschau erm\u00f6glicht es dir, jedes Detail zu verfeinern","og_url":"https:\/\/positiveprints.com\/de-at\/produkt\/mondkunst-abnehmender-dreiviertelmond\/","og_site_name":"Positive Prints","article_publisher":"https:\/\/www.facebook.com\/positiveprintscom","article_modified_time":"2026-04-03T01:46:52+00:00","og_image":[{"width":1080,"height":1080,"url":"https:\/\/positiveprints.com\/wp-content\/uploads\/2024\/07\/Waning-Gibbous-Moon-Art.jpg","type":"image\/jpeg"}],"twitter_card":"summary_large_image","twitter_misc":{"Gesch\u00e4tzte Lesezeit":"1 Minute"},"schema":{"@context":"https:\/\/schema.org","@graph":[{"@type":["WebPage","ItemPage"],"@id":"https:\/\/positiveprints.com\/de-at\/produkt\/mondkunst-abnehmender-dreiviertelmond\/","url":"https:\/\/positiveprints.com\/de-at\/produkt\/mondkunst-abnehmender-dreiviertelmond\/","name":"Mondkunst: Abnehmender Dreiviertelmond - Positive Prints","isPartOf":{"@id":"https:\/\/positiveprints.com\/de-at\/#website"},"primaryImageOfPage":{"@id":"https:\/\/positiveprints.com\/de-at\/produkt\/mondkunst-abnehmender-dreiviertelmond\/#primaryimage"},"image":{"@id":"https:\/\/positiveprints.com\/de-at\/produkt\/mondkunst-abnehmender-dreiviertelmond\/#primaryimage"},"thumbnailUrl":"https:\/\/positiveprints.com\/wp-content\/uploads\/2025\/08\/Packshot_DE_Abnehmender-Mond.webp","datePublished":"2024-07-08T06:39:49+00:00","dateModified":"2026-04-03T01:46:52+00:00","description":"Feiere die subtile Sch\u00f6nheit des Mondes mit unserer Kunst des abnehmenden Dreiviertelmondes. Dieses personalisierte St\u00fcck ist perfekt, um jedem Raum einen Hauch von Mondzauber zu verleihen.","breadcrumb":{"@id":"https:\/\/positiveprints.com\/de-at\/produkt\/mondkunst-abnehmender-dreiviertelmond\/#breadcrumb"},"inLanguage":"de-AT","potentialAction":[{"@type":"ReadAction","target":["https:\/\/positiveprints.com\/de-at\/produkt\/mondkunst-abnehmender-dreiviertelmond\/"]}]},{"@type":"ImageObject","inLanguage":"de-AT","@id":"https:\/\/positiveprints.com\/de-at\/produkt\/mondkunst-abnehmender-dreiviertelmond\/#primaryimage","url":"https:\/\/positiveprints.com\/wp-content\/uploads\/2025\/08\/Packshot_DE_Abnehmender-Mond.webp","contentUrl":"https:\/\/positiveprints.com\/wp-content\/uploads\/2025\/08\/Packshot_DE_Abnehmender-Mond.webp","width":1450,"height":1450},{"@type":"BreadcrumbList","@id":"https:\/\/positiveprints.com\/de-at\/produkt\/mondkunst-abnehmender-dreiviertelmond\/#breadcrumb","itemListElement":[{"@type":"ListItem","position":1,"name":"Home","item":"https:\/\/positiveprints.com\/de-at\/"},{"@type":"ListItem","position":2,"name":"Products","item":"https:\/\/positiveprints.com\/de-at\/shop\/"},{"@type":"ListItem","position":3,"name":"Mondkunst: Abnehmender Dreiviertelmond"}]},{"@type":"WebSite","@id":"https:\/\/positiveprints.com\/de-at\/#website","url":"https:\/\/positiveprints.com\/de-at\/","name":"Positive Prints","description":"Amazing Custom Personalised Prints","publisher":{"@id":"https:\/\/positiveprints.com\/de-at\/#organization"},"potentialAction":[{"@type":"SearchAction","target":{"@type":"EntryPoint","urlTemplate":"https:\/\/positiveprints.com\/de-at\/?s={search_term_string}"},"query-input":{"@type":"PropertyValueSpecification","valueRequired":true,"valueName":"search_term_string"}}],"inLanguage":"de-AT"},{"@type":"Organization","@id":"https:\/\/positiveprints.com\/de-at\/#organization","name":"Positive Prints","alternateName":"Positive Prints","url":"https:\/\/positiveprints.com\/de-at\/","logo":{"@type":"ImageObject","inLanguage":"de-AT","@id":"https:\/\/positiveprints.com\/de-at\/#\/schema\/logo\/image\/","url":"https:\/\/positiveprints.com\/wp-content\/uploads\/2026\/03\/245815646_1337939713319158_5671353136411139666_n.png","contentUrl":"https:\/\/positiveprints.com\/wp-content\/uploads\/2026\/03\/245815646_1337939713319158_5671353136411139666_n.png","width":800,"height":800,"caption":"Positive Prints"},"image":{"@id":"https:\/\/positiveprints.com\/de-at\/#\/schema\/logo\/image\/"},"sameAs":["https:\/\/www.facebook.com\/positiveprintscom","https:\/\/www.instagram.com\/positiveprintscom\/","https:\/\/www.tiktok.com\/@positiveprintscom","https:\/\/www.pinterest.com\/positiveprintscom\/"]}]}},"jetpack_sharing_enabled":true,"_links":{"self":[{"href":"https:\/\/positiveprints.com\/de-at\/wp-json\/wp\/v2\/product\/1499173","targetHints":{"allow":["GET"]}}],"collection":[{"href":"https:\/\/positiveprints.com\/de-at\/wp-json\/wp\/v2\/product"}],"about":[{"href":"https:\/\/positiveprints.com\/de-at\/wp-json\/wp\/v2\/types\/product"}],"wp:featuredmedia":[{"embeddable":true,"href":"https:\/\/positiveprints.com\/de-at\/wp-json\/wp\/v2\/media\/1498623"}],"wp:attachment":[{"href":"https:\/\/positiveprints.com\/de-at\/wp-json\/wp\/v2\/media?parent=1499173"}],"wp:term":[{"taxonomy":"product_brand","embeddable":true,"href":"https:\/\/positiveprints.com\/de-at\/wp-json\/wp\/v2\/product_brand?post=1499173"},{"taxonomy":"product_cat","embeddable":true,"href":"https:\/\/positiveprints.com\/de-at\/wp-json\/wp\/v2\/product_cat?post=1499173"},{"taxonomy":"product_tag","embeddable":true,"href":"https:\/\/positiveprints.com\/de-at\/wp-json\/wp\/v2\/product_tag?post=1499173"}],"curies":[{"name":"wp","href":"https:\/\/api.w.org\/{rel}","templated":true}]}}