{"id":1429883,"date":"2025-05-22T13:02:12","date_gmt":"2025-05-22T11:02:12","guid":{"rendered":"https:\/\/positiveprints.com\/?post_type=product&#038;p=1429883"},"modified":"2026-04-28T13:27:09","modified_gmt":"2026-04-28T12:27:09","slug":"liebe-unter-dem-mond-und-den-sternen","status":"publish","type":"product","link":"https:\/\/positiveprints.com\/de-at\/produkt\/liebe-unter-dem-mond-und-den-sternen\/","title":{"rendered":"Liebe unter dem Mond und den Sternen"},"content":{"rendered":"","protected":false},"excerpt":{"rendered":"<ul class=\"check-list\">\n<li>Benutzerdefinierte Stern- und Mondkarte f\u00fcr ausgew\u00e4hltes Datum und Ort<\/li>\n<li>Passe dein Kunstwerk in 3 einfachen Schritten an<\/li>\n<li>F\u00fcge einen aussagekr\u00e4ftigen personalisierten Text hinzu<\/li>\n<li>Sieh das Ergebnis sofort \u2013 die interaktive Vorschau erm\u00f6glicht dir, jedes Detail direkt anzupassen<\/li>\n<\/ul>\n","protected":false},"featured_media":1427643,"template":"","meta":[],"product_brand":[],"product_cat":[9757,4906,5324,11170,11164,11167,5265,11350,11354,11347,11329,11372,11356,7667,7635,7778,7746,7794,4731,5316,11234,11237],"product_tag":[14784,14782,14786,14785,14780,14781,14787,14788,14789,15743,15741,15747,15745,15752,15750,14790,14142,14792,14777,14778,14779,14796,14793,14794,14783,11739,11710,11734,11716,11750,11745],"class_list":{"0":"post-1429883","1":"product","2":"type-product","3":"status-publish","4":"has-post-thumbnail","6":"product_cat-trending-label-de-at","7":"product_cat-alle-produkte-de-at","8":"product_cat-jubilaumsgeschenke-de-at","9":"product_cat-jahrestag-geschenk-fur-paare-de-at","10":"product_cat-jahrestag-geschenke-fur-sie-de-at","11":"product_cat-jahrestag-geschenk-fur-ihn-de-at","12":"product_cat-weihnachtsgeschenke-de-at","13":"product_cat-weihnachtsgeschenke-fur-frauen-de-at","14":"product_cat-weihnachtsgeschenke-fur-manner-de-at","15":"product_cat-weihnachtsgeschenke-fur-die-freundin-de-at","16":"product_cat-weihnachtsgeschenke-fur-den-freund-de-at","17":"product_cat-weihnachtsgeschenke-fur-die-frau-de-at","18":"product_cat-weihnachtsgeschenke-fur-den-ehemann-de-at","19":"product_cat-geschenke-fur-deinen-freund-de-at","20":"product_cat-geschenke-fur-deinen-ehemann-de-at","21":"product_cat-geschenke-fur-deine-freundin-de-at","22":"product_cat-geschenke-fur-deine-ehefrau-de-at","23":"product_cat-geschenke-fur-paare-de-at","24":"product_cat-star-de-at-2","25":"product_cat-geschenke-zum-valentinstag","26":"product_cat-valentinstagsgeschenke-fur-frauen-de-at","27":"product_cat-valentinstagsgeschenke-fur-manner-de-at","28":"product_tag-anniversary-de-at","29":"product_tag-anniversary-gift-de-at","30":"product_tag-anniversary-gifts-de-at","31":"product_tag-anniversary-present-de-at","32":"product_tag-couple-gift-de-at-2","33":"product_tag-gift-for-couple-de-at","34":"product_tag-love-de-at","35":"product_tag-love-gift-de-at","36":"product_tag-personalized-gift-de-at","37":"product_tag-regali-di-natale-per-il-fidanzato-de-at","38":"product_tag-regali-di-natale-per-il-marito-de-at","39":"product_tag-regali-di-natale-per-la-fidanzata-de-at","40":"product_tag-regali-di-natale-per-la-moglie-de-at","41":"product_tag-regali-di-natale-per-lei-de-at","42":"product_tag-regali-di-natale-per-lui-de-at","43":"product_tag-romantic-gifts-de-at","44":"product_tag-romantisches-geschenk-de-at","45":"product_tag-sentimental-gift-de-at","46":"product_tag-special-occasion-de-at","47":"product_tag-thoughtful-gift-de-at","48":"product_tag-unique-gift-de-at","49":"product_tag-valentines-day-gifts-de-at","50":"product_tag-valentines-day-de-at","51":"product_tag-valentines-day-gift-de-at","52":"product_tag-wedding-anniversary-de-at","53":"product_tag-weihnachtsgeschenke-fuer-den-ehemann-de-at","54":"product_tag-weihnachtsgeschenke-fuer-den-freund-de-at","55":"product_tag-weihnachtsgeschenke-fuer-die-frau","56":"product_tag-weihnachtsgeschenke-fuer-die-freundin-de-at","57":"product_tag-weihnachtsgeschenke-fuer-ihn-de-at","58":"product_tag-weihnachtsgeschenke-fuer-sie-de-at","60":"first","61":"instock","62":"sale","63":"taxable","64":"shipping-taxable","65":"purchasable","66":"product-type-variable"},"yoast_head":"<!-- This site is optimized with the Yoast SEO Premium plugin v27.2 (Yoast SEO v27.2) - https:\/\/yoast.com\/product\/yoast-seo-premium-wordpress\/ -->\n<title>Liebe unter dem Mond und den Sternen - Positive Prints<\/title>\n<meta name=\"description\" content=\"Verschenke ein romantisches Jubil\u00e4umsgeschenk mit Mond und Sternen aus eurer besonderen Nacht. Eine wundersch\u00f6ne Art, eure Liebe zu feiern.\" \/>\n<meta name=\"robots\" content=\"index, follow, max-snippet:-1, max-image-preview:large, max-video-preview:-1\" \/>\n<link rel=\"canonical\" href=\"https:\/\/positiveprints.com\/de-at\/produkt\/liebe-unter-dem-mond-und-den-sternen\/\" \/>\n<meta property=\"og:locale\" content=\"de_DE\" \/>\n<meta property=\"og:type\" content=\"article\" \/>\n<meta property=\"og:title\" content=\"Liebe unter dem Mond und den Sternen\" \/>\n<meta property=\"og:description\" content=\"Benutzerdefinierte Stern- und Mondkarte f\u00fcr ausgew\u00e4hltes Datum und Ort Passe dein Kunstwerk in 3 einfachen Schritten an F\u00fcge einen aussagekr\u00e4ftigen personalisierten Text hinzu Sieh das Ergebnis sofort \u2013 die interaktive Vorschau erm\u00f6glicht dir, jedes Detail direkt anzupassen\" \/>\n<meta property=\"og:url\" content=\"https:\/\/positiveprints.com\/de-at\/produkt\/liebe-unter-dem-mond-und-den-sternen\/\" \/>\n<meta property=\"og:site_name\" content=\"Positive Prints\" \/>\n<meta property=\"article:publisher\" content=\"https:\/\/www.facebook.com\/positiveprintscom\" \/>\n<meta property=\"article:modified_time\" content=\"2026-04-28T12:27:09+00:00\" \/>\n<meta property=\"og:image\" content=\"https:\/\/positiveprints.com\/wp-content\/uploads\/2025\/05\/Liebe-unter-dem-Mond-und-den-Sternen-1.webp\" \/>\n\t<meta property=\"og:image:width\" content=\"1450\" \/>\n\t<meta property=\"og:image:height\" content=\"1450\" \/>\n\t<meta property=\"og:image:type\" content=\"image\/webp\" \/>\n<meta name=\"twitter:card\" content=\"summary_large_image\" \/>\n<!-- \/ Yoast SEO Premium plugin. -->","yoast_head_json":{"title":"Liebe unter dem Mond und den Sternen - Positive Prints","description":"Verschenke ein romantisches Jubil\u00e4umsgeschenk mit Mond und Sternen aus eurer besonderen Nacht. Eine wundersch\u00f6ne Art, eure Liebe zu feiern.","robots":{"index":"index","follow":"follow","max-snippet":"max-snippet:-1","max-image-preview":"max-image-preview:large","max-video-preview":"max-video-preview:-1"},"canonical":"https:\/\/positiveprints.com\/de-at\/produkt\/liebe-unter-dem-mond-und-den-sternen\/","og_locale":"de_DE","og_type":"article","og_title":"Liebe unter dem Mond und den Sternen","og_description":"Benutzerdefinierte Stern- und Mondkarte f\u00fcr ausgew\u00e4hltes Datum und Ort Passe dein Kunstwerk in 3 einfachen Schritten an F\u00fcge einen aussagekr\u00e4ftigen personalisierten Text hinzu Sieh das Ergebnis sofort \u2013 die interaktive Vorschau erm\u00f6glicht dir, jedes Detail direkt anzupassen","og_url":"https:\/\/positiveprints.com\/de-at\/produkt\/liebe-unter-dem-mond-und-den-sternen\/","og_site_name":"Positive Prints","article_publisher":"https:\/\/www.facebook.com\/positiveprintscom","article_modified_time":"2026-04-28T12:27:09+00:00","og_image":[{"width":1450,"height":1450,"url":"https:\/\/positiveprints.com\/wp-content\/uploads\/2025\/05\/Liebe-unter-dem-Mond-und-den-Sternen-1.webp","type":"image\/webp"}],"twitter_card":"summary_large_image","schema":{"@context":"https:\/\/schema.org","@graph":[{"@type":["WebPage","ItemPage"],"@id":"https:\/\/positiveprints.com\/de-at\/produkt\/liebe-unter-dem-mond-und-den-sternen\/","url":"https:\/\/positiveprints.com\/de-at\/produkt\/liebe-unter-dem-mond-und-den-sternen\/","name":"Liebe unter dem Mond und den Sternen - Positive Prints","isPartOf":{"@id":"https:\/\/positiveprints.com\/de-at\/#website"},"primaryImageOfPage":{"@id":"https:\/\/positiveprints.com\/de-at\/produkt\/liebe-unter-dem-mond-und-den-sternen\/#primaryimage"},"image":{"@id":"https:\/\/positiveprints.com\/de-at\/produkt\/liebe-unter-dem-mond-und-den-sternen\/#primaryimage"},"thumbnailUrl":"https:\/\/positiveprints.com\/wp-content\/uploads\/2025\/05\/Liebe-unter-dem-Mond-und-den-Sternen-1.webp","datePublished":"2025-05-22T11:02:12+00:00","dateModified":"2026-04-28T12:27:09+00:00","description":"Verschenke ein romantisches Jubil\u00e4umsgeschenk mit Mond und Sternen aus eurer besonderen Nacht. Eine wundersch\u00f6ne Art, eure Liebe zu feiern.","breadcrumb":{"@id":"https:\/\/positiveprints.com\/de-at\/produkt\/liebe-unter-dem-mond-und-den-sternen\/#breadcrumb"},"inLanguage":"de-AT","potentialAction":[{"@type":"ReadAction","target":["https:\/\/positiveprints.com\/de-at\/produkt\/liebe-unter-dem-mond-und-den-sternen\/"]}]},{"@type":"ImageObject","inLanguage":"de-AT","@id":"https:\/\/positiveprints.com\/de-at\/produkt\/liebe-unter-dem-mond-und-den-sternen\/#primaryimage","url":"https:\/\/positiveprints.com\/wp-content\/uploads\/2025\/05\/Liebe-unter-dem-Mond-und-den-Sternen-1.webp","contentUrl":"https:\/\/positiveprints.com\/wp-content\/uploads\/2025\/05\/Liebe-unter-dem-Mond-und-den-Sternen-1.webp","width":1450,"height":1450},{"@type":"BreadcrumbList","@id":"https:\/\/positiveprints.com\/de-at\/produkt\/liebe-unter-dem-mond-und-den-sternen\/#breadcrumb","itemListElement":[{"@type":"ListItem","position":1,"name":"Home","item":"https:\/\/positiveprints.com\/de-at\/"},{"@type":"ListItem","position":2,"name":"Products","item":"https:\/\/positiveprints.com\/de-at\/shop\/"},{"@type":"ListItem","position":3,"name":"Liebe unter dem Mond und den Sternen"}]},{"@type":"WebSite","@id":"https:\/\/positiveprints.com\/de-at\/#website","url":"https:\/\/positiveprints.com\/de-at\/","name":"Positive Prints","description":"Amazing Custom Personalised Prints","publisher":{"@id":"https:\/\/positiveprints.com\/de-at\/#organization"},"potentialAction":[{"@type":"SearchAction","target":{"@type":"EntryPoint","urlTemplate":"https:\/\/positiveprints.com\/de-at\/?s={search_term_string}"},"query-input":{"@type":"PropertyValueSpecification","valueRequired":true,"valueName":"search_term_string"}}],"inLanguage":"de-AT"},{"@type":"Organization","@id":"https:\/\/positiveprints.com\/de-at\/#organization","name":"Positive Prints","alternateName":"Positive Prints","url":"https:\/\/positiveprints.com\/de-at\/","logo":{"@type":"ImageObject","inLanguage":"de-AT","@id":"https:\/\/positiveprints.com\/de-at\/#\/schema\/logo\/image\/","url":"https:\/\/positiveprints.com\/wp-content\/uploads\/2026\/03\/245815646_1337939713319158_5671353136411139666_n.png","contentUrl":"https:\/\/positiveprints.com\/wp-content\/uploads\/2026\/03\/245815646_1337939713319158_5671353136411139666_n.png","width":800,"height":800,"caption":"Positive Prints"},"image":{"@id":"https:\/\/positiveprints.com\/de-at\/#\/schema\/logo\/image\/"},"sameAs":["https:\/\/www.facebook.com\/positiveprintscom","https:\/\/www.instagram.com\/positiveprintscom\/","https:\/\/www.tiktok.com\/@positiveprintscom","https:\/\/www.pinterest.com\/positiveprintscom\/"]}]}},"jetpack_sharing_enabled":true,"_links":{"self":[{"href":"https:\/\/positiveprints.com\/de-at\/wp-json\/wp\/v2\/product\/1429883","targetHints":{"allow":["GET"]}}],"collection":[{"href":"https:\/\/positiveprints.com\/de-at\/wp-json\/wp\/v2\/product"}],"about":[{"href":"https:\/\/positiveprints.com\/de-at\/wp-json\/wp\/v2\/types\/product"}],"wp:featuredmedia":[{"embeddable":true,"href":"https:\/\/positiveprints.com\/de-at\/wp-json\/wp\/v2\/media\/1427643"}],"wp:attachment":[{"href":"https:\/\/positiveprints.com\/de-at\/wp-json\/wp\/v2\/media?parent=1429883"}],"wp:term":[{"taxonomy":"product_brand","embeddable":true,"href":"https:\/\/positiveprints.com\/de-at\/wp-json\/wp\/v2\/product_brand?post=1429883"},{"taxonomy":"product_cat","embeddable":true,"href":"https:\/\/positiveprints.com\/de-at\/wp-json\/wp\/v2\/product_cat?post=1429883"},{"taxonomy":"product_tag","embeddable":true,"href":"https:\/\/positiveprints.com\/de-at\/wp-json\/wp\/v2\/product_tag?post=1429883"}],"curies":[{"name":"wp","href":"https:\/\/api.w.org\/{rel}","templated":true}]}}