{"id":1314183,"date":"2025-01-13T13:54:12","date_gmt":"2025-01-13T12:54:12","guid":{"rendered":"https:\/\/positiveprints.com\/?post_type=product&#038;p=1314183"},"modified":"2026-04-18T03:06:45","modified_gmt":"2026-04-18T02:06:45","slug":"liebe-fotocollage","status":"publish","type":"product","link":"https:\/\/positiveprints.com\/de-at\/produkt\/liebe-fotocollage\/","title":{"rendered":"Liebe Fotocollage"},"content":{"rendered":"","protected":false},"excerpt":{"rendered":"<ul class=\"check-list\">\n<li>Mache  aus euren liebsten Paarfotos ein besonderes Andenken, das eure Liebe und die gemeinsamen Momente feiert<\/li>\n<li>F\u00fcge einen aussagekr\u00e4ftigen pers\u00f6nlichen Text hinzu<\/li>\n<li>In 3 einfachen Schritten anpassbar<\/li>\n<li>W\u00e4hle ein vordefiniertes Layout oder werde kreativ<\/li>\n<li>Sieh das Ergebnis sofort \u2013 die interaktive Vorschau erm\u00f6glicht dir, jedes Detail direkt anzupassen<\/li>\n<\/ul>\n","protected":false},"featured_media":1314521,"template":"","meta":[],"product_brand":[],"product_cat":[9757,4906,7496,5324,11170,11164,11167,5265,11350,11354,11347,11329,11372,11356,8002,7667,7635,7682,7778,7746,7794,5316,11234],"product_tag":[14784,15743,15741,15747,15745,15752,15750,14793,14794,11739,11710,11734,11716,11750,11745],"class_list":{"0":"post-1314183","1":"product","2":"type-product","3":"status-publish","4":"has-post-thumbnail","6":"product_cat-trending-label-de-at","7":"product_cat-alle-produkte-de-at","8":"product_cat-foto-de-at","9":"product_cat-jubilaumsgeschenke-de-at","10":"product_cat-jahrestag-geschenk-fur-paare-de-at","11":"product_cat-jahrestag-geschenke-fur-sie-de-at","12":"product_cat-jahrestag-geschenk-fur-ihn-de-at","13":"product_cat-weihnachtsgeschenke-de-at","14":"product_cat-weihnachtsgeschenke-fur-frauen-de-at","15":"product_cat-weihnachtsgeschenke-fur-manner-de-at","16":"product_cat-weihnachtsgeschenke-fur-die-freundin-de-at","17":"product_cat-weihnachtsgeschenke-fur-den-freund-de-at","18":"product_cat-weihnachtsgeschenke-fur-die-frau-de-at","19":"product_cat-weihnachtsgeschenke-fur-den-ehemann-de-at","20":"product_cat-geschenke-fur-manner-de-at","21":"product_cat-geschenke-fur-deinen-freund-de-at","22":"product_cat-geschenke-fur-deinen-ehemann-de-at","23":"product_cat-geschenke-fur-wichtige-frauen-in-deinem-leben-de-at","24":"product_cat-geschenke-fur-deine-freundin-de-at","25":"product_cat-geschenke-fur-deine-ehefrau-de-at","26":"product_cat-geschenke-fur-paare-de-at","27":"product_cat-geschenke-zum-valentinstag","28":"product_cat-valentinstagsgeschenke-fur-frauen-de-at","29":"product_tag-anniversary-de-at","30":"product_tag-regali-di-natale-per-il-fidanzato-de-at","31":"product_tag-regali-di-natale-per-il-marito-de-at","32":"product_tag-regali-di-natale-per-la-fidanzata-de-at","33":"product_tag-regali-di-natale-per-la-moglie-de-at","34":"product_tag-regali-di-natale-per-lei-de-at","35":"product_tag-regali-di-natale-per-lui-de-at","36":"product_tag-valentines-day-de-at","37":"product_tag-valentines-day-gift-de-at","38":"product_tag-weihnachtsgeschenke-fuer-den-ehemann-de-at","39":"product_tag-weihnachtsgeschenke-fuer-den-freund-de-at","40":"product_tag-weihnachtsgeschenke-fuer-die-frau","41":"product_tag-weihnachtsgeschenke-fuer-die-freundin-de-at","42":"product_tag-weihnachtsgeschenke-fuer-ihn-de-at","43":"product_tag-weihnachtsgeschenke-fuer-sie-de-at","45":"first","46":"instock","47":"sale","48":"taxable","49":"shipping-taxable","50":"purchasable","51":"product-type-variable"},"yoast_head":"<!-- This site is optimized with the Yoast SEO Premium plugin v27.2 (Yoast SEO v27.2) - https:\/\/yoast.com\/product\/yoast-seo-premium-wordpress\/ -->\n<title>Liebe Fotocollage - Positive Prints<\/title>\n<meta name=\"description\" content=\"Erstelle ein wundersch\u00f6nes Love Photo Collage, um deine besonderen Momente zu bewahren. Perfekt f\u00fcr Jahrestage, Hochzeiten oder als liebevolles Geschenk zur Feier der Liebe\" \/>\n<meta name=\"robots\" content=\"index, follow, max-snippet:-1, max-image-preview:large, max-video-preview:-1\" \/>\n<link rel=\"canonical\" href=\"https:\/\/positiveprints.com\/de-at\/produkt\/liebe-fotocollage\/\" \/>\n<meta property=\"og:locale\" content=\"de_DE\" \/>\n<meta property=\"og:type\" content=\"article\" \/>\n<meta property=\"og:title\" content=\"Liebe Fotocollage\" \/>\n<meta property=\"og:description\" content=\"Mache aus euren liebsten Paarfotos ein besonderes Andenken, das eure Liebe und die gemeinsamen Momente feiert F\u00fcge einen aussagekr\u00e4ftigen pers\u00f6nlichen Text hinzu In 3 einfachen Schritten anpassbar W\u00e4hle ein vordefiniertes Layout oder werde kreativ Sieh das Ergebnis sofort \u2013 die interaktive Vorschau erm\u00f6glicht dir, jedes Detail direkt anzupassen\" \/>\n<meta property=\"og:url\" content=\"https:\/\/positiveprints.com\/de-at\/produkt\/liebe-fotocollage\/\" \/>\n<meta property=\"og:site_name\" content=\"Positive Prints\" \/>\n<meta property=\"article:publisher\" content=\"https:\/\/www.facebook.com\/positiveprintscom\" \/>\n<meta property=\"article:modified_time\" content=\"2026-04-18T02:06:45+00:00\" \/>\n<meta property=\"og:image\" content=\"https:\/\/positiveprints.com\/wp-content\/uploads\/2025\/01\/Liebe-Fotocollage.webp\" \/>\n\t<meta property=\"og:image:width\" content=\"1450\" \/>\n\t<meta property=\"og:image:height\" content=\"1450\" \/>\n\t<meta property=\"og:image:type\" content=\"image\/webp\" \/>\n<meta name=\"twitter:card\" content=\"summary_large_image\" \/>\n<meta name=\"twitter:label1\" content=\"Gesch\u00e4tzte Lesezeit\" \/>\n\t<meta name=\"twitter:data1\" content=\"1 Minute\" \/>\n<!-- \/ Yoast SEO Premium plugin. -->","yoast_head_json":{"title":"Liebe Fotocollage - Positive Prints","description":"Erstelle ein wundersch\u00f6nes Love Photo Collage, um deine besonderen Momente zu bewahren. Perfekt f\u00fcr Jahrestage, Hochzeiten oder als liebevolles Geschenk zur Feier der Liebe","robots":{"index":"index","follow":"follow","max-snippet":"max-snippet:-1","max-image-preview":"max-image-preview:large","max-video-preview":"max-video-preview:-1"},"canonical":"https:\/\/positiveprints.com\/de-at\/produkt\/liebe-fotocollage\/","og_locale":"de_DE","og_type":"article","og_title":"Liebe Fotocollage","og_description":"Mache aus euren liebsten Paarfotos ein besonderes Andenken, das eure Liebe und die gemeinsamen Momente feiert F\u00fcge einen aussagekr\u00e4ftigen pers\u00f6nlichen Text hinzu In 3 einfachen Schritten anpassbar W\u00e4hle ein vordefiniertes Layout oder werde kreativ Sieh das Ergebnis sofort \u2013 die interaktive Vorschau erm\u00f6glicht dir, jedes Detail direkt anzupassen","og_url":"https:\/\/positiveprints.com\/de-at\/produkt\/liebe-fotocollage\/","og_site_name":"Positive Prints","article_publisher":"https:\/\/www.facebook.com\/positiveprintscom","article_modified_time":"2026-04-18T02:06:45+00:00","og_image":[{"width":1450,"height":1450,"url":"https:\/\/positiveprints.com\/wp-content\/uploads\/2025\/01\/Liebe-Fotocollage.webp","type":"image\/webp"}],"twitter_card":"summary_large_image","twitter_misc":{"Gesch\u00e4tzte Lesezeit":"1 Minute"},"schema":{"@context":"https:\/\/schema.org","@graph":[{"@type":["WebPage","ItemPage"],"@id":"https:\/\/positiveprints.com\/de-at\/produkt\/liebe-fotocollage\/","url":"https:\/\/positiveprints.com\/de-at\/produkt\/liebe-fotocollage\/","name":"Liebe Fotocollage - Positive Prints","isPartOf":{"@id":"https:\/\/positiveprints.com\/de-at\/#website"},"primaryImageOfPage":{"@id":"https:\/\/positiveprints.com\/de-at\/produkt\/liebe-fotocollage\/#primaryimage"},"image":{"@id":"https:\/\/positiveprints.com\/de-at\/produkt\/liebe-fotocollage\/#primaryimage"},"thumbnailUrl":"https:\/\/positiveprints.com\/wp-content\/uploads\/2025\/01\/Liebe-Fotocollage.webp","datePublished":"2025-01-13T12:54:12+00:00","dateModified":"2026-04-18T02:06:45+00:00","description":"Erstelle ein wundersch\u00f6nes Love Photo Collage, um deine besonderen Momente zu bewahren. Perfekt f\u00fcr Jahrestage, Hochzeiten oder als liebevolles Geschenk zur Feier der Liebe","breadcrumb":{"@id":"https:\/\/positiveprints.com\/de-at\/produkt\/liebe-fotocollage\/#breadcrumb"},"inLanguage":"de-AT","potentialAction":[{"@type":"ReadAction","target":["https:\/\/positiveprints.com\/de-at\/produkt\/liebe-fotocollage\/"]}]},{"@type":"ImageObject","inLanguage":"de-AT","@id":"https:\/\/positiveprints.com\/de-at\/produkt\/liebe-fotocollage\/#primaryimage","url":"https:\/\/positiveprints.com\/wp-content\/uploads\/2025\/01\/Liebe-Fotocollage.webp","contentUrl":"https:\/\/positiveprints.com\/wp-content\/uploads\/2025\/01\/Liebe-Fotocollage.webp","width":1450,"height":1450,"caption":"Liebe Fotocollage"},{"@type":"BreadcrumbList","@id":"https:\/\/positiveprints.com\/de-at\/produkt\/liebe-fotocollage\/#breadcrumb","itemListElement":[{"@type":"ListItem","position":1,"name":"Home","item":"https:\/\/positiveprints.com\/de-at\/"},{"@type":"ListItem","position":2,"name":"Products","item":"https:\/\/positiveprints.com\/de-at\/shop\/"},{"@type":"ListItem","position":3,"name":"Liebe Fotocollage"}]},{"@type":"WebSite","@id":"https:\/\/positiveprints.com\/de-at\/#website","url":"https:\/\/positiveprints.com\/de-at\/","name":"Positive Prints","description":"Amazing Custom Personalised Prints","publisher":{"@id":"https:\/\/positiveprints.com\/de-at\/#organization"},"potentialAction":[{"@type":"SearchAction","target":{"@type":"EntryPoint","urlTemplate":"https:\/\/positiveprints.com\/de-at\/?s={search_term_string}"},"query-input":{"@type":"PropertyValueSpecification","valueRequired":true,"valueName":"search_term_string"}}],"inLanguage":"de-AT"},{"@type":"Organization","@id":"https:\/\/positiveprints.com\/de-at\/#organization","name":"Positive Prints","alternateName":"Positive Prints","url":"https:\/\/positiveprints.com\/de-at\/","logo":{"@type":"ImageObject","inLanguage":"de-AT","@id":"https:\/\/positiveprints.com\/de-at\/#\/schema\/logo\/image\/","url":"https:\/\/positiveprints.com\/wp-content\/uploads\/2026\/03\/245815646_1337939713319158_5671353136411139666_n.png","contentUrl":"https:\/\/positiveprints.com\/wp-content\/uploads\/2026\/03\/245815646_1337939713319158_5671353136411139666_n.png","width":800,"height":800,"caption":"Positive Prints"},"image":{"@id":"https:\/\/positiveprints.com\/de-at\/#\/schema\/logo\/image\/"},"sameAs":["https:\/\/www.facebook.com\/positiveprintscom","https:\/\/www.instagram.com\/positiveprintscom\/","https:\/\/www.tiktok.com\/@positiveprintscom","https:\/\/www.pinterest.com\/positiveprintscom\/"]}]}},"jetpack_sharing_enabled":true,"_links":{"self":[{"href":"https:\/\/positiveprints.com\/de-at\/wp-json\/wp\/v2\/product\/1314183","targetHints":{"allow":["GET"]}}],"collection":[{"href":"https:\/\/positiveprints.com\/de-at\/wp-json\/wp\/v2\/product"}],"about":[{"href":"https:\/\/positiveprints.com\/de-at\/wp-json\/wp\/v2\/types\/product"}],"wp:featuredmedia":[{"embeddable":true,"href":"https:\/\/positiveprints.com\/de-at\/wp-json\/wp\/v2\/media\/1314521"}],"wp:attachment":[{"href":"https:\/\/positiveprints.com\/de-at\/wp-json\/wp\/v2\/media?parent=1314183"}],"wp:term":[{"taxonomy":"product_brand","embeddable":true,"href":"https:\/\/positiveprints.com\/de-at\/wp-json\/wp\/v2\/product_brand?post=1314183"},{"taxonomy":"product_cat","embeddable":true,"href":"https:\/\/positiveprints.com\/de-at\/wp-json\/wp\/v2\/product_cat?post=1314183"},{"taxonomy":"product_tag","embeddable":true,"href":"https:\/\/positiveprints.com\/de-at\/wp-json\/wp\/v2\/product_tag?post=1314183"}],"curies":[{"name":"wp","href":"https:\/\/api.w.org\/{rel}","templated":true}]}}