{"id":1309679,"date":"2024-12-26T22:11:54","date_gmt":"2024-12-26T21:11:54","guid":{"rendered":"https:\/\/positiveprints.com\/product\/du-und-ich-buchstaben-collage\/"},"modified":"2026-04-18T03:09:48","modified_gmt":"2026-04-18T02:09:48","slug":"du-und-ich-buchstaben-collage","status":"publish","type":"product","link":"https:\/\/positiveprints.com\/de-at\/produkt\/du-und-ich-buchstaben-collage\/","title":{"rendered":"Du und Ich &#8211; Buchstaben Collage"},"content":{"rendered":"","protected":false},"excerpt":{"rendered":"<ul class=\"check-list\">\n<li>Dr\u00fccke eure Liebe und Dankbarkeit auf bedeutungsvolle und einzigartige Weise aus und feiere all eure gemeinsamen Momente<\/li>\n<li>F\u00fcge einen aussagekr\u00e4ftigen, pers\u00f6nlichen Text hinzu<\/li>\n<li>Personalisiere in nur drei einfachen Schritten<\/li>\n<li>Sieh dir die Wirkung sofort an \u2013 die interaktive Vorschau erm\u00f6glicht es dir, jedes Detail direkt anzupassen<\/li>\n<\/ul>\n","protected":false},"featured_media":1671797,"template":"","meta":[],"product_brand":[],"product_cat":[9271,8979,8820,4906,5324,11170,11164,11167,5265,11350,11354,11347,11329,8002,7667,7635,7682,7778,7746,7794,5316,11234,11237],"product_tag":[14782,14786,14785,14780,14138,14781,14787,14788,14789,15743,15747,15752,15750,14790,14142,14792,14777,14778,14779,14796,14793,14794,14783],"class_list":{"0":"post-1309679","1":"product","2":"type-product","3":"status-publish","4":"has-post-thumbnail","6":"product_cat-bestsellers-label-de-at","7":"product_cat-neu-in-de-at","8":"product_cat-photo-letter-de-at","9":"product_cat-alle-produkte-de-at","10":"product_cat-jubilaumsgeschenke-de-at","11":"product_cat-jahrestag-geschenk-fur-paare-de-at","12":"product_cat-jahrestag-geschenke-fur-sie-de-at","13":"product_cat-jahrestag-geschenk-fur-ihn-de-at","14":"product_cat-weihnachtsgeschenke-de-at","15":"product_cat-weihnachtsgeschenke-fur-frauen-de-at","16":"product_cat-weihnachtsgeschenke-fur-manner-de-at","17":"product_cat-weihnachtsgeschenke-fur-die-freundin-de-at","18":"product_cat-weihnachtsgeschenke-fur-den-freund-de-at","19":"product_cat-geschenke-fur-manner-de-at","20":"product_cat-geschenke-fur-deinen-freund-de-at","21":"product_cat-geschenke-fur-deinen-ehemann-de-at","22":"product_cat-geschenke-fur-wichtige-frauen-in-deinem-leben-de-at","23":"product_cat-geschenke-fur-deine-freundin-de-at","24":"product_cat-geschenke-fur-deine-ehefrau-de-at","25":"product_cat-geschenke-fur-paare-de-at","26":"product_cat-geschenke-zum-valentinstag","27":"product_cat-valentinstagsgeschenke-fur-frauen-de-at","28":"product_cat-valentinstagsgeschenke-fur-manner-de-at","29":"product_tag-anniversary-gift-de-at","30":"product_tag-anniversary-gifts-de-at","31":"product_tag-anniversary-present-de-at","32":"product_tag-couple-gift-de-at-2","33":"product_tag-couple-gift-anniversary-de-at","34":"product_tag-gift-for-couple-de-at","35":"product_tag-love-de-at","36":"product_tag-love-gift-de-at","37":"product_tag-personalized-gift-de-at","38":"product_tag-regali-di-natale-per-il-fidanzato-de-at","39":"product_tag-regali-di-natale-per-la-fidanzata-de-at","40":"product_tag-regali-di-natale-per-lei-de-at","41":"product_tag-regali-di-natale-per-lui-de-at","42":"product_tag-romantic-gifts-de-at","43":"product_tag-romantisches-geschenk-de-at","44":"product_tag-sentimental-gift-de-at","45":"product_tag-special-occasion-de-at","46":"product_tag-thoughtful-gift-de-at","47":"product_tag-unique-gift-de-at","48":"product_tag-valentines-day-gifts-de-at","49":"product_tag-valentines-day-de-at","50":"product_tag-valentines-day-gift-de-at","51":"product_tag-wedding-anniversary-de-at","53":"first","54":"instock","55":"sale","56":"taxable","57":"shipping-taxable","58":"purchasable","59":"product-type-variable"},"yoast_head":"<!-- This site is optimized with the Yoast SEO Premium plugin v27.2 (Yoast SEO v27.2) - https:\/\/yoast.com\/product\/yoast-seo-premium-wordpress\/ -->\n<title>Du und Ich Buchstaben Collage - Positive Prints<\/title>\n<meta name=\"description\" content=\"Feiere eure besondere Verbundenheit mit unserer Du &amp; Ich-Buchstaben-Fotocollage. Dieses personalisierte Kunstwerk ist die perfekte M\u00f6glichkeit, eure sch\u00f6nsten Erinnerungen festzuhalten.\" \/>\n<meta name=\"robots\" content=\"index, follow, max-snippet:-1, max-image-preview:large, max-video-preview:-1\" \/>\n<link rel=\"canonical\" href=\"https:\/\/positiveprints.com\/de-at\/produkt\/du-und-ich-buchstaben-collage\/\" \/>\n<meta property=\"og:locale\" content=\"de_DE\" \/>\n<meta property=\"og:type\" content=\"article\" \/>\n<meta property=\"og:title\" content=\"Du und Ich - Buchstaben Collage\" \/>\n<meta property=\"og:description\" content=\"Dr\u00fccke eure Liebe und Dankbarkeit auf bedeutungsvolle und einzigartige Weise aus und feiere all eure gemeinsamen Momente F\u00fcge einen aussagekr\u00e4ftigen, pers\u00f6nlichen Text hinzu Personalisiere in nur drei einfachen Schritten Sieh dir die Wirkung sofort an \u2013 die interaktive Vorschau erm\u00f6glicht es dir, jedes Detail direkt anzupassen\" \/>\n<meta property=\"og:url\" content=\"https:\/\/positiveprints.com\/de-at\/produkt\/du-und-ich-buchstaben-collage\/\" \/>\n<meta property=\"og:site_name\" content=\"Positive Prints\" \/>\n<meta property=\"article:publisher\" content=\"https:\/\/www.facebook.com\/positiveprintscom\" \/>\n<meta property=\"article:modified_time\" content=\"2026-04-18T02:09:48+00:00\" \/>\n<meta property=\"og:image\" content=\"https:\/\/positiveprints.com\/wp-content\/uploads\/2025\/03\/Du-Ich-collage-1.webp\" \/>\n\t<meta property=\"og:image:width\" content=\"1450\" \/>\n\t<meta property=\"og:image:height\" content=\"1450\" \/>\n\t<meta property=\"og:image:type\" content=\"image\/webp\" \/>\n<meta name=\"twitter:card\" content=\"summary_large_image\" \/>\n<meta name=\"twitter:label1\" content=\"Gesch\u00e4tzte Lesezeit\" \/>\n\t<meta name=\"twitter:data1\" content=\"1 Minute\" \/>\n<!-- \/ Yoast SEO Premium plugin. -->","yoast_head_json":{"title":"Du und Ich Buchstaben Collage - Positive Prints","description":"Feiere eure besondere Verbundenheit mit unserer Du & Ich-Buchstaben-Fotocollage. Dieses personalisierte Kunstwerk ist die perfekte M\u00f6glichkeit, eure sch\u00f6nsten Erinnerungen festzuhalten.","robots":{"index":"index","follow":"follow","max-snippet":"max-snippet:-1","max-image-preview":"max-image-preview:large","max-video-preview":"max-video-preview:-1"},"canonical":"https:\/\/positiveprints.com\/de-at\/produkt\/du-und-ich-buchstaben-collage\/","og_locale":"de_DE","og_type":"article","og_title":"Du und Ich - Buchstaben Collage","og_description":"Dr\u00fccke eure Liebe und Dankbarkeit auf bedeutungsvolle und einzigartige Weise aus und feiere all eure gemeinsamen Momente F\u00fcge einen aussagekr\u00e4ftigen, pers\u00f6nlichen Text hinzu Personalisiere in nur drei einfachen Schritten Sieh dir die Wirkung sofort an \u2013 die interaktive Vorschau erm\u00f6glicht es dir, jedes Detail direkt anzupassen","og_url":"https:\/\/positiveprints.com\/de-at\/produkt\/du-und-ich-buchstaben-collage\/","og_site_name":"Positive Prints","article_publisher":"https:\/\/www.facebook.com\/positiveprintscom","article_modified_time":"2026-04-18T02:09:48+00:00","og_image":[{"width":1450,"height":1450,"url":"https:\/\/positiveprints.com\/wp-content\/uploads\/2025\/03\/Du-Ich-collage-1.webp","type":"image\/webp"}],"twitter_card":"summary_large_image","twitter_misc":{"Gesch\u00e4tzte Lesezeit":"1 Minute"},"schema":{"@context":"https:\/\/schema.org","@graph":[{"@type":["WebPage","ItemPage"],"@id":"https:\/\/positiveprints.com\/de-at\/produkt\/du-und-ich-buchstaben-collage\/","url":"https:\/\/positiveprints.com\/de-at\/produkt\/du-und-ich-buchstaben-collage\/","name":"Du und Ich Buchstaben Collage - Positive Prints","isPartOf":{"@id":"https:\/\/positiveprints.com\/de-at\/#website"},"primaryImageOfPage":{"@id":"https:\/\/positiveprints.com\/de-at\/produkt\/du-und-ich-buchstaben-collage\/#primaryimage"},"image":{"@id":"https:\/\/positiveprints.com\/de-at\/produkt\/du-und-ich-buchstaben-collage\/#primaryimage"},"thumbnailUrl":"https:\/\/positiveprints.com\/wp-content\/uploads\/2026\/03\/du-ich_DE.webp","datePublished":"2024-12-26T21:11:54+00:00","dateModified":"2026-04-18T02:09:48+00:00","description":"Feiere eure besondere Verbundenheit mit unserer Du & Ich-Buchstaben-Fotocollage. Dieses personalisierte Kunstwerk ist die perfekte M\u00f6glichkeit, eure sch\u00f6nsten Erinnerungen festzuhalten.","breadcrumb":{"@id":"https:\/\/positiveprints.com\/de-at\/produkt\/du-und-ich-buchstaben-collage\/#breadcrumb"},"inLanguage":"de-AT","potentialAction":[{"@type":"ReadAction","target":["https:\/\/positiveprints.com\/de-at\/produkt\/du-und-ich-buchstaben-collage\/"]}]},{"@type":"ImageObject","inLanguage":"de-AT","@id":"https:\/\/positiveprints.com\/de-at\/produkt\/du-und-ich-buchstaben-collage\/#primaryimage","url":"https:\/\/positiveprints.com\/wp-content\/uploads\/2026\/03\/du-ich_DE.webp","contentUrl":"https:\/\/positiveprints.com\/wp-content\/uploads\/2026\/03\/du-ich_DE.webp","width":1450,"height":1450},{"@type":"BreadcrumbList","@id":"https:\/\/positiveprints.com\/de-at\/produkt\/du-und-ich-buchstaben-collage\/#breadcrumb","itemListElement":[{"@type":"ListItem","position":1,"name":"Home","item":"https:\/\/positiveprints.com\/de-at\/"},{"@type":"ListItem","position":2,"name":"Products","item":"https:\/\/positiveprints.com\/de-at\/shop\/"},{"@type":"ListItem","position":3,"name":"Du und Ich &#8211; Buchstaben Collage"}]},{"@type":"WebSite","@id":"https:\/\/positiveprints.com\/de-at\/#website","url":"https:\/\/positiveprints.com\/de-at\/","name":"Positive Prints","description":"Amazing Custom Personalised Prints","publisher":{"@id":"https:\/\/positiveprints.com\/de-at\/#organization"},"potentialAction":[{"@type":"SearchAction","target":{"@type":"EntryPoint","urlTemplate":"https:\/\/positiveprints.com\/de-at\/?s={search_term_string}"},"query-input":{"@type":"PropertyValueSpecification","valueRequired":true,"valueName":"search_term_string"}}],"inLanguage":"de-AT"},{"@type":"Organization","@id":"https:\/\/positiveprints.com\/de-at\/#organization","name":"Positive Prints","alternateName":"Positive Prints","url":"https:\/\/positiveprints.com\/de-at\/","logo":{"@type":"ImageObject","inLanguage":"de-AT","@id":"https:\/\/positiveprints.com\/de-at\/#\/schema\/logo\/image\/","url":"https:\/\/positiveprints.com\/wp-content\/uploads\/2026\/03\/245815646_1337939713319158_5671353136411139666_n.png","contentUrl":"https:\/\/positiveprints.com\/wp-content\/uploads\/2026\/03\/245815646_1337939713319158_5671353136411139666_n.png","width":800,"height":800,"caption":"Positive Prints"},"image":{"@id":"https:\/\/positiveprints.com\/de-at\/#\/schema\/logo\/image\/"},"sameAs":["https:\/\/www.facebook.com\/positiveprintscom","https:\/\/www.instagram.com\/positiveprintscom\/","https:\/\/www.tiktok.com\/@positiveprintscom","https:\/\/www.pinterest.com\/positiveprintscom\/"]}]}},"jetpack_sharing_enabled":true,"_links":{"self":[{"href":"https:\/\/positiveprints.com\/de-at\/wp-json\/wp\/v2\/product\/1309679","targetHints":{"allow":["GET"]}}],"collection":[{"href":"https:\/\/positiveprints.com\/de-at\/wp-json\/wp\/v2\/product"}],"about":[{"href":"https:\/\/positiveprints.com\/de-at\/wp-json\/wp\/v2\/types\/product"}],"wp:featuredmedia":[{"embeddable":true,"href":"https:\/\/positiveprints.com\/de-at\/wp-json\/wp\/v2\/media\/1671797"}],"wp:attachment":[{"href":"https:\/\/positiveprints.com\/de-at\/wp-json\/wp\/v2\/media?parent=1309679"}],"wp:term":[{"taxonomy":"product_brand","embeddable":true,"href":"https:\/\/positiveprints.com\/de-at\/wp-json\/wp\/v2\/product_brand?post=1309679"},{"taxonomy":"product_cat","embeddable":true,"href":"https:\/\/positiveprints.com\/de-at\/wp-json\/wp\/v2\/product_cat?post=1309679"},{"taxonomy":"product_tag","embeddable":true,"href":"https:\/\/positiveprints.com\/de-at\/wp-json\/wp\/v2\/product_tag?post=1309679"}],"curies":[{"name":"wp","href":"https:\/\/api.w.org\/{rel}","templated":true}]}}