{"id":1145388,"date":"2024-06-17T09:01:18","date_gmt":"2024-06-17T08:01:18","guid":{"rendered":"https:\/\/positiveprints.com\/?post_type=product&#038;p=1145388"},"modified":"2026-04-28T13:47:58","modified_gmt":"2026-04-28T12:47:58","slug":"mann-frau-4-fache-fotocollage","status":"publish","type":"product","link":"https:\/\/positiveprints.com\/de-at\/produkt\/mann-frau-4-fache-fotocollage\/","title":{"rendered":"\u201cMann &#038; Frau\u201d- 4-fache Fotocollage"},"content":{"rendered":"<p>Halte sch\u00f6ne Erinnerungen mit unserer \u201eMr &#038; Mrs\u201c 4-facher Fotocollage fest. Dieser personalisierte Druck zeigt deine 4 besonderen Fotos, die in einer stilvollen Collage mit dem Text \u201eMr &#038; Mrs\u201c in einer sch\u00f6nen Schriftart angeordnet sind. Du kannst es ganz einfach sowohl auf dem Desktop als auch auf dem Handy erstellen. Gehe einfach zu unserem benutzerfreundlichen Online-Editor, w\u00e4hle das 4-Raster-Layout und w\u00e4hle das Thema mit der Aufschrift \u201eMann &#038; Frau\u201c. Lade dann Ihdeinere 4 Lieblingsfotos hoch, um deine Collage zu vervollst\u00e4ndigen.<\/p>\r\n\r\n<h2>Erstelle deine \u201eMr &#038; Mrs\u201c 4-fache Fotocollage<\/h2>\r\n\r\n<p>Die \u201eMann &#038; Frau\u201c 4-fache Fotocollage ist ein ideales Geschenk f\u00fcr Hochzeiten, Brautpartys oder als besonderes Geschenk f\u00fcr Braut und Br\u00e4utigam. Feiere deine Liebe und besonderen Momente mit einem einzigartigen und personalisierten Geschenk, das sie f\u00fcr immer sch\u00e4tzen werden. Diese Collage ist nicht nur eine Dekoration. Sie ist ein Andenken, das an einen besonderen Tag und die sch\u00f6ne gemeinsame Reise erinnert.<\/p>\r\n\r\n<p>Stelle dir die Freude und \u00dcberraschung auf den Gesichtern der Frischverm\u00e4hlten vor, wenn sie ein so pers\u00f6nliches und bedeutungsvolles Geschenk auspacken. Mit der \u201eMr &#038; Mrs\u201c 4-fachen Fotocollage kannst du deine gl\u00fccklichsten Momente zusammenstellen und die Essenz einer Beziehung einfangen. Es ist ein Geschenk, das B\u00e4nde \u00fcber deine Aufmerksamkeit und Liebe spricht.<\/p>\r\n\r\n<h2>Warum solltest du dich f\u00fcr unsere  \u201eMr &#038; Mrs\u201c 4-fache Fotocollage entscheiden?<\/h2>\r\n\r\n<p>Das Erstellen deiner Collage ist schnell und einfach. Besuche unsere Website, verwende den Online-Editor, um deine Collage anzupassen und gebe deine Bestellung auf. Wir k\u00fcmmern uns um den Rest und sorgen daf\u00fcr, dass dein Druck mit Sorgfalt erstellt und umgehend geliefert wird.<\/p>\r\n\r\n<p>Ob Brautparty, Hochzeitstag oder Jahrestag, diese Collage ist ein unvergessliches Geschenk. Die Collage ist auch eine perfekte M\u00f6glichkeit f\u00fcr Eltern, Freunde oder Geschwister, deine Liebe und Unterst\u00fctzung f\u00fcr das Paar zu zeigen. Die in den Fotos festgehaltenen Emotionen werden L\u00e4cheln, Lachen und vielleicht sogar Freudentr\u00e4nen hervorrufen.<\/p>\r\n\r\n<p>Gebe ein Geschenk, das deine Liebesgeschichte perfekt einf\u00e4ngt. Die \u201eMr &#038; Mrs\u201c 4-fache Fotocollage ist eine sch\u00f6ne und aufmerksame Art, das besondere Paar in deinem Leben zu feiern.<\/p>","protected":false},"excerpt":{"rendered":"<ul class=\"check-list\">\n<li>Erstelle deine pers\u00f6nliche Definition<\/li>\n<li>F\u00fcge ein ausgew\u00e4hltes Lieblings-Foto hinzu<\/li>\n<li>In 3 einfachen Schritten anpassbar<\/li>\n<li>W\u00e4hle eine Vorlage oder werde selbst kreativ<\/li>\n<li>Sehe dir bei jedem Schritt eine Vorschau deines Designs an<\/li>\n<\/ul>\n","protected":false},"featured_media":1156167,"template":"","meta":[],"product_brand":[],"product_cat":[11501,11510,11513,11504,11519,11507,11600,4906,7922,7496,7746,7635,5308,11167,11170,11164,5324],"product_tag":[8702,8475],"class_list":{"0":"post-1145388","1":"product","2":"type-product","3":"status-publish","4":"has-post-thumbnail","6":"product_cat-1-jahrestag-de-at","7":"product_cat-10-jahrestag-de-at","8":"product_cat-15-jahrestag-de-at","9":"product_cat-2-jahrestag-de-at","10":"product_cat-20-jahrestag-de-at","11":"product_cat-5-jahrestag-de-at","12":"product_cat-50-jahrestag-de-at","13":"product_cat-alle-produkte-de-at","14":"product_cat-brautduschen-geschenke-de-at","15":"product_cat-foto-de-at","16":"product_cat-geschenke-fur-deine-ehefrau-de-at","17":"product_cat-geschenke-fur-deinen-ehemann-de-at","18":"product_cat-hochzeitsgeschenke-de-at","19":"product_cat-jahrestag-geschenk-fur-ihn-de-at","20":"product_cat-jahrestag-geschenk-fur-paare-de-at","21":"product_cat-jahrestag-geschenke-fur-sie-de-at","22":"product_cat-jubilaumsgeschenke-de-at","23":"product_tag-bridal-shower-de-at","24":"product_tag-wedding-de-at","26":"first","27":"instock","28":"sale","29":"taxable","30":"shipping-taxable","31":"purchasable","32":"product-type-variable"},"yoast_head":"<!-- This site is optimized with the Yoast SEO Premium plugin v27.2 (Yoast SEO v27.2) - https:\/\/yoast.com\/product\/yoast-seo-premium-wordpress\/ -->\n<title>\u201cMann &amp; Frau\u201d- 4-fache Fotocollage - Positive Prints<\/title>\n<meta name=\"description\" content=\"Gebe ein Geschenk, das eine Liebesgeschichte perfekt einf\u00e4ngt. Die \u201eMr &amp; Mrs\u201c 4-fache Fotocollage ist eine sch\u00f6ne Art, das besondere Paar aus deinem Leben zu feiern.\" \/>\n<meta name=\"robots\" content=\"index, follow, max-snippet:-1, max-image-preview:large, max-video-preview:-1\" \/>\n<link rel=\"canonical\" href=\"https:\/\/positiveprints.com\/de-at\/produkt\/mann-frau-4-fache-fotocollage\/\" \/>\n<meta property=\"og:locale\" content=\"de_DE\" \/>\n<meta property=\"og:type\" content=\"article\" \/>\n<meta property=\"og:title\" content=\"\u201cMann &amp; Frau\u201d- 4-fache Fotocollage\" \/>\n<meta property=\"og:description\" content=\"Erstelle deine pers\u00f6nliche Definition F\u00fcge ein ausgew\u00e4hltes Lieblings-Foto hinzu In 3 einfachen Schritten anpassbar W\u00e4hle eine Vorlage oder werde selbst kreativ Sehe dir bei jedem Schritt eine Vorschau deines Designs an\" \/>\n<meta property=\"og:url\" content=\"https:\/\/positiveprints.com\/de-at\/produkt\/mann-frau-4-fache-fotocollage\/\" \/>\n<meta property=\"og:site_name\" content=\"Positive Prints\" \/>\n<meta property=\"article:publisher\" content=\"https:\/\/www.facebook.com\/positiveprintscom\" \/>\n<meta property=\"article:modified_time\" content=\"2026-04-28T12:47:58+00:00\" \/>\n<meta property=\"og:image\" content=\"https:\/\/positiveprints.com\/wp-content\/uploads\/2024\/06\/Mr-Mrs-4-Photo-Collage.jpg\" \/>\n\t<meta property=\"og:image:width\" content=\"1080\" \/>\n\t<meta property=\"og:image:height\" content=\"1080\" \/>\n\t<meta property=\"og:image:type\" content=\"image\/jpeg\" \/>\n<meta name=\"twitter:card\" content=\"summary_large_image\" \/>\n<!-- \/ Yoast SEO Premium plugin. -->","yoast_head_json":{"title":"\u201cMann &amp; Frau\u201d- 4-fache Fotocollage - Positive Prints","description":"Gebe ein Geschenk, das eine Liebesgeschichte perfekt einf\u00e4ngt. Die \u201eMr & Mrs\u201c 4-fache Fotocollage ist eine sch\u00f6ne Art, das besondere Paar aus deinem Leben zu feiern.","robots":{"index":"index","follow":"follow","max-snippet":"max-snippet:-1","max-image-preview":"max-image-preview:large","max-video-preview":"max-video-preview:-1"},"canonical":"https:\/\/positiveprints.com\/de-at\/produkt\/mann-frau-4-fache-fotocollage\/","og_locale":"de_DE","og_type":"article","og_title":"\u201cMann & Frau\u201d- 4-fache Fotocollage","og_description":"Erstelle deine pers\u00f6nliche Definition F\u00fcge ein ausgew\u00e4hltes Lieblings-Foto hinzu In 3 einfachen Schritten anpassbar W\u00e4hle eine Vorlage oder werde selbst kreativ Sehe dir bei jedem Schritt eine Vorschau deines Designs an","og_url":"https:\/\/positiveprints.com\/de-at\/produkt\/mann-frau-4-fache-fotocollage\/","og_site_name":"Positive Prints","article_publisher":"https:\/\/www.facebook.com\/positiveprintscom","article_modified_time":"2026-04-28T12:47:58+00:00","og_image":[{"width":1080,"height":1080,"url":"https:\/\/positiveprints.com\/wp-content\/uploads\/2024\/06\/Mr-Mrs-4-Photo-Collage.jpg","type":"image\/jpeg"}],"twitter_card":"summary_large_image","schema":{"@context":"https:\/\/schema.org","@graph":[{"@type":["WebPage","ItemPage"],"@id":"https:\/\/positiveprints.com\/de-at\/produkt\/mann-frau-4-fache-fotocollage\/","url":"https:\/\/positiveprints.com\/de-at\/produkt\/mann-frau-4-fache-fotocollage\/","name":"\u201cMann &amp; Frau\u201d- 4-fache Fotocollage - Positive Prints","isPartOf":{"@id":"https:\/\/positiveprints.com\/de-at\/#website"},"primaryImageOfPage":{"@id":"https:\/\/positiveprints.com\/de-at\/produkt\/mann-frau-4-fache-fotocollage\/#primaryimage"},"image":{"@id":"https:\/\/positiveprints.com\/de-at\/produkt\/mann-frau-4-fache-fotocollage\/#primaryimage"},"thumbnailUrl":"https:\/\/positiveprints.com\/wp-content\/uploads\/2024\/06\/Mr-Mrs-4-Photo-Collage.jpg","datePublished":"2024-06-17T08:01:18+00:00","dateModified":"2026-04-28T12:47:58+00:00","description":"Gebe ein Geschenk, das eine Liebesgeschichte perfekt einf\u00e4ngt. Die \u201eMr & Mrs\u201c 4-fache Fotocollage ist eine sch\u00f6ne Art, das besondere Paar aus deinem Leben zu feiern.","breadcrumb":{"@id":"https:\/\/positiveprints.com\/de-at\/produkt\/mann-frau-4-fache-fotocollage\/#breadcrumb"},"inLanguage":"de-AT","potentialAction":[{"@type":"ReadAction","target":["https:\/\/positiveprints.com\/de-at\/produkt\/mann-frau-4-fache-fotocollage\/"]}]},{"@type":"ImageObject","inLanguage":"de-AT","@id":"https:\/\/positiveprints.com\/de-at\/produkt\/mann-frau-4-fache-fotocollage\/#primaryimage","url":"https:\/\/positiveprints.com\/wp-content\/uploads\/2024\/06\/Mr-Mrs-4-Photo-Collage.jpg","contentUrl":"https:\/\/positiveprints.com\/wp-content\/uploads\/2024\/06\/Mr-Mrs-4-Photo-Collage.jpg","width":1080,"height":1080},{"@type":"BreadcrumbList","@id":"https:\/\/positiveprints.com\/de-at\/produkt\/mann-frau-4-fache-fotocollage\/#breadcrumb","itemListElement":[{"@type":"ListItem","position":1,"name":"Home","item":"https:\/\/positiveprints.com\/de-at\/"},{"@type":"ListItem","position":2,"name":"Products","item":"https:\/\/positiveprints.com\/de-at\/shop\/"},{"@type":"ListItem","position":3,"name":"\u201cMann &#038; Frau\u201d- 4-fache Fotocollage"}]},{"@type":"WebSite","@id":"https:\/\/positiveprints.com\/de-at\/#website","url":"https:\/\/positiveprints.com\/de-at\/","name":"Positive Prints","description":"Amazing Custom Personalised Prints","publisher":{"@id":"https:\/\/positiveprints.com\/de-at\/#organization"},"potentialAction":[{"@type":"SearchAction","target":{"@type":"EntryPoint","urlTemplate":"https:\/\/positiveprints.com\/de-at\/?s={search_term_string}"},"query-input":{"@type":"PropertyValueSpecification","valueRequired":true,"valueName":"search_term_string"}}],"inLanguage":"de-AT"},{"@type":"Organization","@id":"https:\/\/positiveprints.com\/de-at\/#organization","name":"Positive Prints","alternateName":"Positive Prints","url":"https:\/\/positiveprints.com\/de-at\/","logo":{"@type":"ImageObject","inLanguage":"de-AT","@id":"https:\/\/positiveprints.com\/de-at\/#\/schema\/logo\/image\/","url":"https:\/\/positiveprints.com\/wp-content\/uploads\/2026\/03\/245815646_1337939713319158_5671353136411139666_n.png","contentUrl":"https:\/\/positiveprints.com\/wp-content\/uploads\/2026\/03\/245815646_1337939713319158_5671353136411139666_n.png","width":800,"height":800,"caption":"Positive Prints"},"image":{"@id":"https:\/\/positiveprints.com\/de-at\/#\/schema\/logo\/image\/"},"sameAs":["https:\/\/www.facebook.com\/positiveprintscom","https:\/\/www.instagram.com\/positiveprintscom\/","https:\/\/www.tiktok.com\/@positiveprintscom","https:\/\/www.pinterest.com\/positiveprintscom\/"]}]}},"jetpack_sharing_enabled":true,"_links":{"self":[{"href":"https:\/\/positiveprints.com\/de-at\/wp-json\/wp\/v2\/product\/1145388","targetHints":{"allow":["GET"]}}],"collection":[{"href":"https:\/\/positiveprints.com\/de-at\/wp-json\/wp\/v2\/product"}],"about":[{"href":"https:\/\/positiveprints.com\/de-at\/wp-json\/wp\/v2\/types\/product"}],"wp:featuredmedia":[{"embeddable":true,"href":"https:\/\/positiveprints.com\/de-at\/wp-json\/wp\/v2\/media\/1156167"}],"wp:attachment":[{"href":"https:\/\/positiveprints.com\/de-at\/wp-json\/wp\/v2\/media?parent=1145388"}],"wp:term":[{"taxonomy":"product_brand","embeddable":true,"href":"https:\/\/positiveprints.com\/de-at\/wp-json\/wp\/v2\/product_brand?post=1145388"},{"taxonomy":"product_cat","embeddable":true,"href":"https:\/\/positiveprints.com\/de-at\/wp-json\/wp\/v2\/product_cat?post=1145388"},{"taxonomy":"product_tag","embeddable":true,"href":"https:\/\/positiveprints.com\/de-at\/wp-json\/wp\/v2\/product_tag?post=1145388"}],"curies":[{"name":"wp","href":"https:\/\/api.w.org\/{rel}","templated":true}]}}