{"id":1145025,"date":"2024-06-21T10:44:43","date_gmt":"2024-06-21T09:44:43","guid":{"rendered":"https:\/\/positiveprints.com\/?post_type=product&#038;p=1145025"},"modified":"2026-04-03T02:48:57","modified_gmt":"2026-04-03T01:48:57","slug":"opa-definition-poster","status":"publish","type":"product","link":"https:\/\/positiveprints.com\/de-at\/produkt\/opa-definition-poster\/","title":{"rendered":"Opa Definition Poster"},"content":{"rendered":"<p>Ehren die besondere Verbindung, die du mit deinem Opa hast, mit unserem Opa-Definitionsposter. Dieser personalisierte Druck kombiniert ein gesch\u00e4tztes Foto mit einer W\u00f6rterbuchdefinition von \u201eOpa\u201c oder einem anderen Wort, das sein Wesen verk\u00f6rpert. Egal, ob du dich f\u00fcr eine humorvolle oder zutiefst sentimentale Definition entscheidest, dieses Geschenk wird sein Herz sicher erw\u00e4rmen.<\/p>\r\n\r\n<h2>Erstelle dein Opa-Definitionsposter<\/h2>\r\n\r\n<p>Mit unserem intuitiven Online-Editor ist das Erstellen eines einzigartigen Posters einfach und unterhaltsam. W\u00e4hle dein bevorzugtes Farbschema oder passen Sie die Hintergrund- und Schriftfarben an deinen Stil an. Lade dann ein Lieblingsfoto von Opa hoch und gebe einen Titel und eine Definition ein. Du kannst eine unserer vordefinierten Definitionen verwenden oder deine eigene erstellen, um es wirklich besonders zu machen.<\/p>\r\n\r\n<p>Das Erstellen eines personalisierten Posters ist schnell und einfach. Besuche unsere Website, verwende den Online-Editor, um deinen Druck anzupassen und gebe deine Bestellung auf. Wir k\u00fcmmern uns um den Rest und stellen sicher, dass der Druck mit Sorgfalt erstellt und umgehend geliefert wird.<\/p>\r\n\r\n<h2>Feiere deinen Opa mit einem einzigartigen Geschenk<\/h2>\r\n\r\n<p>Das Definitionsposter \u201eOpa\u201c ist ein ideales Geschenk f\u00fcr Geburtstage, Weihnachten oder jeden Anlass, der eine besondere Hommage an Opa erfordert. Stelle dir seinen Stolz und seine Freude vor, wenn er diesen wundersch\u00f6n gestalteten Druck erh\u00e4lt, der seine einzigartige Rolle in der Familie feiert.<\/p>\r\n\r\n<p>Zeige deinem Opa mit einem Definitionsposter, wie viel er dir bedeutet. Es ist eine sch\u00f6ne und pers\u00f6nliche Art, ihn zu feiern und f\u00e4ngt sein Wesen auf eine Weise ein, die Worte allein nicht ausdr\u00fccken k\u00f6nnen. Dieses einzigartige Geschenk wird eine gesch\u00e4tzte Erg\u00e4nzung f\u00fcr sein Zuhause sein und ihn st\u00e4ndig an die besondere Verbindung erinnern, die ihr teilt.<\/p>","protected":false},"excerpt":{"rendered":"<ul class=\"check-list\">\n<li>Erstelle deine pers\u00f6nliche Definition<\/li>\n<li>F\u00fcge ein ausgew\u00e4hltes Lieblings-Foto hinzu<\/li>\n<li>In 3 einfachen Schritten anpassbar<\/li>\n<li>W\u00e4hle eine Vorlage oder werde selbst kreativ<\/li>\n<li>Sehe dir bei jedem Schritt eine Vorschau deines Designs an<\/li>\n<\/ul>\n","protected":false},"featured_media":1470875,"template":"","meta":[],"product_brand":[],"product_cat":[9737,9757,4906,5265,11341,7602],"product_tag":[8657,11722],"class_list":{"0":"post-1145025","1":"product","2":"type-product","3":"status-publish","4":"has-post-thumbnail","6":"product_cat-definition-de-at","7":"product_cat-trending-label-de-at","8":"product_cat-alle-produkte-de-at","9":"product_cat-weihnachtsgeschenke-de-at","10":"product_cat-weihnachtsgeschenke-fur-den-opa-de-at","11":"product_cat-geschenke-fur-opa-de-at","12":"product_tag-grandpa-de-at","13":"product_tag-weihnachtsgeschenke-fuer-den-opa-de-at","15":"first","16":"instock","17":"sale","18":"taxable","19":"shipping-taxable","20":"purchasable","21":"product-type-variable"},"yoast_head":"<!-- This site is optimized with the Yoast SEO Premium plugin v27.2 (Yoast SEO v27.2) - https:\/\/yoast.com\/product\/yoast-seo-premium-wordpress\/ -->\n<title>Opa Definition Poster - Positive Prints<\/title>\n<meta name=\"description\" content=\"Zeige deinem Opa mit einem Definitionsposter \u201eOpa\u201c , wie viel er dir bedeutet. Es ist eine sch\u00f6ne und pers\u00f6nliche Art, ihn zu feiern.\" \/>\n<meta name=\"robots\" content=\"index, follow, max-snippet:-1, max-image-preview:large, max-video-preview:-1\" \/>\n<link rel=\"canonical\" href=\"https:\/\/positiveprints.com\/de-at\/produkt\/opa-definition-poster\/\" \/>\n<meta property=\"og:locale\" content=\"de_DE\" \/>\n<meta property=\"og:type\" content=\"article\" \/>\n<meta property=\"og:title\" content=\"Opa Definition Poster\" \/>\n<meta property=\"og:description\" content=\"Erstelle deine pers\u00f6nliche Definition F\u00fcge ein ausgew\u00e4hltes Lieblings-Foto hinzu In 3 einfachen Schritten anpassbar W\u00e4hle eine Vorlage oder werde selbst kreativ Sehe dir bei jedem Schritt eine Vorschau deines Designs an\" \/>\n<meta property=\"og:url\" content=\"https:\/\/positiveprints.com\/de-at\/produkt\/opa-definition-poster\/\" \/>\n<meta property=\"og:site_name\" content=\"Positive Prints\" \/>\n<meta property=\"article:publisher\" content=\"https:\/\/www.facebook.com\/positiveprintscom\" \/>\n<meta property=\"article:modified_time\" content=\"2026-04-03T01:48:57+00:00\" \/>\n<meta property=\"og:image\" content=\"https:\/\/positiveprints.com\/wp-content\/uploads\/2024\/07\/Opa-Definition-Poster.jpg\" \/>\n\t<meta property=\"og:image:width\" content=\"1080\" \/>\n\t<meta property=\"og:image:height\" content=\"1080\" \/>\n\t<meta property=\"og:image:type\" content=\"image\/jpeg\" \/>\n<meta name=\"twitter:card\" content=\"summary_large_image\" \/>\n<!-- \/ Yoast SEO Premium plugin. -->","yoast_head_json":{"title":"Opa Definition Poster - Positive Prints","description":"Zeige deinem Opa mit einem Definitionsposter \u201eOpa\u201c , wie viel er dir bedeutet. Es ist eine sch\u00f6ne und pers\u00f6nliche Art, ihn zu feiern.","robots":{"index":"index","follow":"follow","max-snippet":"max-snippet:-1","max-image-preview":"max-image-preview:large","max-video-preview":"max-video-preview:-1"},"canonical":"https:\/\/positiveprints.com\/de-at\/produkt\/opa-definition-poster\/","og_locale":"de_DE","og_type":"article","og_title":"Opa Definition Poster","og_description":"Erstelle deine pers\u00f6nliche Definition F\u00fcge ein ausgew\u00e4hltes Lieblings-Foto hinzu In 3 einfachen Schritten anpassbar W\u00e4hle eine Vorlage oder werde selbst kreativ Sehe dir bei jedem Schritt eine Vorschau deines Designs an","og_url":"https:\/\/positiveprints.com\/de-at\/produkt\/opa-definition-poster\/","og_site_name":"Positive Prints","article_publisher":"https:\/\/www.facebook.com\/positiveprintscom","article_modified_time":"2026-04-03T01:48:57+00:00","og_image":[{"width":1080,"height":1080,"url":"https:\/\/positiveprints.com\/wp-content\/uploads\/2024\/07\/Opa-Definition-Poster.jpg","type":"image\/jpeg"}],"twitter_card":"summary_large_image","schema":{"@context":"https:\/\/schema.org","@graph":[{"@type":["WebPage","ItemPage"],"@id":"https:\/\/positiveprints.com\/de-at\/produkt\/opa-definition-poster\/","url":"https:\/\/positiveprints.com\/de-at\/produkt\/opa-definition-poster\/","name":"Opa Definition Poster - Positive Prints","isPartOf":{"@id":"https:\/\/positiveprints.com\/de-at\/#website"},"primaryImageOfPage":{"@id":"https:\/\/positiveprints.com\/de-at\/produkt\/opa-definition-poster\/#primaryimage"},"image":{"@id":"https:\/\/positiveprints.com\/de-at\/produkt\/opa-definition-poster\/#primaryimage"},"thumbnailUrl":"https:\/\/positiveprints.com\/wp-content\/uploads\/2025\/07\/Packshot_DE_Opa-Definition-Poster.webp","datePublished":"2024-06-21T09:44:43+00:00","dateModified":"2026-04-03T01:48:57+00:00","description":"Zeige deinem Opa mit einem Definitionsposter \u201eOpa\u201c , wie viel er dir bedeutet. Es ist eine sch\u00f6ne und pers\u00f6nliche Art, ihn zu feiern.","breadcrumb":{"@id":"https:\/\/positiveprints.com\/de-at\/produkt\/opa-definition-poster\/#breadcrumb"},"inLanguage":"de-AT","potentialAction":[{"@type":"ReadAction","target":["https:\/\/positiveprints.com\/de-at\/produkt\/opa-definition-poster\/"]}]},{"@type":"ImageObject","inLanguage":"de-AT","@id":"https:\/\/positiveprints.com\/de-at\/produkt\/opa-definition-poster\/#primaryimage","url":"https:\/\/positiveprints.com\/wp-content\/uploads\/2025\/07\/Packshot_DE_Opa-Definition-Poster.webp","contentUrl":"https:\/\/positiveprints.com\/wp-content\/uploads\/2025\/07\/Packshot_DE_Opa-Definition-Poster.webp","width":1450,"height":1450},{"@type":"BreadcrumbList","@id":"https:\/\/positiveprints.com\/de-at\/produkt\/opa-definition-poster\/#breadcrumb","itemListElement":[{"@type":"ListItem","position":1,"name":"Home","item":"https:\/\/positiveprints.com\/de-at\/"},{"@type":"ListItem","position":2,"name":"Products","item":"https:\/\/positiveprints.com\/de-at\/shop\/"},{"@type":"ListItem","position":3,"name":"Opa Definition Poster"}]},{"@type":"WebSite","@id":"https:\/\/positiveprints.com\/de-at\/#website","url":"https:\/\/positiveprints.com\/de-at\/","name":"Positive Prints","description":"Amazing Custom Personalised Prints","publisher":{"@id":"https:\/\/positiveprints.com\/de-at\/#organization"},"potentialAction":[{"@type":"SearchAction","target":{"@type":"EntryPoint","urlTemplate":"https:\/\/positiveprints.com\/de-at\/?s={search_term_string}"},"query-input":{"@type":"PropertyValueSpecification","valueRequired":true,"valueName":"search_term_string"}}],"inLanguage":"de-AT"},{"@type":"Organization","@id":"https:\/\/positiveprints.com\/de-at\/#organization","name":"Positive Prints","alternateName":"Positive Prints","url":"https:\/\/positiveprints.com\/de-at\/","logo":{"@type":"ImageObject","inLanguage":"de-AT","@id":"https:\/\/positiveprints.com\/de-at\/#\/schema\/logo\/image\/","url":"https:\/\/positiveprints.com\/wp-content\/uploads\/2026\/03\/245815646_1337939713319158_5671353136411139666_n.png","contentUrl":"https:\/\/positiveprints.com\/wp-content\/uploads\/2026\/03\/245815646_1337939713319158_5671353136411139666_n.png","width":800,"height":800,"caption":"Positive Prints"},"image":{"@id":"https:\/\/positiveprints.com\/de-at\/#\/schema\/logo\/image\/"},"sameAs":["https:\/\/www.facebook.com\/positiveprintscom","https:\/\/www.instagram.com\/positiveprintscom\/","https:\/\/www.tiktok.com\/@positiveprintscom","https:\/\/www.pinterest.com\/positiveprintscom\/"]}]}},"jetpack_sharing_enabled":true,"_links":{"self":[{"href":"https:\/\/positiveprints.com\/de-at\/wp-json\/wp\/v2\/product\/1145025","targetHints":{"allow":["GET"]}}],"collection":[{"href":"https:\/\/positiveprints.com\/de-at\/wp-json\/wp\/v2\/product"}],"about":[{"href":"https:\/\/positiveprints.com\/de-at\/wp-json\/wp\/v2\/types\/product"}],"wp:featuredmedia":[{"embeddable":true,"href":"https:\/\/positiveprints.com\/de-at\/wp-json\/wp\/v2\/media\/1470875"}],"wp:attachment":[{"href":"https:\/\/positiveprints.com\/de-at\/wp-json\/wp\/v2\/media?parent=1145025"}],"wp:term":[{"taxonomy":"product_brand","embeddable":true,"href":"https:\/\/positiveprints.com\/de-at\/wp-json\/wp\/v2\/product_brand?post=1145025"},{"taxonomy":"product_cat","embeddable":true,"href":"https:\/\/positiveprints.com\/de-at\/wp-json\/wp\/v2\/product_cat?post=1145025"},{"taxonomy":"product_tag","embeddable":true,"href":"https:\/\/positiveprints.com\/de-at\/wp-json\/wp\/v2\/product_tag?post=1145025"}],"curies":[{"name":"wp","href":"https:\/\/api.w.org\/{rel}","templated":true}]}}