{"id":1137649,"date":"2024-06-18T11:07:19","date_gmt":"2024-06-18T10:07:19","guid":{"rendered":"https:\/\/positiveprints.com\/product\/neues-zuhause-karte-mit-foto\/"},"modified":"2026-04-28T13:47:00","modified_gmt":"2026-04-28T12:47:00","slug":"neues-zuhause-karte-mit-foto","status":"publish","type":"product","link":"https:\/\/positiveprints.com\/de-at\/produkt\/neues-zuhause-karte-mit-foto\/","title":{"rendered":"Neues Zuhause &#8211; Karte mit Foto"},"content":{"rendered":"<p>CFeiere die Freude \u00fcber den Umzug in ein neues Zuhause mit unserer Karte des neuen Zuhauses. Dieser personalisierte Druck enth\u00e4lt eine detaillierte Karte, die den genauen Standort des neuen Zuhauses und der umliegenden Nachbarschaft hervorhebt, eine herzf\u00f6rmige Markierung zur Markierung des Standorts, ein Foto der neuen Hausbesitzer und eine benutzerdefinierte Nachricht unter der Karte.<\/p>\r\n\r\n<h2>Erstelle eine Karte des neuen Zuhauses mit Foto<\/h2>\r\n\r\n<p>Unser Online-Creator macht die Personalisierung einfach. W\u00e4hle die Form und Farben der Karte aus vordefinierten Farbschemata oder experimentiere mit deinen eigenen Farbauswahlen. Visualisiere den besonderen Ort, zoome hinein und heraus, um die perfekte Ansicht zu erhalten und f\u00fcge eine herzf\u00f6rmige Markierung hinzu, um den genauen Ort zu markieren. Lade ein sch\u00f6nes Foto hoch und f\u00fcge eine aussagekr\u00e4ftige Nachricht wie \u201eNeues Zuhause\u201c hinzu.<\/p>\r\n\r\n<p>W\u00e4hle aus einer Vielzahl von Formaten: gedrucktes oder gerahmtes Poster, Leinwand oder digitale Datei. Unabh\u00e4ngig vom Format wird Ihre personalisierte Karte umwerfend aussehen und als gesch\u00e4tzte Erinnerung an den Neuanfang dienen.<\/p>\r\n\r\n<h2>Perfektes Geschenk f\u00fcr besondere Anl\u00e4sse<\/h2>\r\n\r\n<p>Die Karte des neuen Zuhauses mit Foto ist ein einzigartiges und aufmerksames Einweihungsgeschenk. Feiere einen neuen Lebensabschnitt und den Ort, den jemand jetzt sein Zuhause nennt, mit einer personalisierten Karte, die das Wesen der neuen Nachbarschaft einf\u00e4ngt.<\/p>\r\n\r\n<p>Stelle dir die Freude auf ihren Gesichtern vor, wenn sie diese wundersch\u00f6n gestaltete Karte sehen, die den Ort ihres neuen Zuhauses markiert. Das hinzugef\u00fcgte Foto und die pers\u00f6nliche Nachricht machen dieses Geschenk wirklich einzigartig und zeigen, wie sehr dir das neue Kapitel im Leben am Herzen liegt. Ob f\u00fcr eine Einweihungsparty oder einfach nur, um einen Umzug zu feiern, dieses Geschenk wird herzliche Emotionen hervorrufen und zu einem gesch\u00e4tzten Andenken werden.<\/p>\r\n\r\n<h2>Warum solltest du dich f\u00fcr unsere neue Heimatkarte mit Foto entscheiden?<\/h2>\r\n\r\n<p>Das Erstellen deiner Karte ist schnell und einfach. Besuche unsere Website, verwende den Online-Editor, um deinen Druck anzupassen und gebe deine Bestellung auf. Wir k\u00fcmmern uns um den Rest und stellen sicher, dass dein Druck mit Sorgfalt erstellt und umgehend geliefert wird.<\/p>","protected":false},"excerpt":{"rendered":"<ul class=\"check-list\">\n<li>Halte einen besonderen Moment mit einer personalisierten Karte und einem Foto fest und zeige den genauen Ort wertvoller Erinnerungen an<\/li>\n<li>Markiere einen besonderen Ort mit einem ausgew\u00e4hlten Symbol<\/li>\n<li>In 3 einfachen Schritten anpassen<\/li>\n<li>F\u00fcge einen aussagekr\u00e4ftigen personalisierten Text hinzu<\/li>\n<li>Schaue dir bei jedem Schritt eine Vorschau deines Designs an<\/li>\n<\/ul>\n","protected":false},"featured_media":1465752,"template":"","meta":[],"product_brand":[],"product_cat":[8979,4906,7196,5295,8002,7682],"product_tag":[9079],"class_list":{"0":"post-1137649","1":"product","2":"type-product","3":"status-publish","4":"has-post-thumbnail","6":"product_cat-neu-in-de-at","7":"product_cat-alle-produkte-de-at","8":"product_cat-map-de-at","9":"product_cat-einzugsgeschenke-de-at","10":"product_cat-geschenke-fur-manner-de-at","11":"product_cat-geschenke-fur-wichtige-frauen-in-deinem-leben-de-at","12":"product_tag-housewarming-de-at-2","14":"first","15":"instock","16":"sale","17":"taxable","18":"shipping-taxable","19":"purchasable","20":"product-type-variable"},"yoast_head":"<!-- This site is optimized with the Yoast SEO Premium plugin v27.2 (Yoast SEO v27.2) - https:\/\/yoast.com\/product\/yoast-seo-premium-wordpress\/ -->\n<title>Neues Zuhause - Karte mit Foto - Positive Prints<\/title>\n<meta name=\"description\" content=\"Die neue Heimatkarte mit Foto ist ein einzigartiges und aufmerksames Einweihungsgeschenk. Feiere einen neuen Lebensabschnitt und den Ort, der jetzt Zuhause genannt wird.\" \/>\n<meta name=\"robots\" content=\"index, follow, max-snippet:-1, max-image-preview:large, max-video-preview:-1\" \/>\n<link rel=\"canonical\" href=\"https:\/\/positiveprints.com\/de-at\/produkt\/neues-zuhause-karte-mit-foto\/\" \/>\n<meta property=\"og:locale\" content=\"de_DE\" \/>\n<meta property=\"og:type\" content=\"article\" \/>\n<meta property=\"og:title\" content=\"Neues Zuhause - Karte mit Foto\" \/>\n<meta property=\"og:description\" content=\"Halte einen besonderen Moment mit einer personalisierten Karte und einem Foto fest und zeige den genauen Ort wertvoller Erinnerungen an Markiere einen besonderen Ort mit einem ausgew\u00e4hlten Symbol In 3 einfachen Schritten anpassen F\u00fcge einen aussagekr\u00e4ftigen personalisierten Text hinzu Schaue dir bei jedem Schritt eine Vorschau deines Designs an\" \/>\n<meta property=\"og:url\" content=\"https:\/\/positiveprints.com\/de-at\/produkt\/neues-zuhause-karte-mit-foto\/\" \/>\n<meta property=\"og:site_name\" content=\"Positive Prints\" \/>\n<meta property=\"article:publisher\" content=\"https:\/\/www.facebook.com\/positiveprintscom\" \/>\n<meta property=\"article:modified_time\" content=\"2026-04-28T12:47:00+00:00\" \/>\n<meta property=\"og:image\" content=\"https:\/\/positiveprints.com\/wp-content\/uploads\/2025\/06\/Packshot_DE_Neues-Zuhause-Karte-mit-Foto.webp\" \/>\n\t<meta property=\"og:image:width\" content=\"1450\" \/>\n\t<meta property=\"og:image:height\" content=\"1450\" \/>\n\t<meta property=\"og:image:type\" content=\"image\/webp\" \/>\n<meta name=\"twitter:card\" content=\"summary_large_image\" \/>\n<!-- \/ Yoast SEO Premium plugin. -->","yoast_head_json":{"title":"Neues Zuhause - Karte mit Foto - Positive Prints","description":"Die neue Heimatkarte mit Foto ist ein einzigartiges und aufmerksames Einweihungsgeschenk. Feiere einen neuen Lebensabschnitt und den Ort, der jetzt Zuhause genannt wird.","robots":{"index":"index","follow":"follow","max-snippet":"max-snippet:-1","max-image-preview":"max-image-preview:large","max-video-preview":"max-video-preview:-1"},"canonical":"https:\/\/positiveprints.com\/de-at\/produkt\/neues-zuhause-karte-mit-foto\/","og_locale":"de_DE","og_type":"article","og_title":"Neues Zuhause - Karte mit Foto","og_description":"Halte einen besonderen Moment mit einer personalisierten Karte und einem Foto fest und zeige den genauen Ort wertvoller Erinnerungen an Markiere einen besonderen Ort mit einem ausgew\u00e4hlten Symbol In 3 einfachen Schritten anpassen F\u00fcge einen aussagekr\u00e4ftigen personalisierten Text hinzu Schaue dir bei jedem Schritt eine Vorschau deines Designs an","og_url":"https:\/\/positiveprints.com\/de-at\/produkt\/neues-zuhause-karte-mit-foto\/","og_site_name":"Positive Prints","article_publisher":"https:\/\/www.facebook.com\/positiveprintscom","article_modified_time":"2026-04-28T12:47:00+00:00","og_image":[{"width":1450,"height":1450,"url":"https:\/\/positiveprints.com\/wp-content\/uploads\/2025\/06\/Packshot_DE_Neues-Zuhause-Karte-mit-Foto.webp","type":"image\/webp"}],"twitter_card":"summary_large_image","schema":{"@context":"https:\/\/schema.org","@graph":[{"@type":["WebPage","ItemPage"],"@id":"https:\/\/positiveprints.com\/de-at\/produkt\/neues-zuhause-karte-mit-foto\/","url":"https:\/\/positiveprints.com\/de-at\/produkt\/neues-zuhause-karte-mit-foto\/","name":"Neues Zuhause - Karte mit Foto - Positive Prints","isPartOf":{"@id":"https:\/\/positiveprints.com\/de-at\/#website"},"primaryImageOfPage":{"@id":"https:\/\/positiveprints.com\/de-at\/produkt\/neues-zuhause-karte-mit-foto\/#primaryimage"},"image":{"@id":"https:\/\/positiveprints.com\/de-at\/produkt\/neues-zuhause-karte-mit-foto\/#primaryimage"},"thumbnailUrl":"https:\/\/positiveprints.com\/wp-content\/uploads\/2025\/06\/Packshot_DE_Neues-Zuhause-Karte-mit-Foto.webp","datePublished":"2024-06-18T10:07:19+00:00","dateModified":"2026-04-28T12:47:00+00:00","description":"Die neue Heimatkarte mit Foto ist ein einzigartiges und aufmerksames Einweihungsgeschenk. Feiere einen neuen Lebensabschnitt und den Ort, der jetzt Zuhause genannt wird.","breadcrumb":{"@id":"https:\/\/positiveprints.com\/de-at\/produkt\/neues-zuhause-karte-mit-foto\/#breadcrumb"},"inLanguage":"de-AT","potentialAction":[{"@type":"ReadAction","target":["https:\/\/positiveprints.com\/de-at\/produkt\/neues-zuhause-karte-mit-foto\/"]}]},{"@type":"ImageObject","inLanguage":"de-AT","@id":"https:\/\/positiveprints.com\/de-at\/produkt\/neues-zuhause-karte-mit-foto\/#primaryimage","url":"https:\/\/positiveprints.com\/wp-content\/uploads\/2025\/06\/Packshot_DE_Neues-Zuhause-Karte-mit-Foto.webp","contentUrl":"https:\/\/positiveprints.com\/wp-content\/uploads\/2025\/06\/Packshot_DE_Neues-Zuhause-Karte-mit-Foto.webp","width":1450,"height":1450},{"@type":"BreadcrumbList","@id":"https:\/\/positiveprints.com\/de-at\/produkt\/neues-zuhause-karte-mit-foto\/#breadcrumb","itemListElement":[{"@type":"ListItem","position":1,"name":"Home","item":"https:\/\/positiveprints.com\/de-at\/"},{"@type":"ListItem","position":2,"name":"Products","item":"https:\/\/positiveprints.com\/de-at\/shop\/"},{"@type":"ListItem","position":3,"name":"Neues Zuhause &#8211; Karte mit Foto"}]},{"@type":"WebSite","@id":"https:\/\/positiveprints.com\/de-at\/#website","url":"https:\/\/positiveprints.com\/de-at\/","name":"Positive Prints","description":"Amazing Custom Personalised Prints","publisher":{"@id":"https:\/\/positiveprints.com\/de-at\/#organization"},"potentialAction":[{"@type":"SearchAction","target":{"@type":"EntryPoint","urlTemplate":"https:\/\/positiveprints.com\/de-at\/?s={search_term_string}"},"query-input":{"@type":"PropertyValueSpecification","valueRequired":true,"valueName":"search_term_string"}}],"inLanguage":"de-AT"},{"@type":"Organization","@id":"https:\/\/positiveprints.com\/de-at\/#organization","name":"Positive Prints","alternateName":"Positive Prints","url":"https:\/\/positiveprints.com\/de-at\/","logo":{"@type":"ImageObject","inLanguage":"de-AT","@id":"https:\/\/positiveprints.com\/de-at\/#\/schema\/logo\/image\/","url":"https:\/\/positiveprints.com\/wp-content\/uploads\/2026\/03\/245815646_1337939713319158_5671353136411139666_n.png","contentUrl":"https:\/\/positiveprints.com\/wp-content\/uploads\/2026\/03\/245815646_1337939713319158_5671353136411139666_n.png","width":800,"height":800,"caption":"Positive Prints"},"image":{"@id":"https:\/\/positiveprints.com\/de-at\/#\/schema\/logo\/image\/"},"sameAs":["https:\/\/www.facebook.com\/positiveprintscom","https:\/\/www.instagram.com\/positiveprintscom\/","https:\/\/www.tiktok.com\/@positiveprintscom","https:\/\/www.pinterest.com\/positiveprintscom\/"]}]}},"jetpack_sharing_enabled":true,"_links":{"self":[{"href":"https:\/\/positiveprints.com\/de-at\/wp-json\/wp\/v2\/product\/1137649","targetHints":{"allow":["GET"]}}],"collection":[{"href":"https:\/\/positiveprints.com\/de-at\/wp-json\/wp\/v2\/product"}],"about":[{"href":"https:\/\/positiveprints.com\/de-at\/wp-json\/wp\/v2\/types\/product"}],"wp:featuredmedia":[{"embeddable":true,"href":"https:\/\/positiveprints.com\/de-at\/wp-json\/wp\/v2\/media\/1465752"}],"wp:attachment":[{"href":"https:\/\/positiveprints.com\/de-at\/wp-json\/wp\/v2\/media?parent=1137649"}],"wp:term":[{"taxonomy":"product_brand","embeddable":true,"href":"https:\/\/positiveprints.com\/de-at\/wp-json\/wp\/v2\/product_brand?post=1137649"},{"taxonomy":"product_cat","embeddable":true,"href":"https:\/\/positiveprints.com\/de-at\/wp-json\/wp\/v2\/product_cat?post=1137649"},{"taxonomy":"product_tag","embeddable":true,"href":"https:\/\/positiveprints.com\/de-at\/wp-json\/wp\/v2\/product_tag?post=1137649"}],"curies":[{"name":"wp","href":"https:\/\/api.w.org\/{rel}","templated":true}]}}