{"id":1137605,"date":"2024-06-18T10:10:04","date_gmt":"2024-06-18T09:10:04","guid":{"rendered":"https:\/\/positiveprints.com\/product\/karte-wo-wir-uns-trafen-mit-foto\/"},"modified":"2026-04-28T13:47:41","modified_gmt":"2026-04-28T12:47:41","slug":"wo-wir-uns-verliebt-haben-karte-mit-foto","status":"publish","type":"product","link":"https:\/\/positiveprints.com\/de-at\/produkt\/wo-wir-uns-verliebt-haben-karte-mit-foto\/","title":{"rendered":"Wo wir uns verliebt haben Karte mit Foto"},"content":{"rendered":"<p>Halte die Magie des Ortes fest, an dem eure Liebesgeschichte begann, mit unserer Wo wir uns verliebt haben Karte mit Foto. Dieser personalisierte Druck hebt den genauen Ort hervor, an dem du und dein Lieblingsmensch euch zum ersten Mal getroffen habt und enth\u00e4lt eine detaillierte Karte, eine herzf\u00f6rmige Markierung zum Markieren des Ortes, euer Foto und eine benutzerdefinierte Nachricht unter der Karte.<\/p>\r\n\r\n<h2>Erstelle deine Wo wir uns verliebt haben Karte mit Foto<\/h2>\r\n\r\n<p>Unser Online-Creator macht die Personalisierung einfach. W\u00e4hle die Form und Farben der Karte aus, indem du aus vordefinierten Farbschemata ausw\u00e4hlst oder selbst mit Farben experimentierst. Gebe den Ort ein, zoome hinein und heraus, um die perfekte Ansicht zu erhalten und f\u00fcge eine herzf\u00f6rmige Markierung hinzu, um den genauen Ort zu markieren. Lade dein Lieblingsfoto hoch und f\u00fcge eine bedeutungsvolle Nachricht wie \u201eWo wir uns trafen\u201c hinzu.<\/p>\r\n\r\n<p>W\u00e4hle aus einer Vielzahl von Formaten: gedrucktes oder gerahmtes Poster, Leinwand oder digitale Datei. Unabh\u00e4ngig vom Format wird deine personalisierte Karte atemberaubend aussehen und als wertvolle Erinnerung an einen besonderen Ort und Moment dienen.<\/p>\r\n\r\n<h2>Perfektes Geschenk f\u00fcr besondere Anl\u00e4sse<\/h2>\r\n\r\n<p>Die Wo wir uns verliebt haben Karte mit Foto ist ein einzigartiges und aufmerksames Geschenk f\u00fcr Jubil\u00e4en, Geburtstage, Valentinstag, Hochzeiten oder andere besondere Anl\u00e4sse. Feiere eure gemeinsame Reise mit einem Geschenk, das das Herz eurer Beziehung einf\u00e4ngt.<\/p>\r\n\r\n<p>Stelle dir die Freude auf dem Gesicht deines Partners vor, wenn er oder sie diese wundersch\u00f6ne Karte sieht, die den Ort markiert, an dem eure Geschichte begann. Das hinzugef\u00fcgte Foto und die pers\u00f6nliche Nachricht machen dieses Geschenk wirklich einzigartig und zeigen, wie wichtig dir eure gemeinsamen Erinnerungen sind. Ob f\u00fcr deinen Lieblingsmenschen, deine Eltern, Freunde oder Geschwister, dieses Geschenk wird herzliche Emotionen hervorrufen und zu einem gesch\u00e4tzten Andenken werden.<\/p>\r\n\r\n<h2>Warum solltest du dich f\u00fcr unsere Wo wir uns verliebt haben Karte mit Foto entscheiden?<\/h2>\r\n\r\n<p>Das Erstellen deiner Karte ist schnell und einfach. Besuche unsere Website, verwende den Online-Editor, um deinen Druck anzupassen und gebe deine Bestellung auf. Wir k\u00fcmmern uns um den Rest und stellen sicher, dass dein Druck mit Sorgfalt erstellt und umgehend geliefert wird.<\/p>","protected":false},"excerpt":{"rendered":"<ul class=\"check-list\">\n<li>Markiere einen besonderen Ort mit einem ausgew\u00e4hlten Symbol<\/li>\n<li>In 3 einfachen Schritten anpassen<\/li>\n<li>F\u00fcge einen aussagekr\u00e4ftigen personalisierten Text hinzu<\/li>\n<li>Schaue dir bei jedem Schritt eine Vorschau deines Designs an<\/li>\n<\/ul>\n","protected":false},"featured_media":1214050,"template":"","meta":[],"product_brand":[],"product_cat":[4906,7746,7778,7635,7667,7682,8002,7794,8201,5341,11204,11207,11167,11170,11164,5324,7196],"product_tag":[14784],"class_list":{"0":"post-1137605","1":"product","2":"type-product","3":"status-publish","4":"has-post-thumbnail","6":"product_cat-alle-produkte-de-at","7":"product_cat-geschenke-fur-deine-ehefrau-de-at","8":"product_cat-geschenke-fur-deine-freundin-de-at","9":"product_cat-geschenke-fur-deinen-ehemann-de-at","10":"product_cat-geschenke-fur-deinen-freund-de-at","11":"product_cat-geschenke-fur-wichtige-frauen-in-deinem-leben-de-at","12":"product_cat-geschenke-fur-manner-de-at","13":"product_cat-geschenke-fur-paare-de-at","14":"product_cat-fur-sie-de-at","15":"product_cat-geburtstagsgeschenke-de-at","16":"product_cat-geburtstagsgeschenk-fur-frauen","17":"product_cat-geburtstagsgeschenk-fur-manner-de-at","18":"product_cat-jahrestag-geschenk-fur-ihn-de-at","19":"product_cat-jahrestag-geschenk-fur-paare-de-at","20":"product_cat-jahrestag-geschenke-fur-sie-de-at","21":"product_cat-jubilaumsgeschenke-de-at","22":"product_cat-map-de-at","23":"product_tag-anniversary-de-at","25":"first","26":"instock","27":"sale","28":"taxable","29":"shipping-taxable","30":"purchasable","31":"product-type-variable"},"yoast_head":"<!-- This site is optimized with the Yoast SEO Premium plugin v27.2 (Yoast SEO v27.2) - https:\/\/yoast.com\/product\/yoast-seo-premium-wordpress\/ -->\n<title>Wo wir uns verliebt haben Karte mit Foto - Positive Prints<\/title>\n<meta name=\"description\" content=\"Die Wo wir uns verliebt haben Karte mit Foto ist ein einzigartiges und aufmerksames Geschenk f\u00fcr Jubil\u00e4en, Geburtstage, Valentinstag, Hochzeiten oder andere besondere Anl\u00e4sse.\" \/>\n<meta name=\"robots\" content=\"index, follow, max-snippet:-1, max-image-preview:large, max-video-preview:-1\" \/>\n<link rel=\"canonical\" href=\"https:\/\/positiveprints.com\/de-at\/produkt\/wo-wir-uns-verliebt-haben-karte-mit-foto\/\" \/>\n<meta property=\"og:locale\" content=\"de_DE\" \/>\n<meta property=\"og:type\" content=\"article\" \/>\n<meta property=\"og:title\" content=\"Wo wir uns verliebt haben Karte mit Foto\" \/>\n<meta property=\"og:description\" content=\"Markiere einen besonderen Ort mit einem ausgew\u00e4hlten Symbol In 3 einfachen Schritten anpassen F\u00fcge einen aussagekr\u00e4ftigen personalisierten Text hinzu Schaue dir bei jedem Schritt eine Vorschau deines Designs an\" \/>\n<meta property=\"og:url\" content=\"https:\/\/positiveprints.com\/de-at\/produkt\/wo-wir-uns-verliebt-haben-karte-mit-foto\/\" \/>\n<meta property=\"og:site_name\" content=\"Positive Prints\" \/>\n<meta property=\"article:publisher\" content=\"https:\/\/www.facebook.com\/positiveprintscom\" \/>\n<meta property=\"article:modified_time\" content=\"2026-04-28T12:47:41+00:00\" \/>\n<meta property=\"og:image\" content=\"https:\/\/positiveprints.com\/wp-content\/uploads\/2024\/10\/Packshot_DE_where-we-met-map-with-photo-product-image.webp\" \/>\n\t<meta property=\"og:image:width\" content=\"1450\" \/>\n\t<meta property=\"og:image:height\" content=\"1450\" \/>\n\t<meta property=\"og:image:type\" content=\"image\/webp\" \/>\n<meta name=\"twitter:card\" content=\"summary_large_image\" \/>\n<!-- \/ Yoast SEO Premium plugin. -->","yoast_head_json":{"title":"Wo wir uns verliebt haben Karte mit Foto - Positive Prints","description":"Die Wo wir uns verliebt haben Karte mit Foto ist ein einzigartiges und aufmerksames Geschenk f\u00fcr Jubil\u00e4en, Geburtstage, Valentinstag, Hochzeiten oder andere besondere Anl\u00e4sse.","robots":{"index":"index","follow":"follow","max-snippet":"max-snippet:-1","max-image-preview":"max-image-preview:large","max-video-preview":"max-video-preview:-1"},"canonical":"https:\/\/positiveprints.com\/de-at\/produkt\/wo-wir-uns-verliebt-haben-karte-mit-foto\/","og_locale":"de_DE","og_type":"article","og_title":"Wo wir uns verliebt haben Karte mit Foto","og_description":"Markiere einen besonderen Ort mit einem ausgew\u00e4hlten Symbol In 3 einfachen Schritten anpassen F\u00fcge einen aussagekr\u00e4ftigen personalisierten Text hinzu Schaue dir bei jedem Schritt eine Vorschau deines Designs an","og_url":"https:\/\/positiveprints.com\/de-at\/produkt\/wo-wir-uns-verliebt-haben-karte-mit-foto\/","og_site_name":"Positive Prints","article_publisher":"https:\/\/www.facebook.com\/positiveprintscom","article_modified_time":"2026-04-28T12:47:41+00:00","og_image":[{"width":1450,"height":1450,"url":"https:\/\/positiveprints.com\/wp-content\/uploads\/2024\/10\/Packshot_DE_where-we-met-map-with-photo-product-image.webp","type":"image\/webp"}],"twitter_card":"summary_large_image","schema":{"@context":"https:\/\/schema.org","@graph":[{"@type":["WebPage","ItemPage"],"@id":"https:\/\/positiveprints.com\/de-at\/produkt\/wo-wir-uns-verliebt-haben-karte-mit-foto\/","url":"https:\/\/positiveprints.com\/de-at\/produkt\/wo-wir-uns-verliebt-haben-karte-mit-foto\/","name":"Wo wir uns verliebt haben Karte mit Foto - Positive Prints","isPartOf":{"@id":"https:\/\/positiveprints.com\/de-at\/#website"},"primaryImageOfPage":{"@id":"https:\/\/positiveprints.com\/de-at\/produkt\/wo-wir-uns-verliebt-haben-karte-mit-foto\/#primaryimage"},"image":{"@id":"https:\/\/positiveprints.com\/de-at\/produkt\/wo-wir-uns-verliebt-haben-karte-mit-foto\/#primaryimage"},"thumbnailUrl":"https:\/\/positiveprints.com\/wp-content\/uploads\/2024\/10\/Packshot_DE_where-we-met-map-with-photo-product-image.webp","datePublished":"2024-06-18T09:10:04+00:00","dateModified":"2026-04-28T12:47:41+00:00","description":"Die Wo wir uns verliebt haben Karte mit Foto ist ein einzigartiges und aufmerksames Geschenk f\u00fcr Jubil\u00e4en, Geburtstage, Valentinstag, Hochzeiten oder andere besondere Anl\u00e4sse.","breadcrumb":{"@id":"https:\/\/positiveprints.com\/de-at\/produkt\/wo-wir-uns-verliebt-haben-karte-mit-foto\/#breadcrumb"},"inLanguage":"de-AT","potentialAction":[{"@type":"ReadAction","target":["https:\/\/positiveprints.com\/de-at\/produkt\/wo-wir-uns-verliebt-haben-karte-mit-foto\/"]}]},{"@type":"ImageObject","inLanguage":"de-AT","@id":"https:\/\/positiveprints.com\/de-at\/produkt\/wo-wir-uns-verliebt-haben-karte-mit-foto\/#primaryimage","url":"https:\/\/positiveprints.com\/wp-content\/uploads\/2024\/10\/Packshot_DE_where-we-met-map-with-photo-product-image.webp","contentUrl":"https:\/\/positiveprints.com\/wp-content\/uploads\/2024\/10\/Packshot_DE_where-we-met-map-with-photo-product-image.webp","width":1450,"height":1450},{"@type":"BreadcrumbList","@id":"https:\/\/positiveprints.com\/de-at\/produkt\/wo-wir-uns-verliebt-haben-karte-mit-foto\/#breadcrumb","itemListElement":[{"@type":"ListItem","position":1,"name":"Home","item":"https:\/\/positiveprints.com\/de-at\/"},{"@type":"ListItem","position":2,"name":"Products","item":"https:\/\/positiveprints.com\/de-at\/shop\/"},{"@type":"ListItem","position":3,"name":"Wo wir uns verliebt haben Karte mit Foto"}]},{"@type":"WebSite","@id":"https:\/\/positiveprints.com\/de-at\/#website","url":"https:\/\/positiveprints.com\/de-at\/","name":"Positive Prints","description":"Amazing Custom Personalised Prints","publisher":{"@id":"https:\/\/positiveprints.com\/de-at\/#organization"},"potentialAction":[{"@type":"SearchAction","target":{"@type":"EntryPoint","urlTemplate":"https:\/\/positiveprints.com\/de-at\/?s={search_term_string}"},"query-input":{"@type":"PropertyValueSpecification","valueRequired":true,"valueName":"search_term_string"}}],"inLanguage":"de-AT"},{"@type":"Organization","@id":"https:\/\/positiveprints.com\/de-at\/#organization","name":"Positive Prints","alternateName":"Positive Prints","url":"https:\/\/positiveprints.com\/de-at\/","logo":{"@type":"ImageObject","inLanguage":"de-AT","@id":"https:\/\/positiveprints.com\/de-at\/#\/schema\/logo\/image\/","url":"https:\/\/positiveprints.com\/wp-content\/uploads\/2026\/03\/245815646_1337939713319158_5671353136411139666_n.png","contentUrl":"https:\/\/positiveprints.com\/wp-content\/uploads\/2026\/03\/245815646_1337939713319158_5671353136411139666_n.png","width":800,"height":800,"caption":"Positive Prints"},"image":{"@id":"https:\/\/positiveprints.com\/de-at\/#\/schema\/logo\/image\/"},"sameAs":["https:\/\/www.facebook.com\/positiveprintscom","https:\/\/www.instagram.com\/positiveprintscom\/","https:\/\/www.tiktok.com\/@positiveprintscom","https:\/\/www.pinterest.com\/positiveprintscom\/"]}]}},"jetpack_sharing_enabled":true,"_links":{"self":[{"href":"https:\/\/positiveprints.com\/de-at\/wp-json\/wp\/v2\/product\/1137605","targetHints":{"allow":["GET"]}}],"collection":[{"href":"https:\/\/positiveprints.com\/de-at\/wp-json\/wp\/v2\/product"}],"about":[{"href":"https:\/\/positiveprints.com\/de-at\/wp-json\/wp\/v2\/types\/product"}],"wp:featuredmedia":[{"embeddable":true,"href":"https:\/\/positiveprints.com\/de-at\/wp-json\/wp\/v2\/media\/1214050"}],"wp:attachment":[{"href":"https:\/\/positiveprints.com\/de-at\/wp-json\/wp\/v2\/media?parent=1137605"}],"wp:term":[{"taxonomy":"product_brand","embeddable":true,"href":"https:\/\/positiveprints.com\/de-at\/wp-json\/wp\/v2\/product_brand?post=1137605"},{"taxonomy":"product_cat","embeddable":true,"href":"https:\/\/positiveprints.com\/de-at\/wp-json\/wp\/v2\/product_cat?post=1137605"},{"taxonomy":"product_tag","embeddable":true,"href":"https:\/\/positiveprints.com\/de-at\/wp-json\/wp\/v2\/product_tag?post=1137605"}],"curies":[{"name":"wp","href":"https:\/\/api.w.org\/{rel}","templated":true}]}}