{"id":60634,"date":"2020-03-27T10:04:57","date_gmt":"2020-03-27T10:04:57","guid":{"rendered":"https:\/\/positiveprints.com\/ruecknahmegarantie\/"},"modified":"2024-09-12T11:13:57","modified_gmt":"2024-09-12T09:13:57","slug":"ruecknahmegarantie","status":"publish","type":"page","link":"https:\/\/positiveprints.com\/de-at\/ruecknahmegarantie\/","title":{"rendered":"R\u00dcCKNAHMEGARANTIE"},"content":{"rendered":"<h1 class=\"grenB\" style=\"text-align: center;\">R\u00dcCKNAHMEGARANTIE<\/h1><br>\n\nWir bem\u00fchen uns um einen exzellenten Service in Bezug auf unsere Druckqualit\u00e4t, p\u00fcnktliche Lieferung, unseren Kundenservice und das Preis-Leistungsverh\u00e4ltnis.<br><br>\n\nWenn du einen Rechtschreibfehler entdeckst oder das Design \u00e4ndern m\u00f6chtest, kontaktiere uns bitte umgehend unter hello@positiveprints.com. Die Bearbeitung muss innerhalb<b> von 2 Stunden nach der Bestellung erfolgen<\/b>. Nach dieser Zeit wird die Bestellung gedruckt, sodass die Bearbeitung zu sp\u00e4t ist.<br><br>\n\nAlle unsere Produkte sind personalisiert und werden auf Bestellung angefertigt, was unsere R\u00fcckgabem\u00f6glichkeiten einschr\u00e4nkt.<br><br>\n\nWir m\u00f6chten, dass du mit deiner Bestellung zu 100% zufrieden bist. Wenn also:\n<ul>\n \t<li>Dein Produkt schwer besch\u00e4digt ankommt oder<\/li>\n \t<li>Du hast ein anderes Produkt erhalten oder der erhaltene Ausdruck weicht erheblich von den auf unserer Website ver\u00f6ffentlichten Angeboten ab<\/li>\n \t<li>Deine Bestellung wurde aufgrund unseres Fehlers an die falsche Adresse gesendet<\/li>\n<\/ul>\nSende uns einfach eine kurze E-Mail mit einem Foto an hello@positiveprints.com. Wir erstatten dir entweder den Kaufpreis zur\u00fcck oder senden innerhalb von 7 Werktagen einen Ersatz zu. Du musst deine Bestellung nicht zur\u00fccksenden.<br><br>\n\nWenn die Produkte mit einer Geschenkkarte gekauft wurden, wird das Geld mit einer Geschenkkarte zur\u00fcckerstattet.<br><br>\n\nWenn die Bestellung aufgrund deines Fehlers an die falsche Adresse gesendet wurde, m\u00fcssen wir eine neue Bestellung f\u00fcr dich erstellen und versenden. Daf\u00fcr berechnen wir 50% der Artikelkosten. Alternativ kannst du warten, bis die Bestellung bei uns eingegangen ist. In diesem Fall w\u00fcrdest du die Portokosten tragen. Wenn das Paket w\u00e4hrend des Transports nicht besch\u00e4digt wurde, senden wir es Dir gerne an eine neue Adresse zur\u00fcck.<br><br>\n\n<b>Wir bewahren die zur\u00fcckgegebenen Pakete bis zu 30 Tage auf.<\/b><br><br>\n\n<b>Wir akzeptieren Umtausch- oder R\u00fcckerstattungsanfragen bis 30 Tage nach dem Kauf. Alle digitalen Download-K\u00e4ufe sind endg\u00fcltig und von Umtausch- oder R\u00fcckerstattungsanfragen ausgeschlossen.<\/b><br>\n\n<b>Weitere Informationen zu unserem R\u00fcckgaberecht findest du in den AGBs &amp; Bestimmungen.<\/b>","protected":false},"excerpt":{"rendered":"<p>R\u00dcCKNAHMEGARANTIE Wir bem\u00fchen uns um einen exzellenten Service in Bezug auf unsere Druckqualit\u00e4t, p\u00fcnktliche Lieferung, unseren Kundenservice und das Preis-Leistungsverh\u00e4ltnis. Wenn du einen Rechtschreibfehler entdeckst oder das Design \u00e4ndern m\u00f6chtest, kontaktiere uns bitte umgehend unter hello@positiveprints.com. Die Bearbeitung muss innerhalb von 2 Stunden nach der Bestellung erfolgen. Nach dieser Zeit wird die Bestellung gedruckt, sodass [&hellip;]<\/p>\n","protected":false},"author":1,"featured_media":0,"parent":0,"menu_order":0,"comment_status":"closed","ping_status":"closed","template":"informational-page.php","meta":{"footnotes":""},"class_list":["post-60634","page","type-page","status-publish","hentry"],"yoast_head":"<!-- This site is optimized with the Yoast SEO Premium plugin v27.2 (Yoast SEO v27.2) - https:\/\/yoast.com\/product\/yoast-seo-premium-wordpress\/ -->\n<title>R\u00dcCKNAHMEGARANTIE - Positive Prints<\/title>\n<meta name=\"robots\" content=\"noindex, follow\" \/>\n<meta property=\"og:locale\" content=\"de_DE\" \/>\n<meta property=\"og:type\" content=\"article\" \/>\n<meta property=\"og:title\" content=\"R\u00dcCKNAHMEGARANTIE\" \/>\n<meta property=\"og:description\" content=\"R\u00dcCKNAHMEGARANTIE Wir bem\u00fchen uns um einen exzellenten Service in Bezug auf unsere Druckqualit\u00e4t, p\u00fcnktliche Lieferung, unseren Kundenservice und das\" \/>\n<meta property=\"og:url\" content=\"https:\/\/positiveprints.com\/de-at\/ruecknahmegarantie\/\" \/>\n<meta property=\"og:site_name\" content=\"Positive Prints\" \/>\n<meta property=\"article:publisher\" content=\"https:\/\/www.facebook.com\/positiveprintscom\" \/>\n<meta property=\"article:modified_time\" content=\"2024-09-12T09:13:57+00:00\" \/>\n<meta property=\"og:image\" content=\"https:\/\/positiveprints.com\/wp-content\/uploads\/2026\/03\/Open-graph-2026-1200x630-1.jpg\" \/>\n\t<meta property=\"og:image:width\" content=\"1200\" \/>\n\t<meta property=\"og:image:height\" content=\"630\" \/>\n\t<meta property=\"og:image:type\" content=\"image\/jpeg\" \/>\n<meta name=\"twitter:card\" content=\"summary_large_image\" \/>\n<meta name=\"twitter:label1\" content=\"Gesch\u00e4tzte Lesezeit\" \/>\n\t<meta name=\"twitter:data1\" content=\"2 Minuten\" \/>\n<!-- \/ Yoast SEO Premium plugin. -->","yoast_head_json":{"title":"R\u00dcCKNAHMEGARANTIE - Positive Prints","robots":{"index":"noindex","follow":"follow"},"og_locale":"de_DE","og_type":"article","og_title":"R\u00dcCKNAHMEGARANTIE","og_description":"R\u00dcCKNAHMEGARANTIE Wir bem\u00fchen uns um einen exzellenten Service in Bezug auf unsere Druckqualit\u00e4t, p\u00fcnktliche Lieferung, unseren Kundenservice und das","og_url":"https:\/\/positiveprints.com\/de-at\/ruecknahmegarantie\/","og_site_name":"Positive Prints","article_publisher":"https:\/\/www.facebook.com\/positiveprintscom","article_modified_time":"2024-09-12T09:13:57+00:00","og_image":[{"width":1200,"height":630,"url":"https:\/\/positiveprints.com\/wp-content\/uploads\/2026\/03\/Open-graph-2026-1200x630-1.jpg","type":"image\/jpeg"}],"twitter_card":"summary_large_image","twitter_misc":{"Gesch\u00e4tzte Lesezeit":"2 Minuten"},"schema":{"@context":"https:\/\/schema.org","@graph":[{"@type":"WebPage","@id":"https:\/\/positiveprints.com\/de-at\/ruecknahmegarantie\/","url":"https:\/\/positiveprints.com\/de-at\/ruecknahmegarantie\/","name":"R\u00dcCKNAHMEGARANTIE - Positive Prints","isPartOf":{"@id":"https:\/\/positiveprints.com\/de-at\/#website"},"datePublished":"2020-03-27T10:04:57+00:00","dateModified":"2024-09-12T09:13:57+00:00","breadcrumb":{"@id":"https:\/\/positiveprints.com\/de-at\/ruecknahmegarantie\/#breadcrumb"},"inLanguage":"de-AT","potentialAction":[{"@type":"ReadAction","target":["https:\/\/positiveprints.com\/de-at\/ruecknahmegarantie\/"]}]},{"@type":"BreadcrumbList","@id":"https:\/\/positiveprints.com\/de-at\/ruecknahmegarantie\/#breadcrumb","itemListElement":[{"@type":"ListItem","position":1,"name":"Home","item":"https:\/\/positiveprints.com\/de-at\/"},{"@type":"ListItem","position":2,"name":"R\u00dcCKNAHMEGARANTIE"}]},{"@type":"WebSite","@id":"https:\/\/positiveprints.com\/de-at\/#website","url":"https:\/\/positiveprints.com\/de-at\/","name":"Positive Prints","description":"Amazing Custom Personalised Prints","publisher":{"@id":"https:\/\/positiveprints.com\/de-at\/#organization"},"potentialAction":[{"@type":"SearchAction","target":{"@type":"EntryPoint","urlTemplate":"https:\/\/positiveprints.com\/de-at\/?s={search_term_string}"},"query-input":{"@type":"PropertyValueSpecification","valueRequired":true,"valueName":"search_term_string"}}],"inLanguage":"de-AT"},{"@type":"Organization","@id":"https:\/\/positiveprints.com\/de-at\/#organization","name":"Positive Prints","alternateName":"Positive Prints","url":"https:\/\/positiveprints.com\/de-at\/","logo":{"@type":"ImageObject","inLanguage":"de-AT","@id":"https:\/\/positiveprints.com\/de-at\/#\/schema\/logo\/image\/","url":"https:\/\/positiveprints.com\/wp-content\/uploads\/2026\/03\/245815646_1337939713319158_5671353136411139666_n.png","contentUrl":"https:\/\/positiveprints.com\/wp-content\/uploads\/2026\/03\/245815646_1337939713319158_5671353136411139666_n.png","width":800,"height":800,"caption":"Positive Prints"},"image":{"@id":"https:\/\/positiveprints.com\/de-at\/#\/schema\/logo\/image\/"},"sameAs":["https:\/\/www.facebook.com\/positiveprintscom","https:\/\/www.instagram.com\/positiveprintscom\/","https:\/\/www.tiktok.com\/@positiveprintscom","https:\/\/www.pinterest.com\/positiveprintscom\/"]}]}},"jetpack_sharing_enabled":true,"_links":{"self":[{"href":"https:\/\/positiveprints.com\/de-at\/wp-json\/wp\/v2\/pages\/60634","targetHints":{"allow":["GET"]}}],"collection":[{"href":"https:\/\/positiveprints.com\/de-at\/wp-json\/wp\/v2\/pages"}],"about":[{"href":"https:\/\/positiveprints.com\/de-at\/wp-json\/wp\/v2\/types\/page"}],"author":[{"embeddable":true,"href":"https:\/\/positiveprints.com\/de-at\/wp-json\/wp\/v2\/users\/1"}],"replies":[{"embeddable":true,"href":"https:\/\/positiveprints.com\/de-at\/wp-json\/wp\/v2\/comments?post=60634"}],"version-history":[{"count":0,"href":"https:\/\/positiveprints.com\/de-at\/wp-json\/wp\/v2\/pages\/60634\/revisions"}],"wp:attachment":[{"href":"https:\/\/positiveprints.com\/de-at\/wp-json\/wp\/v2\/media?parent=60634"}],"curies":[{"name":"wp","href":"https:\/\/api.w.org\/{rel}","templated":true}]}}