{"id":321137,"date":"2022-07-21T19:24:14","date_gmt":"2022-07-21T17:24:14","guid":{"rendered":"https:\/\/positiveprints.com\/upload-richtlinien\/"},"modified":"2025-07-22T14:29:51","modified_gmt":"2025-07-22T12:29:51","slug":"upload-richtlinien","status":"publish","type":"page","link":"https:\/\/positiveprints.com\/de-at\/upload-richtlinien\/","title":{"rendered":"Upload-Richtlinien"},"content":{"rendered":"<h1 class=\"grenB\" id=\"h-upload-richtlinien\">Upload-Richtlinien<\/h1><p><\/p><p><br><br><\/p><p>1. Du akzeptierst unsere <a href=\"https:\/\/positiveprints.com\/de\/datenschutz\/\">Datenschutzrichtlinie.<\/a><\/p><p>2. Du besitzt die vollen Vertriebs- und kommerziellen Rechte an der Datei.<\/p><p>3. Die Datei verletzt keine Pers\u00f6nlichkeits- oder Urheberrechte.<\/p><p>4. Die Datei enth\u00e4lt keine kontroversen, gewaltt\u00e4tigen, nackten oder illegalen Inhalte.<\/p><p>5. Du verpflichtest dich, Positive Prints von jeglichen Anspr\u00fcchen aufgrund von Rechtsverletzungen im Zusammenhang mit der hochgeladenen Datei freizustellen.<\/p><p>6. Positive Prints beh\u00e4lt sich das Recht vor, Dateien nach eigenem Ermessen zu pr\u00fcfen, zu l\u00f6schen und Bestellungen zu stornieren.<\/p><p><\/p><p><\/p><p><br><strong><strong>Anforderungen an Audiodateien:<\/strong><\/strong><\/p><p>1. Erlaubte Dateiformate: MP3, AAC, M4A<\/p><p>2. Maximale Dateigr\u00f6\u00dfe: 5 MB<\/p><p>3. Maximale Dauer: 6 Min<\/p><p>4. Ist die hochgeladene Datei l\u00e4nger als 6 Minuten, wird die Audiowelle auf 6 Minuten gek\u00fcrzt<br><\/p><div style=\"height:30px\" aria-hidden=\"true\" class=\"wp-block-spacer\"><\/div><p><strong><strong>Speicherdauer von Audiodateien:<\/strong><\/strong><\/p><p>1. Nach dem Klicken auf die Schaltfl\u00e4che \u201eGespeichertes Bildmaterial\u201c \u2013 30 Tage<\/p><p>2. Nach Aufgabe einer Bestellung ohne QR-Code \u2013 30 Tage<\/p><p>3. Nach Auftragserteilung mit QR-Code \u2013 bis es uns gibt ;)<\/p><div style=\"height:30px\" aria-hidden=\"true\" class=\"wp-block-spacer\"><\/div><p><strong><strong>Anforderungen an Bilddateien:<\/strong><\/strong><\/p><p>1. Erlaubte Dateiformate: JPEG, JPG, PNG<\/p><p>2. Maximale Dateigr\u00f6\u00dfe: 10 MB<\/p><p>3. Empfohlene Bildaufl\u00f6sung: 120-300 DPI<\/p><p><\/p><div style=\"height:30px\" aria-hidden=\"true\" class=\"wp-block-spacer\"><\/div><p><strong>Speicherdauer von Bilddateien:<\/strong><\/p><p>1. Nach dem Klicken auf die Schaltfl\u00e4che \u201eGespeichertes Bildmaterial\u201c \u2013 30 Tage<\/p><p>2. Nach Auftragserteilung &#8211; 30 Tage<\/p>","protected":false},"excerpt":{"rendered":"<p>Upload-Richtlinien1. Du akzeptierst unsere Datenschutzrichtlinie.2. Du besitzt die vollen Vertriebs- und kommerziellen Rechte an der Datei.3. Die Datei verletzt keine Pers\u00f6nlichkeits- oder Urheberrechte.4. Die Datei enth\u00e4lt keine kontroversen, gewaltt\u00e4tigen, nackten oder illegalen Inhalte.5. Du verpflichtest dich, Positive Prints von jeglichen Anspr\u00fcchen aufgrund von Rechtsverletzungen im Zusammenhang mit der hochgeladenen Datei freizustellen.6. Positive Prints beh\u00e4lt sich [&hellip;]<\/p>\n","protected":false},"author":1,"featured_media":0,"parent":0,"menu_order":0,"comment_status":"closed","ping_status":"closed","template":"informational-page.php","meta":{"footnotes":""},"class_list":["post-321137","page","type-page","status-publish","hentry"],"yoast_head":"<!-- This site is optimized with the Yoast SEO Premium plugin v27.2 (Yoast SEO v27.2) - https:\/\/yoast.com\/product\/yoast-seo-premium-wordpress\/ -->\n<title>Upload-Richtlinien - Positive Prints<\/title>\n<meta name=\"robots\" content=\"index, follow, max-snippet:-1, max-image-preview:large, max-video-preview:-1\" \/>\n<link rel=\"canonical\" href=\"https:\/\/positiveprints.com\/de-at\/upload-richtlinien\/\" \/>\n<meta property=\"og:locale\" content=\"de_DE\" \/>\n<meta property=\"og:type\" content=\"article\" \/>\n<meta property=\"og:title\" content=\"Upload-Richtlinien\" \/>\n<meta property=\"og:description\" content=\"Upload-Richtlinien 1. Du akzeptierst unsere Datenschutzrichtlinie. 2. Du besitzt die vollen Vertriebs- und kommerziellen Rechte an der Datei. 3. Die Datei\" \/>\n<meta property=\"og:url\" content=\"https:\/\/positiveprints.com\/de-at\/upload-richtlinien\/\" \/>\n<meta property=\"og:site_name\" content=\"Positive Prints\" \/>\n<meta property=\"article:publisher\" content=\"https:\/\/www.facebook.com\/positiveprintscom\" \/>\n<meta property=\"article:modified_time\" content=\"2025-07-22T12:29:51+00:00\" \/>\n<meta property=\"og:image\" content=\"https:\/\/positiveprints.com\/wp-content\/uploads\/2026\/03\/Open-graph-2026-1200x630-1.jpg\" \/>\n\t<meta property=\"og:image:width\" content=\"1200\" \/>\n\t<meta property=\"og:image:height\" content=\"630\" \/>\n\t<meta property=\"og:image:type\" content=\"image\/jpeg\" \/>\n<meta name=\"twitter:card\" content=\"summary_large_image\" \/>\n<meta name=\"twitter:label1\" content=\"Gesch\u00e4tzte Lesezeit\" \/>\n\t<meta name=\"twitter:data1\" content=\"1 Minute\" \/>\n<!-- \/ Yoast SEO Premium plugin. -->","yoast_head_json":{"title":"Upload-Richtlinien - Positive Prints","robots":{"index":"index","follow":"follow","max-snippet":"max-snippet:-1","max-image-preview":"max-image-preview:large","max-video-preview":"max-video-preview:-1"},"canonical":"https:\/\/positiveprints.com\/de-at\/upload-richtlinien\/","og_locale":"de_DE","og_type":"article","og_title":"Upload-Richtlinien","og_description":"Upload-Richtlinien 1. Du akzeptierst unsere Datenschutzrichtlinie. 2. Du besitzt die vollen Vertriebs- und kommerziellen Rechte an der Datei. 3. Die Datei","og_url":"https:\/\/positiveprints.com\/de-at\/upload-richtlinien\/","og_site_name":"Positive Prints","article_publisher":"https:\/\/www.facebook.com\/positiveprintscom","article_modified_time":"2025-07-22T12:29:51+00:00","og_image":[{"width":1200,"height":630,"url":"https:\/\/positiveprints.com\/wp-content\/uploads\/2026\/03\/Open-graph-2026-1200x630-1.jpg","type":"image\/jpeg"}],"twitter_card":"summary_large_image","twitter_misc":{"Gesch\u00e4tzte Lesezeit":"1 Minute"},"schema":{"@context":"https:\/\/schema.org","@graph":[{"@type":"WebPage","@id":"https:\/\/positiveprints.com\/de-at\/upload-richtlinien\/","url":"https:\/\/positiveprints.com\/de-at\/upload-richtlinien\/","name":"Upload-Richtlinien - Positive Prints","isPartOf":{"@id":"https:\/\/positiveprints.com\/de-at\/#website"},"datePublished":"2022-07-21T17:24:14+00:00","dateModified":"2025-07-22T12:29:51+00:00","breadcrumb":{"@id":"https:\/\/positiveprints.com\/de-at\/upload-richtlinien\/#breadcrumb"},"inLanguage":"de-AT","potentialAction":[{"@type":"ReadAction","target":["https:\/\/positiveprints.com\/de-at\/upload-richtlinien\/"]}]},{"@type":"BreadcrumbList","@id":"https:\/\/positiveprints.com\/de-at\/upload-richtlinien\/#breadcrumb","itemListElement":[{"@type":"ListItem","position":1,"name":"Home","item":"https:\/\/positiveprints.com\/de-at\/"},{"@type":"ListItem","position":2,"name":"Upload-Richtlinien"}]},{"@type":"WebSite","@id":"https:\/\/positiveprints.com\/de-at\/#website","url":"https:\/\/positiveprints.com\/de-at\/","name":"Positive Prints","description":"Amazing Custom Personalised Prints","publisher":{"@id":"https:\/\/positiveprints.com\/de-at\/#organization"},"potentialAction":[{"@type":"SearchAction","target":{"@type":"EntryPoint","urlTemplate":"https:\/\/positiveprints.com\/de-at\/?s={search_term_string}"},"query-input":{"@type":"PropertyValueSpecification","valueRequired":true,"valueName":"search_term_string"}}],"inLanguage":"de-AT"},{"@type":"Organization","@id":"https:\/\/positiveprints.com\/de-at\/#organization","name":"Positive Prints","alternateName":"Positive Prints","url":"https:\/\/positiveprints.com\/de-at\/","logo":{"@type":"ImageObject","inLanguage":"de-AT","@id":"https:\/\/positiveprints.com\/de-at\/#\/schema\/logo\/image\/","url":"https:\/\/positiveprints.com\/wp-content\/uploads\/2026\/03\/245815646_1337939713319158_5671353136411139666_n.png","contentUrl":"https:\/\/positiveprints.com\/wp-content\/uploads\/2026\/03\/245815646_1337939713319158_5671353136411139666_n.png","width":800,"height":800,"caption":"Positive Prints"},"image":{"@id":"https:\/\/positiveprints.com\/de-at\/#\/schema\/logo\/image\/"},"sameAs":["https:\/\/www.facebook.com\/positiveprintscom","https:\/\/www.instagram.com\/positiveprintscom\/","https:\/\/www.tiktok.com\/@positiveprintscom","https:\/\/www.pinterest.com\/positiveprintscom\/"]}]}},"jetpack_sharing_enabled":true,"_links":{"self":[{"href":"https:\/\/positiveprints.com\/de-at\/wp-json\/wp\/v2\/pages\/321137","targetHints":{"allow":["GET"]}}],"collection":[{"href":"https:\/\/positiveprints.com\/de-at\/wp-json\/wp\/v2\/pages"}],"about":[{"href":"https:\/\/positiveprints.com\/de-at\/wp-json\/wp\/v2\/types\/page"}],"author":[{"embeddable":true,"href":"https:\/\/positiveprints.com\/de-at\/wp-json\/wp\/v2\/users\/1"}],"replies":[{"embeddable":true,"href":"https:\/\/positiveprints.com\/de-at\/wp-json\/wp\/v2\/comments?post=321137"}],"version-history":[{"count":0,"href":"https:\/\/positiveprints.com\/de-at\/wp-json\/wp\/v2\/pages\/321137\/revisions"}],"wp:attachment":[{"href":"https:\/\/positiveprints.com\/de-at\/wp-json\/wp\/v2\/media?parent=321137"}],"curies":[{"name":"wp","href":"https:\/\/api.w.org\/{rel}","templated":true}]}}