{"id":1480875,"date":"2023-11-16T07:14:54","date_gmt":"2023-11-16T06:14:54","guid":{"rendered":"https:\/\/positiveprints.com\/jewelry-care\/"},"modified":"2025-07-30T23:33:25","modified_gmt":"2025-07-30T21:33:25","slug":"schmuckpflege","status":"publish","type":"page","link":"https:\/\/positiveprints.com\/de-at\/schmuckpflege\/","title":{"rendered":"Jewelry Care"},"content":{"rendered":"<h2 class=\"wp-block-heading grenB\" id=\"h-wie-pflegst-du-deinen-positive-prints-schmuck\"><strong>Wie pflegst du deinen Positive Prints-Schmuck?<\/strong><\/h2><div style=\"height:20px\" aria-hidden=\"true\" class=\"wp-block-spacer\"><\/div><h3 class=\"wp-block-heading grenB\" id=\"h-vermeide-wasser-und-feuchtigkeit\"><strong>Vermeide Wasser<\/strong> <strong>und Feuchtigkeit<\/strong><\/h3><div style=\"height:10px\" aria-hidden=\"true\" class=\"wp-block-spacer\"><\/div><div class=\"wp-block-columns is-layout-flex wp-container-core-columns-is-layout-9d6595d7 wp-block-columns-is-layout-flex\"><div class=\"wp-block-column is-layout-flow wp-block-column-is-layout-flow\"><figure class=\"wp-block-image size-full is-resized\"><img loading=\"lazy\" decoding=\"async\" width=\"191\" height=\"168\" src=\"https:\/\/positiveprints.com\/wp-content\/uploads\/2024\/03\/avoid-water-and-humidity-icon.png\" alt=\"\" class=\"wp-image-1083131\" style=\"width:106px;height:auto\"\/><\/figure><\/div>\n\n<div class=\"wp-block-column is-vertically-aligned-center is-layout-flow wp-block-column-is-layout-flow\"><p>Schmuck ist ein wertvoller Besitz, der die richtige Pflege verdient. Direkter Kontakt mit Wasser \u2013 sei es aus dem Wasserhahn, Schwimmbad oder Meerwasser \u2013 kann sich negativ auf das Aussehen deines Schmucks auswirken. Er kann seinen Glanz verlieren, sich verf\u00e4rben oder stumpf werden. Lege deinen Schmuck daher unbedingt vor dem Baden oder bei der Hausarbeit ab.<\/p>\n\n<p>Lege den Schmuck beim Duschen oder Baden ab, insbesondere am Strand, im Meer und in chlorhaltigem Wasser.<\/p><\/div><\/div><div style=\"height:25px\" aria-hidden=\"true\" class=\"wp-block-spacer\"><\/div><h3 class=\"wp-block-heading grenB\" id=\"h-schutz-vor-chemikalien\"><strong>Schutz vor Chemikalien<\/strong><\/h3><div style=\"height:10px\" aria-hidden=\"true\" class=\"wp-block-spacer\"><\/div><div class=\"wp-block-columns is-layout-flex wp-container-core-columns-is-layout-9d6595d7 wp-block-columns-is-layout-flex\"><div class=\"wp-block-column is-layout-flow wp-block-column-is-layout-flow\"><figure class=\"wp-block-image size-full is-resized\"><img loading=\"lazy\" decoding=\"async\" width=\"169\" height=\"168\" src=\"https:\/\/positiveprints.com\/wp-content\/uploads\/2024\/03\/protect-against-chemicals-icon.png\" alt=\"\" class=\"wp-image-1083146\" style=\"width:107px;height:auto\" srcset=\"https:\/\/positiveprints.com\/wp-content\/uploads\/2024\/03\/protect-against-chemicals-icon.png 169w, https:\/\/positiveprints.com\/wp-content\/uploads\/2024\/03\/protect-against-chemicals-icon-150x150.png 150w, https:\/\/positiveprints.com\/wp-content\/uploads\/2024\/03\/protect-against-chemicals-icon-100x100.png 100w\" sizes=\"auto, (max-width: 169px) 100vw, 169px\" \/><\/figure><\/div>\n\n<div class=\"wp-block-column is-vertically-aligned-center is-layout-flow wp-block-column-is-layout-flow\"><p>Reinigungsmittel und Chemikalien in K\u00fcche, Bad sowie Kosmetika (Haarsprays, Deodorants, Parf\u00fcms) k\u00f6nnen Verf\u00e4rbungen des Schmucks oder der Haut an den Kontaktstellen verursachen. Silber reagiert besonders stark auf chemische Verbindungen und ver\u00e4ndert seine Farbe.<\/p>\n\n<p>Vermeide es, Parf\u00fcm oder Cremes direkt auf deinen Schmuck zu spr\u00fchen.<\/p><\/div><\/div><div style=\"height:25px\" aria-hidden=\"true\" class=\"wp-block-spacer\"><\/div><h3 class=\"wp-block-heading grenB\" id=\"h-bewahre-deinen-schmuck-an-einem-sauberen-trockenen-ort-auf\"><strong>Bewahre deinen Schmuck an einem sauberen, trockenen Ort auf<\/strong><\/h3><div style=\"height:10px\" aria-hidden=\"true\" class=\"wp-block-spacer\"><\/div><div class=\"wp-block-columns is-layout-flex wp-container-core-columns-is-layout-9d6595d7 wp-block-columns-is-layout-flex\"><div class=\"wp-block-column is-vertically-aligned-top is-layout-flow wp-block-column-is-layout-flow\"><figure class=\"wp-block-image size-full is-resized\"><img loading=\"lazy\" decoding=\"async\" width=\"167\" height=\"168\" src=\"https:\/\/positiveprints.com\/wp-content\/uploads\/2024\/03\/store-your-jewelry-in-a-clean-dry-space-icon.png\" alt=\"\" class=\"wp-image-1083162\" style=\"width:96px;height:auto\" srcset=\"https:\/\/positiveprints.com\/wp-content\/uploads\/2024\/03\/store-your-jewelry-in-a-clean-dry-space-icon.png 167w, https:\/\/positiveprints.com\/wp-content\/uploads\/2024\/03\/store-your-jewelry-in-a-clean-dry-space-icon-150x150.png 150w, https:\/\/positiveprints.com\/wp-content\/uploads\/2024\/03\/store-your-jewelry-in-a-clean-dry-space-icon-100x100.png 100w\" sizes=\"auto, (max-width: 167px) 100vw, 167px\" \/><\/figure><\/div>\n\n<div class=\"wp-block-column is-vertically-aligned-center is-layout-flow wp-block-column-is-layout-flow\"><p>Die richtige Aufbewahrung deines Gold- und Silberschmucks ist unerl\u00e4sslich, um seinen makellosen Zustand zu erhalten. Schmuck, der nicht t\u00e4glich getragen wird, sollte in ein weiches Tuch gewickelt und in einem separaten Beutel verschlossen werden. So wird der Lufteintritt begrenzt und der Schmuck vor Verf\u00e4rbungen, Besch\u00e4digungen, Kratzern und Staub gesch\u00fctzt.<\/p>\n\n<p>Ketten d\u00fcrfen bei der Lagerung nicht geknickt oder zu eng gewickelt werden, da dies zu dauerhaften Verformungen oder Br\u00fcchen f\u00fchren kann.<\/p>\n\n<p>Achte unbedingt auf eine konstante Lagertemperatur f\u00fcr Schmuck \u2013 sie darf weder zu niedrig noch zu hoch sein. Unsere Schmucktruhe sollte au\u00dferdem vor Feuchtigkeit gesch\u00fctzt aufgestellt werden.<\/p><\/div><\/div><div style=\"height:25px\" aria-hidden=\"true\" class=\"wp-block-spacer\"><\/div><h3 class=\"wp-block-heading grenB\" id=\"h-reinige-um-den-glanz-wiederherzustellen\"><strong>Reinige, um den Glanz wiederherzustellen<\/strong><\/h3><div style=\"height:10px\" aria-hidden=\"true\" class=\"wp-block-spacer\"><\/div><div class=\"wp-block-columns is-layout-flex wp-container-core-columns-is-layout-9d6595d7 wp-block-columns-is-layout-flex\"><div class=\"wp-block-column is-vertically-aligned-top is-layout-flow wp-block-column-is-layout-flow\"><figure class=\"wp-block-image size-full is-resized\"><img loading=\"lazy\" decoding=\"async\" width=\"195\" height=\"168\" src=\"https:\/\/positiveprints.com\/wp-content\/uploads\/2024\/03\/clean-to-bring-back-its-shine-icon.png\" alt=\"\" class=\"wp-image-1083179\" style=\"width:104px;height:auto\"\/><\/figure><\/div>\n\n<div class=\"wp-block-column is-vertically-aligned-center is-layout-flow wp-block-column-is-layout-flow\"><p>Wenn dein Schmuck angelaufen ist, reinige diesen am besten mit einem Schmuckpoliertuch oder einem weichen, fusselfreien Tuch.<\/p><\/div><\/div>","protected":false},"excerpt":{"rendered":"<p>Wie pflegst du deinen Positive Prints-Schmuck?Vermeide Wasser und FeuchtigkeitSchmuck ist ein wertvoller Besitz, der die richtige Pflege verdient. Direkter Kontakt mit Wasser \u2013 sei es aus dem Wasserhahn, Schwimmbad oder Meerwasser \u2013 kann sich negativ auf das Aussehen deines Schmucks auswirken. Er kann seinen Glanz verlieren, sich verf\u00e4rben oder stumpf werden. Lege deinen Schmuck daher [&hellip;]<\/p>\n","protected":false},"author":1,"featured_media":0,"parent":0,"menu_order":0,"comment_status":"closed","ping_status":"closed","template":"","meta":{"footnotes":""},"class_list":["post-1480875","page","type-page","status-publish","hentry"],"yoast_head":"<!-- This site is optimized with the Yoast SEO Premium plugin v27.2 (Yoast SEO v27.2) - https:\/\/yoast.com\/product\/yoast-seo-premium-wordpress\/ -->\n<title>Jewelry Care - Positive Prints<\/title>\n<meta name=\"description\" content=\"Jewelry is a precious possession that deserves proper care and maintenance. Ensure the lasting beauty of your treasures.\" \/>\n<meta name=\"robots\" content=\"index, follow, max-snippet:-1, max-image-preview:large, max-video-preview:-1\" \/>\n<link rel=\"canonical\" href=\"https:\/\/positiveprints.com\/de-at\/schmuckpflege\/\" \/>\n<meta property=\"og:locale\" content=\"de_DE\" \/>\n<meta property=\"og:type\" content=\"article\" \/>\n<meta property=\"og:title\" content=\"Jewelry Care\" \/>\n<meta property=\"og:description\" content=\"Wie pflegst du deinen Positive Prints-Schmuck? Vermeide Wasser und Feuchtigkeit Schmuck ist ein wertvoller Besitz, der die richtige Pflege verdient.\" \/>\n<meta property=\"og:url\" content=\"https:\/\/positiveprints.com\/de-at\/schmuckpflege\/\" \/>\n<meta property=\"og:site_name\" content=\"Positive Prints\" \/>\n<meta property=\"article:publisher\" content=\"https:\/\/www.facebook.com\/positiveprintscom\" \/>\n<meta property=\"article:modified_time\" content=\"2025-07-30T21:33:25+00:00\" \/>\n<meta property=\"og:image\" content=\"https:\/\/positiveprints.com\/wp-content\/uploads\/2024\/03\/avoid-water-and-humidity-icon.png\" \/>\n<meta name=\"twitter:card\" content=\"summary_large_image\" \/>\n<meta name=\"twitter:label1\" content=\"Gesch\u00e4tzte Lesezeit\" \/>\n\t<meta name=\"twitter:data1\" content=\"3 Minuten\" \/>\n<!-- \/ Yoast SEO Premium plugin. -->","yoast_head_json":{"title":"Jewelry Care - Positive Prints","description":"Jewelry is a precious possession that deserves proper care and maintenance. Ensure the lasting beauty of your treasures.","robots":{"index":"index","follow":"follow","max-snippet":"max-snippet:-1","max-image-preview":"max-image-preview:large","max-video-preview":"max-video-preview:-1"},"canonical":"https:\/\/positiveprints.com\/de-at\/schmuckpflege\/","og_locale":"de_DE","og_type":"article","og_title":"Jewelry Care","og_description":"Wie pflegst du deinen Positive Prints-Schmuck? Vermeide Wasser und Feuchtigkeit Schmuck ist ein wertvoller Besitz, der die richtige Pflege verdient.","og_url":"https:\/\/positiveprints.com\/de-at\/schmuckpflege\/","og_site_name":"Positive Prints","article_publisher":"https:\/\/www.facebook.com\/positiveprintscom","article_modified_time":"2025-07-30T21:33:25+00:00","og_image":[{"url":"https:\/\/positiveprints.com\/wp-content\/uploads\/2024\/03\/avoid-water-and-humidity-icon.png","type":"","width":"","height":""}],"twitter_card":"summary_large_image","twitter_misc":{"Gesch\u00e4tzte Lesezeit":"3 Minuten"},"schema":{"@context":"https:\/\/schema.org","@graph":[{"@type":"WebPage","@id":"https:\/\/positiveprints.com\/de-at\/schmuckpflege\/","url":"https:\/\/positiveprints.com\/de-at\/schmuckpflege\/","name":"Jewelry Care - Positive Prints","isPartOf":{"@id":"https:\/\/positiveprints.com\/de-at\/#website"},"primaryImageOfPage":{"@id":"https:\/\/positiveprints.com\/de-at\/schmuckpflege\/#primaryimage"},"image":{"@id":"https:\/\/positiveprints.com\/de-at\/schmuckpflege\/#primaryimage"},"thumbnailUrl":"https:\/\/positiveprints.com\/wp-content\/uploads\/2024\/03\/avoid-water-and-humidity-icon.png","datePublished":"2023-11-16T06:14:54+00:00","dateModified":"2025-07-30T21:33:25+00:00","description":"Jewelry is a precious possession that deserves proper care and maintenance. Ensure the lasting beauty of your treasures.","breadcrumb":{"@id":"https:\/\/positiveprints.com\/de-at\/schmuckpflege\/#breadcrumb"},"inLanguage":"de-AT","potentialAction":[{"@type":"ReadAction","target":["https:\/\/positiveprints.com\/de-at\/schmuckpflege\/"]}]},{"@type":"ImageObject","inLanguage":"de-AT","@id":"https:\/\/positiveprints.com\/de-at\/schmuckpflege\/#primaryimage","url":"https:\/\/positiveprints.com\/wp-content\/uploads\/2024\/03\/avoid-water-and-humidity-icon.png","contentUrl":"https:\/\/positiveprints.com\/wp-content\/uploads\/2024\/03\/avoid-water-and-humidity-icon.png"},{"@type":"BreadcrumbList","@id":"https:\/\/positiveprints.com\/de-at\/schmuckpflege\/#breadcrumb","itemListElement":[{"@type":"ListItem","position":1,"name":"Home","item":"https:\/\/positiveprints.com\/de-at\/"},{"@type":"ListItem","position":2,"name":"Jewelry Care"}]},{"@type":"WebSite","@id":"https:\/\/positiveprints.com\/de-at\/#website","url":"https:\/\/positiveprints.com\/de-at\/","name":"Positive Prints","description":"Amazing Custom Personalised Prints","publisher":{"@id":"https:\/\/positiveprints.com\/de-at\/#organization"},"potentialAction":[{"@type":"SearchAction","target":{"@type":"EntryPoint","urlTemplate":"https:\/\/positiveprints.com\/de-at\/?s={search_term_string}"},"query-input":{"@type":"PropertyValueSpecification","valueRequired":true,"valueName":"search_term_string"}}],"inLanguage":"de-AT"},{"@type":"Organization","@id":"https:\/\/positiveprints.com\/de-at\/#organization","name":"Positive Prints","alternateName":"Positive Prints","url":"https:\/\/positiveprints.com\/de-at\/","logo":{"@type":"ImageObject","inLanguage":"de-AT","@id":"https:\/\/positiveprints.com\/de-at\/#\/schema\/logo\/image\/","url":"https:\/\/positiveprints.com\/wp-content\/uploads\/2026\/03\/245815646_1337939713319158_5671353136411139666_n.png","contentUrl":"https:\/\/positiveprints.com\/wp-content\/uploads\/2026\/03\/245815646_1337939713319158_5671353136411139666_n.png","width":800,"height":800,"caption":"Positive Prints"},"image":{"@id":"https:\/\/positiveprints.com\/de-at\/#\/schema\/logo\/image\/"},"sameAs":["https:\/\/www.facebook.com\/positiveprintscom","https:\/\/www.instagram.com\/positiveprintscom\/","https:\/\/www.tiktok.com\/@positiveprintscom","https:\/\/www.pinterest.com\/positiveprintscom\/"]}]}},"jetpack_sharing_enabled":true,"_links":{"self":[{"href":"https:\/\/positiveprints.com\/de-at\/wp-json\/wp\/v2\/pages\/1480875","targetHints":{"allow":["GET"]}}],"collection":[{"href":"https:\/\/positiveprints.com\/de-at\/wp-json\/wp\/v2\/pages"}],"about":[{"href":"https:\/\/positiveprints.com\/de-at\/wp-json\/wp\/v2\/types\/page"}],"author":[{"embeddable":true,"href":"https:\/\/positiveprints.com\/de-at\/wp-json\/wp\/v2\/users\/1"}],"replies":[{"embeddable":true,"href":"https:\/\/positiveprints.com\/de-at\/wp-json\/wp\/v2\/comments?post=1480875"}],"version-history":[{"count":0,"href":"https:\/\/positiveprints.com\/de-at\/wp-json\/wp\/v2\/pages\/1480875\/revisions"}],"wp:attachment":[{"href":"https:\/\/positiveprints.com\/de-at\/wp-json\/wp\/v2\/media?parent=1480875"}],"curies":[{"name":"wp","href":"https:\/\/api.w.org\/{rel}","templated":true}]}}